{"id":1483,"date":"2025-11-12T13:57:24","date_gmt":"2025-11-12T13:57:24","guid":{"rendered":"https:\/\/spinsaharacasino.org\/login-and-registration\/"},"modified":"2025-11-13T09:20:21","modified_gmt":"2025-11-13T09:20:21","slug":"logowanie-i-rejestracja","status":"publish","type":"page","link":"https:\/\/spinsaharacasino.org\/pl\/logowanie-i-rejestracja\/","title":{"rendered":"Logowanie i rejestracja"},"content":{"rendered":"<h1>Logowanie i rejestracja w Spinsahara<\/h1>\n<p>Spinsahara login umo\u017cliwia graczom bezpieczny i nieprzerwany dost\u0119p do swoich kont w dowolnym momencie. Nasza platforma zosta\u0142a stworzona z my\u015bl\u0105 o szybkim, wydajnym i p\u0142ynnym dost\u0119pie, aby zapewni\u0107 szybkie logowanie, b\u0142yskawiczne wp\u0142aty i wyp\u0142aty oraz natychmiastowy dost\u0119p do dost\u0119pnych gier. Dzi\u0119ki szyfrowaniu i weryfikacji u\u017cytkownik\u00f3w Spinsahara gwarantuje bezpiecze\u0144stwo wszystkich sesji logowania i zapewnia profesjonalne, bezproblemowe wra\u017cenia z gry.<\/p>\n<p><div class=\"banner-wrap\" aria-label=\"Banner\"><img src=\"https:\/\/spinsaharacasino.org\/wp-content\/uploads\/2025\/12\/Spinsahara-banner-carousel-932\u04454.webp\" class=\"w-100 d-none d-lg-block img-pc main-banner-img\" alt=\"Spinsahara banner desktop\" fetchpriority=\"high\" decoding=\"async\"><img src=\"https:\/\/spinsaharacasino.org\/wp-content\/uploads\/2025\/12\/Frame-35.webp\" class=\"w-100 d-none d-md-block d-lg-none main-banner-img\" alt=\"Spinsahara banner mobile\" fetchpriority=\"high\" decoding=\"async\"><img src=\"https:\/\/spinsaharacasino.org\/wp-content\/uploads\/2025\/12\/Frame-35.webp\" class=\"w-100 d-md-none\" alt=\"Spinsahara banner mobile\" fetchpriority=\"high\" decoding=\"async\"><div class=\"banner-description\">\n<div class=\"banner-title\">Bonusy powitalne<\/div>\n<p class=\"banner-header-title\">1500 \u20ac<\/p>\n<div class=\"banner-header-AdditionalText\">+ 250 Darmowe obroty<\/div>\n<button data-item=\"homepage_banner_link\" class=\"goto m-button m-gradient-border m-button--primary m-button--large banner-button btn-orange\">\n            <div class=\"m-button-content\">\n                <span>Zarejestruj si\u0119 teraz<\/span>\n                <span><\/span>\n            <\/div>\n        <\/button>\n<\/div>\n<div class=\"WelcomePack\">\n<p><img loading=\"lazy\" decoding=\"async\" class=\"alignnone size-full wp-image-1340\" src=\"https:\/\/spinsaharacasino.org\/wp-content\/uploads\/2025\/11\/welcome-crown.svg\" alt=\"crown\" width=\"25\" height=\"26\" \/><\/p>\n<div class=\"WelcomePack-Info\">Cotygodniowy zwrot got\u00f3wki do 25%<\/div>\n<p><img loading=\"lazy\" decoding=\"async\" class=\"alignnone size-full wp-image-1340\" src=\"https:\/\/spinsaharacasino.org\/wp-content\/uploads\/2025\/11\/welcome-crown.svg\" alt=\"crown\" width=\"25\" height=\"26\" \/><\/p>\n<\/div>\n<\/div><div class=\"scrollable-content-wrap my-5\"><div class=\"scrollable-content-inner\"><h2>Jak zarejestrowa\u0107 si\u0119 w Spinsahara<\/h2>\n<p>Rejestracja w Spin Sahara pozwala cieszy\u0107 si\u0119 tysi\u0105cami gier kasynowych, ekskluzywnymi promocjami oraz bezpiecznymi i wygodnymi transakcjami, kt\u00f3re s\u0105 realizowane w rekordowym czasie. Gra w kasynie zajmuje tylko kilka minut. Tak \u0142atwe i szybkie jest to dla Ciebie. Skupienie si\u0119 na bezpiecze\u0144stwie naszych proces\u00f3w zapewnia spok\u00f3j ducha.<\/p>\n<p>Twoje konto zapewnia osobisty pulpit nawigacyjny, w kt\u00f3rym mo\u017cesz wprowadzi\u0107 wszystkie wymagane informacje. Stamt\u0105d mo\u017cesz zarz\u0105dza\u0107 swoimi wp\u0142atami i wyp\u0142atami, otrzymywa\u0107 bonusy i gra\u0107 w gry kasynowe Spinsahara bez \u017cadnych zak\u0142\u00f3ce\u0144, niezale\u017cnie od tego, z jakiego urz\u0105dzenia korzystasz.<\/p>\n<h3>Konfiguracja konta Spinsahara<\/h3>\n<p>Proces rejestracji zajmuje nie wi\u0119cej ni\u017c kilka minut. Nie prosimy Ci\u0119 o podanie wielu danych osobowych \u2013 na pocz\u0105tku potrzebujemy tylko Twojego adresu e-mail i has\u0142a. Aby szybko zarejestrowa\u0107 si\u0119 w Spinsahara, post\u0119puj zgodnie z poni\u017cszymi instrukcjami:<\/p>\n<ol>\n<li>Nale\u017cy odwiedzi\u0107 oficjaln\u0105 stron\u0119 kasyna Spinsahara.<\/li>\n<li>Nast\u0119pnie nale\u017cy wybra\u0107 opcj\u0119 \u201eZarejestruj si\u0119\u201d w prawym g\u00f3rnym rogu strony g\u0142\u00f3wnej.<\/li>\n<li>Nale\u017cy poda\u0107 adres e-mail i utworzy\u0107 has\u0142o.<\/li>\n<li>Wszyscy nasi gracze musz\u0105 potwierdzi\u0107, \u017ce maj\u0105 uko\u0144czone 18 lat i akceptuj\u0105 nasze warunki u\u017cytkowania.<\/li>\n<li>Ostatnim krokiem jest weryfikacja adresu e-mail poprzez klikni\u0119cie w link, kt\u00f3ry otrzymasz.<\/li>\n<\/ol>\n<p>Istnieje r\u00f3wnie\u017c szybsza opcja utworzenia konta po\u0142\u0105czonego z kontem Google. Aby to zrobi\u0107, nale\u017cy klikn\u0105\u0107 link \u201eGoogle\u201d w formularzu rejestracyjnym.<\/p>\n<h2>Jak zalogowa\u0107 si\u0119 i zarz\u0105dza\u0107 kontem Spin Sahara<\/h2>\n<p>Proces logowania do Spinsahara nie zajmie du\u017co czasu, ale przyniesie Ci wiele korzy\u015bci. Nast\u0119pnie mo\u017cesz gra\u0107 na prawdziwe pieni\u0105dze i bra\u0107 udzia\u0142 w turniejach. Aby proces logowania do Spinsahara przebieg\u0142 sprawnie, zapoznaj si\u0119 z poni\u017cszymi instrukcjami:<\/p>\n<ol>\n<li>Aby zalogowa\u0107 si\u0119 na swoje konto, odwied\u017a stron\u0119 g\u0142\u00f3wn\u0105 kasyna Spinsahara.<\/li>\n<li>Nast\u0119pnie kliknij przycisk \u201eZaloguj si\u0119\u201d u g\u00f3ry strony.<\/li>\n<li>Nast\u0119pnie wpisz adres e-mail i has\u0142o u\u017cyte podczas rejestracji i kliknij \u201eZaloguj si\u0119\u201d, aby uzyska\u0107 dost\u0119p do pulpitu nawigacyjnego swojego konta.<\/li>\n<\/ol>\n<p>Po zalogowaniu si\u0119 mo\u017cesz zarz\u0105dza\u0107 swoim kontem i profilem Spin Sahara. Masz przegl\u0105d transakcji na koncie i historii bonus\u00f3w. Poza tym mo\u017cesz tutaj aktywowa\u0107 promocje, dostosowa\u0107 ustawienia konta i skontaktowa\u0107 si\u0119 z naszym wieloj\u0119zycznym dzia\u0142em obs\u0142ugi klienta za po\u015brednictwem czatu na \u017cywo i poczty elektronicznej, je\u015bli masz jakie\u015b pytania.<\/p>\n<p>Je\u015bli jednak nie masz dost\u0119pu do swojego konta Spinsahara, kliknij przycisk \u201eNie pami\u0119tasz has\u0142a?\u201d na stronie logowania Spinsahara. B\u0119dziesz wtedy m\u00f3g\u0142 wprowadzi\u0107 sw\u00f3j adres e-mail, a my wy\u015blemy Ci bezpieczny link do zresetowania has\u0142a. Aby uzyska\u0107 pomoc w odzyskaniu has\u0142a, wy\u015blij e-mail lub skontaktuj si\u0119 na czacie z naszym zespo\u0142em pomocy technicznej, dost\u0119pnym 24 godziny na dob\u0119, 7 dni w tygodniu w wi\u0119kszo\u015bci j\u0119zyk\u00f3w.<\/p>\n<h2>Weryfikacja konta Spinsahara<\/h2>\n<p>Aby zapewni\u0107 zgodno\u015b\u0107 weryfikacji z przepisami licencyjnymi oraz bezpiecze\u0144stwo transakcji, w kasynie Spin Sahara stosujemy surowe standardy dotycz\u0105ce \u015brodowiska gier. Przestrzeganie tych przepis\u00f3w, w tym warunk\u00f3w licencyjnych, jest obowi\u0105zkowe. W celu weryfikacji gracz mo\u017ce by\u0107 poproszony o dostarczenie nast\u0119puj\u0105cych dokument\u00f3w:<\/p>\n<table>\n<tbody>\n<tr>\n<td>Wymagany dokument<\/td>\n<td>Szczeg\u00f3\u0142y<\/td>\n<\/tr>\n<tr>\n<td>Dokument to\u017csamo\u015bci wydany przez organ rz\u0105dowy<\/td>\n<td>S\u0142u\u017cy do potwierdzenia to\u017csamo\u015bci i wieku (paszport, dow\u00f3d osobisty lub prawo jazdy).<\/td>\n<\/tr>\n<tr>\n<td>Dow\u00f3d adresu<\/td>\n<td>Aktualny rachunek za media lub wyci\u0105g z konta bankowego (wystawiony w ci\u0105gu ostatnich 3 miesi\u0119cy) w celu potwierdzenia miejsca zamieszkania.<\/td>\n<\/tr>\n<tr>\n<td>Weryfikacja metody p\u0142atno\u015bci<\/td>\n<td>Potwierdza w\u0142asno\u015b\u0107 metody wp\u0142aty (np. zrzut ekranu lub zdj\u0119cie u\u017cywanej karty\/portfela elektronicznego).<\/td>\n<\/tr>\n<\/tbody>\n<\/table>\n<p>Nasi mened\u017cerowie sprawdz\u0105 przes\u0142ane dokumenty w ci\u0105gu 48 godzin. Po zako\u0144czeniu procesu weryfikacji wszystkie transakcje i dzia\u0142ania na koncie s\u0105 chronione przez zaawansowane \u015brodki bezpiecze\u0144stwa wdro\u017cone przez kasyno Spinsahara.<\/p>\n<h2>FAQ<\/h2>\n<h3>Jak utworzy\u0107 nowe konto w Spin Sahara?<\/h3>\n<p>Aby utworzy\u0107 konto, nale\u017cy klikn\u0105\u0107 przycisk \u201eZarejestruj si\u0119\u201d na stronie g\u0142\u00f3wnej i post\u0119powa\u0107 zgodnie z instrukcjami. Proces ten zajmuje nie wi\u0119cej ni\u017c kilka minut i otwiera dost\u0119p do wszystkich funkcji platformy.<\/p>\n<h3>Co zrobi\u0107, je\u015bli nie mog\u0119 zalogowa\u0107 si\u0119 na swoje konto?<\/h3>\n<p>Przede wszystkim upewnij si\u0119, \u017ce adres e-mail i has\u0142o u\u017cywane do logowania s\u0105 prawid\u0142owe. Je\u015bli nie pami\u0119tasz has\u0142a, mo\u017cesz skorzysta\u0107 z opcji \u201eNie pami\u0119tasz has\u0142a?\u201d znajduj\u0105cej si\u0119 tu\u017c pod danymi logowania do Spinsahara. Aby uzyska\u0107 dalsz\u0105 pomoc, skontaktuj si\u0119 z naszym zespo\u0142em pomocy technicznej za po\u015brednictwem czatu na \u017cywo lub poczty elektronicznej.<\/p>\n<h3>Dlaczego jestem proszony o weryfikacj\u0119 konta?<\/h3>\n<p>To\u017csamo\u015b\u0107 u\u017cytkownika i ochrona wszystkich transakcji pieni\u0119\u017cnych w serwisie Spinsahara Casino to dwa wymogi, kt\u00f3rych musimy przestrzega\u0107. Jest to wymagane w celu wsparcia \u201eWarunk\u00f3w u\u017cytkowania\u201d dla wszystkich graczy, zapewnienia zgodno\u015bci z wymogami licencyjnymi i kontroli wszystkich system\u00f3w.<\/p>\n<h3>Czy mog\u0119 zmieni\u0107 swoj\u0105 nazw\u0119 u\u017cytkownika lub zarejestrowany adres e-mail?<\/h3>\n<p>Na swoim koncie osobistym masz mo\u017cliwo\u015b\u0107 zmiany wszystkich danych osobowych i p\u0142atniczych, w tym nazwy u\u017cytkownika i adresu e-mail. Zajmie to kilka minut, a Twoje konto pozostanie bezpieczne.<\/p>\n<\/div><\/div><\/p>\n","protected":false},"excerpt":{"rendered":"<p>Logowanie i rejestracja w Spinsahara Spinsahara login umo\u017cliwia graczom bezpieczny i nieprzerwany dost\u0119p do swoich kont w dowolnym momencie. Nasza platforma zosta\u0142a stworzona z my\u015bl\u0105 o szybkim, wydajnym i p\u0142ynnym dost\u0119pie, aby zapewni\u0107 szybkie logowanie, b\u0142yskawiczne wp\u0142aty i wyp\u0142aty oraz natychmiastowy dost\u0119p do dost\u0119pnych gier. Dzi\u0119ki szyfrowaniu i weryfikacji u\u017cytkownik\u00f3w Spinsahara gwarantuje bezpiecze\u0144stwo wszystkich sesji [&hellip;]<\/p>\n","protected":false},"author":1,"featured_media":0,"parent":0,"menu_order":0,"comment_status":"closed","ping_status":"closed","template":"template-builder.php","meta":{"_acf_changed":false,"inline_featured_image":false,"footnotes":""},"class_list":["post-1483","page","type-page","status-publish","hentry"],"acf":[],"yoast_head":"<!-- This site is optimized with the Yoast SEO plugin v27.3 - https:\/\/yoast.com\/product\/yoast-seo-wordpress\/ -->\n<title>Spinsahara login i rejestracja konta<\/title>\n<meta name=\"description\" content=\"Utw\u00f3rz Spin Sahara login i zacznij gra\u0107. Nowi u\u017cytkownicy mog\u0105 zarejestrowa\u0107 si\u0119 w kilka sekund, a powracaj\u0105cy gracze mog\u0105 si\u0119 zalogowa\u0107, aby zarz\u0105dza\u0107 swoim profilem, zako\u0144czy\u0107 weryfikacj\u0119 i bezpiecznie uzyska\u0107 dost\u0119p do swojego konta.\" \/>\n<meta name=\"robots\" content=\"index, follow, max-snippet:-1, max-image-preview:large, max-video-preview:-1\" \/>\n<link rel=\"canonical\" href=\"https:\/\/spinsaharacasino.org\/pl\/logowanie-i-rejestracja\/\" \/>\n<meta property=\"og:locale\" content=\"pl_PL\" \/>\n<meta property=\"og:type\" content=\"article\" \/>\n<meta property=\"og:title\" content=\"Spinsahara login i rejestracja konta\" \/>\n<meta property=\"og:description\" content=\"Utw\u00f3rz Spin Sahara login i zacznij gra\u0107. Nowi u\u017cytkownicy mog\u0105 zarejestrowa\u0107 si\u0119 w kilka sekund, a powracaj\u0105cy gracze mog\u0105 si\u0119 zalogowa\u0107, aby zarz\u0105dza\u0107 swoim profilem, zako\u0144czy\u0107 weryfikacj\u0119 i bezpiecznie uzyska\u0107 dost\u0119p do swojego konta.\" \/>\n<meta property=\"og:url\" content=\"https:\/\/spinsaharacasino.org\/pl\/logowanie-i-rejestracja\/\" \/>\n<meta property=\"og:site_name\" content=\"spinsahara\" \/>\n<meta property=\"article:modified_time\" content=\"2025-11-13T09:20:21+00:00\" \/>\n<meta name=\"twitter:card\" content=\"summary_large_image\" \/>\n<meta name=\"twitter:label1\" content=\"Est. reading time\" \/>\n\t<meta name=\"twitter:data1\" content=\"1 minute\" \/>\n<script type=\"application\/ld+json\" class=\"yoast-schema-graph\">{\"@context\":\"https:\\\/\\\/schema.org\",\"@graph\":[{\"@type\":\"WebPage\",\"@id\":\"https:\\\/\\\/spinsaharacasino.org\\\/pl\\\/logowanie-i-rejestracja\\\/\",\"url\":\"https:\\\/\\\/spinsaharacasino.org\\\/pl\\\/logowanie-i-rejestracja\\\/\",\"name\":\"Spinsahara login i rejestracja konta\",\"isPartOf\":{\"@id\":\"https:\\\/\\\/spinsaharacasino.org\\\/pl\\\/#website\"},\"datePublished\":\"2025-11-12T13:57:24+00:00\",\"dateModified\":\"2025-11-13T09:20:21+00:00\",\"description\":\"Utw\u00f3rz Spin Sahara login i zacznij gra\u0107. Nowi u\u017cytkownicy mog\u0105 zarejestrowa\u0107 si\u0119 w kilka sekund, a powracaj\u0105cy gracze mog\u0105 si\u0119 zalogowa\u0107, aby zarz\u0105dza\u0107 swoim profilem, zako\u0144czy\u0107 weryfikacj\u0119 i bezpiecznie uzyska\u0107 dost\u0119p do swojego konta.\",\"breadcrumb\":{\"@id\":\"https:\\\/\\\/spinsaharacasino.org\\\/pl\\\/logowanie-i-rejestracja\\\/#breadcrumb\"},\"inLanguage\":\"pl-PL\",\"potentialAction\":[{\"@type\":\"ReadAction\",\"target\":[\"https:\\\/\\\/spinsaharacasino.org\\\/pl\\\/logowanie-i-rejestracja\\\/\"]}]},{\"@type\":\"BreadcrumbList\",\"@id\":\"https:\\\/\\\/spinsaharacasino.org\\\/pl\\\/logowanie-i-rejestracja\\\/#breadcrumb\",\"itemListElement\":[{\"@type\":\"ListItem\",\"position\":1,\"name\":\"Spinsahara\",\"item\":\"https:\\\/\\\/spinsaharacasino.org\\\/pl\\\/\"},{\"@type\":\"ListItem\",\"position\":2,\"name\":\"Logowanie i rejestracja\"}]},{\"@type\":\"WebSite\",\"@id\":\"https:\\\/\\\/spinsaharacasino.org\\\/pl\\\/#website\",\"url\":\"https:\\\/\\\/spinsaharacasino.org\\\/pl\\\/\",\"name\":\"Spinsahara\",\"description\":\"\",\"publisher\":{\"@id\":\"https:\\\/\\\/spinsaharacasino.org\\\/pl\\\/#organization\"},\"potentialAction\":[{\"@type\":\"SearchAction\",\"target\":{\"@type\":\"EntryPoint\",\"urlTemplate\":\"https:\\\/\\\/spinsaharacasino.org\\\/pl\\\/?s={search_term_string}\"},\"query-input\":{\"@type\":\"PropertyValueSpecification\",\"valueRequired\":true,\"valueName\":\"search_term_string\"}}],\"inLanguage\":\"pl-PL\"},{\"@type\":\"Organization\",\"@id\":\"https:\\\/\\\/spinsaharacasino.org\\\/pl\\\/#organization\",\"name\":\"Spinsahara\",\"url\":\"https:\\\/\\\/spinsaharacasino.org\\\/pl\\\/\",\"logo\":{\"@type\":\"ImageObject\",\"inLanguage\":\"pl-PL\",\"@id\":\"https:\\\/\\\/spinsaharacasino.org\\\/pl\\\/#\\\/schema\\\/logo\\\/image\\\/\",\"url\":\"https:\\\/\\\/spinsaharacasino.org\\\/wp-content\\\/uploads\\\/2025\\\/11\\\/logo.svg\",\"contentUrl\":\"https:\\\/\\\/spinsaharacasino.org\\\/wp-content\\\/uploads\\\/2025\\\/11\\\/logo.svg\",\"width\":160,\"height\":31,\"caption\":\"Spinsahara\"},\"image\":{\"@id\":\"https:\\\/\\\/spinsaharacasino.org\\\/pl\\\/#\\\/schema\\\/logo\\\/image\\\/\"}}]}<\/script>\n<!-- \/ Yoast SEO plugin. -->","yoast_head_json":{"title":"Spinsahara login i rejestracja konta","description":"Utw\u00f3rz Spin Sahara login i zacznij gra\u0107. Nowi u\u017cytkownicy mog\u0105 zarejestrowa\u0107 si\u0119 w kilka sekund, a powracaj\u0105cy gracze mog\u0105 si\u0119 zalogowa\u0107, aby zarz\u0105dza\u0107 swoim profilem, zako\u0144czy\u0107 weryfikacj\u0119 i bezpiecznie uzyska\u0107 dost\u0119p do swojego konta.","robots":{"index":"index","follow":"follow","max-snippet":"max-snippet:-1","max-image-preview":"max-image-preview:large","max-video-preview":"max-video-preview:-1"},"canonical":"https:\/\/spinsaharacasino.org\/pl\/logowanie-i-rejestracja\/","og_locale":"pl_PL","og_type":"article","og_title":"Spinsahara login i rejestracja konta","og_description":"Utw\u00f3rz Spin Sahara login i zacznij gra\u0107. Nowi u\u017cytkownicy mog\u0105 zarejestrowa\u0107 si\u0119 w kilka sekund, a powracaj\u0105cy gracze mog\u0105 si\u0119 zalogowa\u0107, aby zarz\u0105dza\u0107 swoim profilem, zako\u0144czy\u0107 weryfikacj\u0119 i bezpiecznie uzyska\u0107 dost\u0119p do swojego konta.","og_url":"https:\/\/spinsaharacasino.org\/pl\/logowanie-i-rejestracja\/","og_site_name":"spinsahara","article_modified_time":"2025-11-13T09:20:21+00:00","twitter_card":"summary_large_image","twitter_misc":{"Est. reading time":"1 minute"},"schema":{"@context":"https:\/\/schema.org","@graph":[{"@type":"WebPage","@id":"https:\/\/spinsaharacasino.org\/pl\/logowanie-i-rejestracja\/","url":"https:\/\/spinsaharacasino.org\/pl\/logowanie-i-rejestracja\/","name":"Spinsahara login i rejestracja konta","isPartOf":{"@id":"https:\/\/spinsaharacasino.org\/pl\/#website"},"datePublished":"2025-11-12T13:57:24+00:00","dateModified":"2025-11-13T09:20:21+00:00","description":"Utw\u00f3rz Spin Sahara login i zacznij gra\u0107. Nowi u\u017cytkownicy mog\u0105 zarejestrowa\u0107 si\u0119 w kilka sekund, a powracaj\u0105cy gracze mog\u0105 si\u0119 zalogowa\u0107, aby zarz\u0105dza\u0107 swoim profilem, zako\u0144czy\u0107 weryfikacj\u0119 i bezpiecznie uzyska\u0107 dost\u0119p do swojego konta.","breadcrumb":{"@id":"https:\/\/spinsaharacasino.org\/pl\/logowanie-i-rejestracja\/#breadcrumb"},"inLanguage":"pl-PL","potentialAction":[{"@type":"ReadAction","target":["https:\/\/spinsaharacasino.org\/pl\/logowanie-i-rejestracja\/"]}]},{"@type":"BreadcrumbList","@id":"https:\/\/spinsaharacasino.org\/pl\/logowanie-i-rejestracja\/#breadcrumb","itemListElement":[{"@type":"ListItem","position":1,"name":"Spinsahara","item":"https:\/\/spinsaharacasino.org\/pl\/"},{"@type":"ListItem","position":2,"name":"Logowanie i rejestracja"}]},{"@type":"WebSite","@id":"https:\/\/spinsaharacasino.org\/pl\/#website","url":"https:\/\/spinsaharacasino.org\/pl\/","name":"Spinsahara","description":"","publisher":{"@id":"https:\/\/spinsaharacasino.org\/pl\/#organization"},"potentialAction":[{"@type":"SearchAction","target":{"@type":"EntryPoint","urlTemplate":"https:\/\/spinsaharacasino.org\/pl\/?s={search_term_string}"},"query-input":{"@type":"PropertyValueSpecification","valueRequired":true,"valueName":"search_term_string"}}],"inLanguage":"pl-PL"},{"@type":"Organization","@id":"https:\/\/spinsaharacasino.org\/pl\/#organization","name":"Spinsahara","url":"https:\/\/spinsaharacasino.org\/pl\/","logo":{"@type":"ImageObject","inLanguage":"pl-PL","@id":"https:\/\/spinsaharacasino.org\/pl\/#\/schema\/logo\/image\/","url":"https:\/\/spinsaharacasino.org\/wp-content\/uploads\/2025\/11\/logo.svg","contentUrl":"https:\/\/spinsaharacasino.org\/wp-content\/uploads\/2025\/11\/logo.svg","width":160,"height":31,"caption":"Spinsahara"},"image":{"@id":"https:\/\/spinsaharacasino.org\/pl\/#\/schema\/logo\/image\/"}}]}},"_links":{"self":[{"href":"https:\/\/spinsaharacasino.org\/pl\/wp-json\/wp\/v2\/pages\/1483","targetHints":{"allow":["GET"]}}],"collection":[{"href":"https:\/\/spinsaharacasino.org\/pl\/wp-json\/wp\/v2\/pages"}],"about":[{"href":"https:\/\/spinsaharacasino.org\/pl\/wp-json\/wp\/v2\/types\/page"}],"author":[{"embeddable":true,"href":"https:\/\/spinsaharacasino.org\/pl\/wp-json\/wp\/v2\/users\/1"}],"replies":[{"embeddable":true,"href":"https:\/\/spinsaharacasino.org\/pl\/wp-json\/wp\/v2\/comments?post=1483"}],"version-history":[{"count":1,"href":"https:\/\/spinsaharacasino.org\/pl\/wp-json\/wp\/v2\/pages\/1483\/revisions"}],"predecessor-version":[{"id":1797,"href":"https:\/\/spinsaharacasino.org\/pl\/wp-json\/wp\/v2\/pages\/1483\/revisions\/1797"}],"wp:attachment":[{"href":"https:\/\/spinsaharacasino.org\/pl\/wp-json\/wp\/v2\/media?parent=1483"}],"curies":[{"name":"wp","href":"https:\/\/api.w.org\/{rel}","templated":true}]}}