{"id":1437,"date":"2025-11-12T13:54:24","date_gmt":"2025-11-12T13:54:24","guid":{"rendered":"https:\/\/spinsaharacasino.org\/app\/"},"modified":"2025-11-13T09:19:10","modified_gmt":"2025-11-13T09:19:10","slug":"aplikacja","status":"publish","type":"page","link":"https:\/\/spinsaharacasino.org\/pl\/aplikacja\/","title":{"rendered":"Aplikacja"},"content":{"rendered":"<h1>Aplikacja kasyna Spinsahara<\/h1>\n<p>Spinsahara app to \u0142atwe w u\u017cyciu oprogramowanie mobilne, kt\u00f3re pozwala cieszy\u0107 si\u0119 p\u0142ynn\u0105 rozgrywk\u0105 w kasynie w dowolnym miejscu i czasie. Nasze kasyno mobilne i stacjonarne oferuje tysi\u0105ce automat\u00f3w online i innych gier kasynowych. Mo\u017cesz r\u00f3wnie\u017c cieszy\u0107 si\u0119 grami z krupierem na \u017cywo ze swoimi przyjaci\u00f3\u0142mi.<\/p>\n<p>Szybkie i stabilne transakcje to natychmiastowa zmiana w grze. Nie ma znaczenia, czy masz urz\u0105dzenie z systemem Android, iOS, Windows czy Mac. Aplikacja Spinsahara zapewnia nieprzerwan\u0105 rozgrywk\u0119, wydajn\u0105 nawigacj\u0119 i pe\u0142ne zarz\u0105dzanie kontem, gdziekolwiek jeste\u015b.<\/p>\n<div class=\"banner-wrap\" aria-label=\"Banner\"><img src=\"https:\/\/spinsaharacasino.org\/wp-content\/uploads\/2025\/12\/Spinsahara-banner-carousel-932\u04454.webp\" class=\"w-100 d-none d-lg-block img-pc main-banner-img\" alt=\"Spinsahara banner desktop\" fetchpriority=\"high\" decoding=\"async\"><img src=\"https:\/\/spinsaharacasino.org\/wp-content\/uploads\/2025\/12\/Frame-35.webp\" class=\"w-100 d-none d-md-block d-lg-none main-banner-img\" alt=\"Spinsahara banner mobile\" fetchpriority=\"high\" decoding=\"async\"><img src=\"https:\/\/spinsaharacasino.org\/wp-content\/uploads\/2025\/12\/Frame-35.webp\" class=\"w-100 d-md-none\" alt=\"Spinsahara banner mobile\" fetchpriority=\"high\" decoding=\"async\"><div class=\"banner-description\">\n<div class=\"banner-title\">Bonusy powitalne<\/div>\n<p class=\"banner-header-title\">1500 \u20ac<\/p>\n<div class=\"banner-header-AdditionalText\">+ 250 Darmowe obroty<\/div>\n<button data-item=\"homepage_banner_link\" class=\"goto m-button m-gradient-border m-button--primary m-button--large banner-button btn-orange\">\n            <div class=\"m-button-content\">\n                <span>Zarejestruj si\u0119 teraz<\/span>\n                <span><\/span>\n            <\/div>\n        <\/button>\n<\/div>\n<div class=\"WelcomePack\">\n<p><img loading=\"lazy\" decoding=\"async\" class=\"alignnone size-full wp-image-1340\" src=\"https:\/\/spinsaharacasino.org\/wp-content\/uploads\/2025\/11\/welcome-crown.svg\" alt=\"crown\" width=\"25\" height=\"26\" \/><\/p>\n<div class=\"WelcomePack-Info\">Cotygodniowy zwrot got\u00f3wki do 25%<\/div>\n<p><img loading=\"lazy\" decoding=\"async\" class=\"alignnone size-full wp-image-1340\" src=\"https:\/\/spinsaharacasino.org\/wp-content\/uploads\/2025\/11\/welcome-crown.svg\" alt=\"crown\" width=\"25\" height=\"26\" \/><\/p>\n<\/div>\n<\/div>\n<h2>Zabierz kasyno Spinsahara ze sob\u0105<\/h2>\n<p>Aplikacja Spinsahara zapewnia elastyczno\u015b\u0107 i wydajno\u015b\u0107 mobilnego kasyna w zasi\u0119gu r\u0119ki. Chocia\u017c wersja na komputery PC jest skonfigurowana z my\u015bl\u0105 o bardziej tradycyjnym do\u015bwiadczeniu kasynowym, aplikacja mobilna jest zoptymalizowana pod k\u0105tem szybko\u015bci, dost\u0119pno\u015bci i wygody gry w podr\u00f3\u017cy. Oto jasne por\u00f3wnanie aplikacji mobilnej Spin Sahara z wersj\u0105 na komputery PC:<\/p>\n<table>\n<tbody>\n<tr>\n<td>Funkcja<\/td>\n<td>Aplikacja<\/td>\n<td>Wersja na komputery PC<\/td>\n<\/tr>\n<tr>\n<td>Wydajno\u015b\u0107<\/td>\n<td>Ulepszona pod k\u0105tem szybkiego dost\u0119pu i wydajno\u015bci w sieciach kom\u00f3rkowych. Zu\u017cywa mniej danych bez utraty jako\u015bci.<\/td>\n<td>Zale\u017cy od szybko\u015bci Internetu i specyfikacji systemu. Dzia\u0142a stabilnie, ale mo\u017ce wymaga\u0107 wi\u0119kszej przepustowo\u015bci.<\/td>\n<\/tr>\n<tr>\n<td>Dost\u0119pno\u015b\u0107<\/td>\n<td>Dzi\u0119ki aplikacji wszystkie gry, wp\u0142aty got\u00f3wkowe i wyp\u0142aty s\u0105 dost\u0119pne natychmiast, w dowolnym miejscu i czasie.<\/td>\n<td>Mniejsza przeno\u015bno\u015b\u0107, poniewa\u017c wymaga komputera i stabilnego po\u0142\u0105czenia internetowego.<\/td>\n<\/tr>\n<tr>\n<td>Interfejs u\u017cytkownika<\/td>\n<td>Stworzony specjalnie dla ekran\u00f3w dotykowych, kt\u00f3re s\u0105 \u0142atwiejsze w u\u017cyciu i umo\u017cliwiaj\u0105 szybk\u0105 zmian\u0119 ustawie\u0144 menu.<\/td>\n<td>Zapewnia jeszcze wi\u0119kszy ekran z bardziej skomplikowanymi projektami i obrazami.<\/td>\n<\/tr>\n<tr>\n<td>Wygoda<\/td>\n<td>Wszystkie elementy, w tym gry, p\u0142atno\u015bci i wsparcie techniczne, s\u0105 po\u0142\u0105czone w jednej kompaktowej platformie.<\/td>\n<td>Jest to idealne rozwi\u0105zanie do d\u0142u\u017cszych sesji gier i wielozadaniowo\u015bci na wi\u0119kszym wy\u015bwietlaczu.<\/td>\n<\/tr>\n<tr>\n<td>Powiadomienia<\/td>\n<td>Otrzymuj powiadomienia o dost\u0119pnych bonusach, promocjach i aktualizacjach na Twoim koncie.<\/td>\n<td>Nie ma automatycznych powiadomie\u0144 push. Gracze musz\u0105 r\u0119cznie sprawdza\u0107 swoje konta.<\/td>\n<\/tr>\n<tr>\n<td>Grafika i wy\u015bwietlanie<\/td>\n<td>Responsywno\u015b\u0107 na mniejszych ekranach i nieco mniejsza szczeg\u00f3\u0142owo\u015b\u0107 s\u0105 w porz\u0105dku. P\u0142ynne animacje na urz\u0105dzeniach z ma\u0142ymi ekranami s\u0105 animowane.<\/td>\n<td>Wy\u017csza rozdzielczo\u015b\u0107 i pe\u0142na szczeg\u00f3\u0142owo\u015b\u0107 graficzna na wi\u0119kszych monitorach.<\/td>\n<\/tr>\n<tr>\n<td>Wykorzystanie danych<\/td>\n<td>Jest wydajna, a po\u0142\u0105czenia mobilne s\u0105 starannie zaprojektowane, aby zu\u017cywa\u0107 mniej danych.<\/td>\n<td>Podczas grania i streamowania na wi\u0119kszym ekranie dane gry s\u0105 przesy\u0142ane w celu odpowiedniego renderowania grafiki dla danego rozmiaru.<\/td>\n<\/tr>\n<\/tbody>\n<\/table>\n<p>Aplikacja Spinsahara pozwala gra\u0107 w ulubione gry kasynowe w dowolnym miejscu. Dzi\u0119ki wydajnej pracy, bezpiecznemu dost\u0119powi i informacjom w czasie rzeczywistym ta aplikacja jest niezb\u0119dna do grania na urz\u0105dzeniach mobilnych.<\/p>\n<p><div style=\"clear: both\"><\/div><div class=\"d-flex justify-content-center\"><button data-item=\"decouvrez_link\" data-group=\"website_links\" class=\"goto fw-bold rounded-pill btn btn-orange\" aria-label=\"Pobierz aplikacj\u0119 Spinsahara\" >Pobierz aplikacj\u0119 Spinsahara<\/button><\/div><div class=\"scrollable-content-wrap my-5\"><div class=\"scrollable-content-inner\"><h2>Pobierz aplikacj\u0119 na Androida<\/h2>\n<p>Wersja Spinsahara Casino na Androida oferuje tak\u0105 sam\u0105 jako\u015b\u0107 jak wersja na komputery stacjonarne. Mo\u017cesz uzyska\u0107 bezpieczn\u0105, szybk\u0105 i cz\u0119sto aktualizowan\u0105 progresywn\u0105 aplikacj\u0119 internetow\u0105 na Androida bez konieczno\u015bci przesy\u0142ania nieznanych plik\u00f3w APK Spinsahara. Aby mie\u0107 Spin Sahara na swoim urz\u0105dzeniu z Androidem, post\u0119puj zgodnie z poni\u017cszymi instrukcjami:<\/p>\n<ol>\n<li>Otw\u00f3rz przegl\u0105dark\u0119 mobiln\u0105 i przejd\u017a do oficjalnej strony.<\/li>\n<li>Przejd\u017a do stopki strony na ko\u0144cu ekranu.<\/li>\n<li>Kliknij przycisk \u201eAplikacja kasyna\u201d, a instalacja rozpocznie si\u0119 automatycznie.<\/li>\n<li>Otw\u00f3rz aplikacj\u0119, zaloguj si\u0119 i mo\u017cesz zacz\u0105\u0107 gra\u0107.<\/li>\n<\/ol>\n<p>Pami\u0119taj, aby zawsze instalowa\u0107 mobilne kasyno z oficjalnej strony, aby zapewni\u0107 bezpiecze\u0144stwo swoich danych prywatnych. Je\u015bli napotkasz jakiekolwiek problemy z instalacj\u0105 lub og\u00f3lnie z aplikacj\u0105, zawsze mo\u017cesz skontaktowa\u0107 si\u0119 z naszym zespo\u0142em pomocy technicznej za po\u015brednictwem czatu na \u017cywo lub poczty elektronicznej.<\/p>\n<p><img loading=\"lazy\" decoding=\"async\" src=\"https:\/\/spinsaharacasino.org\/wp-content\/uploads\/2025\/11\/Spinsahara-Android-App.webp\" alt=\"Spinsahara Android App\" width=\"1248\" height=\"536\" \/><\/p>\n<\/div><\/div><div style=\"clear: both\"><\/div><div class=\"d-flex justify-content-center\"><button data-item=\"decouvrez_link\" data-group=\"website_links\" class=\"goto fw-bold rounded-pill btn btn-orange\" aria-label=\"Pobierz Spinsahara\" >Pobierz Spinsahara<\/button><\/div><div class=\"scrollable-content-wrap my-5\"><div class=\"scrollable-content-inner\"><h2>Aplikacja Spinsahara na iOS<\/h2>\n<p>Nie zapomnieli\u015bmy o wszystkich naszych graczach korzystaj\u0105cych z iPhone&#8217;\u00f3w i iPad\u00f3w. Uzyskasz dost\u0119p do wszystkich dost\u0119pnych funkcji, w tym gier, bonus\u00f3w, turniej\u00f3w, wyp\u0142at po procesie weryfikacji, obs\u0142ugi klienta i wielu innych. Oto jak przenie\u015b\u0107 kasyno Spinsahara na ekran g\u0142\u00f3wny urz\u0105dzenia z systemem iOS:<\/p>\n<ol>\n<li>Otw\u00f3rz przegl\u0105dark\u0119 Safari na swoim urz\u0105dzeniu Apple.<\/li>\n<li>Przejd\u017a do oficjalnej strony internetowej.<\/li>\n<li>Naci\u015bnij ikon\u0119 udost\u0119pniania (znajduj\u0105c\u0105 si\u0119 na dole ekranu).<\/li>\n<li>Przewi\u0144 w d\u00f3\u0142 i wybierz \u201eDodaj do ekranu g\u0142\u00f3wnego\u201d.<\/li>\n<li>Naci\u015bnij \u201eDodaj\u201d, aby potwierdzi\u0107.<\/li>\n<\/ol>\n<p>Nast\u0119pnie ikona aplikacji Spin Sahara pojawi si\u0119 na ekranie g\u0142\u00f3wnym, tak jak w przypadku aplikacji natywnej. Mo\u017cesz j\u0105 klikn\u0105\u0107 w dowolnym momencie, aby uruchomi\u0107 pe\u0142n\u0105 wersj\u0119 gry.<\/p>\n<p><img loading=\"lazy\" decoding=\"async\" src=\"https:\/\/spinsaharacasino.org\/wp-content\/uploads\/2025\/11\/Spinsahara-iOS-App.webp\" alt=\"Spinsahara iOS App\" width=\"1248\" height=\"536\" \/><\/p>\n<\/div><\/div><div style=\"clear: both\"><\/div><div class=\"d-flex justify-content-center\"><button data-item=\"decouvrez_link\" data-group=\"website_links\" class=\"goto fw-bold rounded-pill btn btn-orange\" aria-label=\"Pobierz aplikacj\u0119 Spinsahara\" >Pobierz aplikacj\u0119 Spinsahara<\/button><\/div><div class=\"scrollable-content-wrap my-5\"><div class=\"scrollable-content-inner\"><h2>Aplikacja Spin Sahara Casino na Windows i Mac<\/h2>\n<p>Dzi\u0119ki Spinsahara Twoje ulubione gry s\u0105 teraz bardziej dost\u0119pne ni\u017c kiedykolwiek. Ciesz si\u0119 szybkimi wyp\u0142atami, bonusami w formie gier, natychmiastowym dost\u0119pem do bonus\u00f3w i nieograniczon\u0105 rozgrywk\u0105 podczas ekscytuj\u0105cych turniej\u00f3w. Wszystkie atrakcje s\u0105 prostsze i bardziej wydajne w Spinsahara.<\/p>\n<p>Kroki instalacji Spinsahara na komputerze z systemem Windows lub Mac:<\/p>\n<ol>\n<li>Otw\u00f3rz dowoln\u0105 przegl\u0105dark\u0119 na komputerze.<\/li>\n<li>Wejd\u017a na oficjaln\u0105 stron\u0119 internetow\u0105.<\/li>\n<li>W ustawieniach przegl\u0105darki znajd\u017a opcj\u0119 \u201eDodaj do ekranu g\u0142\u00f3wnego\u201d.<\/li>\n<li>Potwierd\u017a dzia\u0142ania, a ikona kasyna pojawi si\u0119 na ekranie g\u0142\u00f3wnym.<\/li>\n<\/ol>\n<p>Po zako\u0144czeniu instalacji aplikacja Spinsahara b\u0119dzie dost\u0119pna na pulpicie lub w menu Start, gdzie mo\u017cna j\u0105 otworzy\u0107 jednym klikni\u0119ciem. Mo\u017cesz przypi\u0105\u0107 aplikacj\u0119 do paska zada\u0144, aby uzyska\u0107 jeszcze \u0142atwiejszy dost\u0119p do najcz\u0119\u015bciej granych gier.<img loading=\"lazy\" decoding=\"async\" src=\"https:\/\/spinsaharacasino.org\/wp-content\/uploads\/2025\/11\/Spinsahara-Desktop-App.webp\" alt=\"Spinsahara Desktop App\" width=\"1248\" height=\"536\" \/><\/p>\n<\/div><\/div><div style=\"clear: both\"><\/div><div class=\"d-flex justify-content-center\"><button data-item=\"decouvrez_link\" data-group=\"website_links\" class=\"goto fw-bold rounded-pill btn btn-orange\" aria-label=\"Pobierz Spinsahara\" >Pobierz Spinsahara<\/button><\/div><div class=\"scrollable-content-wrap my-5\"><div class=\"scrollable-content-inner\"><h2>FAQ<\/h2>\n<h3>Na jakie urz\u0105dzenia mog\u0119 pobra\u0107 aplikacj\u0119 kasyna Spinsahara?<\/h3>\n<p>Aplikacja Spinsahara jest kompatybilna z r\u00f3\u017cnymi urz\u0105dzeniami i systemami operacyjnymi. Mo\u017cna j\u0105 pobra\u0107 na telefony i tablety z systemem Android i iOS, niezale\u017cnie od wersji. Poza tym mo\u017cna z niej korzysta\u0107 na komputerach z systemem Windows i macOS. Ka\u017cda wersja zapewnia nieograniczony dost\u0119p do aplikacji i gier kasynowych na \u017cywo.<\/p>\n<h3>Jak pobra\u0107 i zainstalowa\u0107 aplikacj\u0119 na moim iPhonie lub iPadzie?<\/h3>\n<p>Aby pobra\u0107 aplikacj\u0119 Spinsahara Casino na iPhone&#8217;a lub iPada, otw\u00f3rz przegl\u0105dark\u0119 Safari i wejd\u017a na oficjaln\u0105 stron\u0119 internetow\u0105. Po otwarciu strony wybierz przycisk \u201eUdost\u0119pnij\u201d u do\u0142u ekranu, przewi\u0144 w d\u00f3\u0142 i wybierz \u201eDodaj do ekranu g\u0142\u00f3wnego\u201d. Teraz na ekranie g\u0142\u00f3wnym pojawi si\u0119 ikona skr\u00f3tu, dzi\u0119ki kt\u00f3rej b\u0119dziesz mie\u0107 dost\u0119p do kasyna w dowolnym momencie, tak jakby by\u0142a to natywna aplikacja.<\/p>\n<h3>Czy mog\u0119 pobra\u0107 aplikacj\u0119 bezpo\u015brednio ze strony internetowej Spin Sahara?<\/h3>\n<p>Oprogramowanie mobilne jest dost\u0119pne na oficjalnej stronie internetowej. Post\u0119puj zgodnie z dost\u0119pnym przewodnikiem, aby bezpiecznie zainstalowa\u0107 aplikacj\u0119 na swoim urz\u0105dzeniu. Po zako\u0144czeniu procesu wszystkie gry, kasyno na \u017cywo i funkcje zarz\u0105dzania kontem b\u0119d\u0105 dost\u0119pne, co pozwoli Ci rozpocz\u0105\u0107 gr\u0119 w ci\u0105gu kilku minut.<\/p>\n<\/div><\/div><\/p>\n","protected":false},"excerpt":{"rendered":"<p>Aplikacja kasyna Spinsahara Spinsahara app to \u0142atwe w u\u017cyciu oprogramowanie mobilne, kt\u00f3re pozwala cieszy\u0107 si\u0119 p\u0142ynn\u0105 rozgrywk\u0105 w kasynie w dowolnym miejscu i czasie. Nasze kasyno mobilne i stacjonarne oferuje tysi\u0105ce automat\u00f3w online i innych gier kasynowych. Mo\u017cesz r\u00f3wnie\u017c cieszy\u0107 si\u0119 grami z krupierem na \u017cywo ze swoimi przyjaci\u00f3\u0142mi. Szybkie i stabilne transakcje to natychmiastowa [&hellip;]<\/p>\n","protected":false},"author":1,"featured_media":0,"parent":0,"menu_order":0,"comment_status":"closed","ping_status":"closed","template":"template-builder.php","meta":{"_acf_changed":false,"inline_featured_image":false,"footnotes":""},"class_list":["post-1437","page","type-page","status-publish","hentry"],"acf":[],"yoast_head":"<!-- This site is optimized with the Yoast SEO plugin v27.3 - https:\/\/yoast.com\/product\/yoast-seo-wordpress\/ -->\n<title>Spinsahara Casino App | Pobierz na iOS i Androida<\/title>\n<meta name=\"description\" content=\"Uzyskaj dost\u0119p do wszystkich swoich ulubionych gier, gdziekolwiek jeste\u015b. Dzi\u0119ki app Spin Sahara Casino na iOS i Androida Twoje ulubione sloty i gry sto\u0142owe s\u0105 zawsze na wyci\u0105gni\u0119cie r\u0119ki.\" \/>\n<meta name=\"robots\" content=\"index, follow, max-snippet:-1, max-image-preview:large, max-video-preview:-1\" \/>\n<link rel=\"canonical\" href=\"https:\/\/spinsaharacasino.org\/pl\/aplikacja\/\" \/>\n<meta property=\"og:locale\" content=\"pl_PL\" \/>\n<meta property=\"og:type\" content=\"article\" \/>\n<meta property=\"og:title\" content=\"Spinsahara Casino App | Pobierz na iOS i Androida\" \/>\n<meta property=\"og:description\" content=\"Uzyskaj dost\u0119p do wszystkich swoich ulubionych gier, gdziekolwiek jeste\u015b. Dzi\u0119ki app Spin Sahara Casino na iOS i Androida Twoje ulubione sloty i gry sto\u0142owe s\u0105 zawsze na wyci\u0105gni\u0119cie r\u0119ki.\" \/>\n<meta property=\"og:url\" content=\"https:\/\/spinsaharacasino.org\/pl\/aplikacja\/\" \/>\n<meta property=\"og:site_name\" content=\"spinsahara\" \/>\n<meta property=\"article:modified_time\" content=\"2025-11-13T09:19:10+00:00\" \/>\n<meta name=\"twitter:card\" content=\"summary_large_image\" \/>\n<meta name=\"twitter:label1\" content=\"Est. reading time\" \/>\n\t<meta name=\"twitter:data1\" content=\"2 minutes\" \/>\n<script type=\"application\/ld+json\" class=\"yoast-schema-graph\">{\"@context\":\"https:\\\/\\\/schema.org\",\"@graph\":[{\"@type\":\"WebPage\",\"@id\":\"https:\\\/\\\/spinsaharacasino.org\\\/pl\\\/aplikacja\\\/\",\"url\":\"https:\\\/\\\/spinsaharacasino.org\\\/pl\\\/aplikacja\\\/\",\"name\":\"Spinsahara Casino App | Pobierz na iOS i Androida\",\"isPartOf\":{\"@id\":\"https:\\\/\\\/spinsaharacasino.org\\\/pl\\\/#website\"},\"datePublished\":\"2025-11-12T13:54:24+00:00\",\"dateModified\":\"2025-11-13T09:19:10+00:00\",\"description\":\"Uzyskaj dost\u0119p do wszystkich swoich ulubionych gier, gdziekolwiek jeste\u015b. Dzi\u0119ki app Spin Sahara Casino na iOS i Androida Twoje ulubione sloty i gry sto\u0142owe s\u0105 zawsze na wyci\u0105gni\u0119cie r\u0119ki.\",\"breadcrumb\":{\"@id\":\"https:\\\/\\\/spinsaharacasino.org\\\/pl\\\/aplikacja\\\/#breadcrumb\"},\"inLanguage\":\"pl-PL\",\"potentialAction\":[{\"@type\":\"ReadAction\",\"target\":[\"https:\\\/\\\/spinsaharacasino.org\\\/pl\\\/aplikacja\\\/\"]}]},{\"@type\":\"BreadcrumbList\",\"@id\":\"https:\\\/\\\/spinsaharacasino.org\\\/pl\\\/aplikacja\\\/#breadcrumb\",\"itemListElement\":[{\"@type\":\"ListItem\",\"position\":1,\"name\":\"Spinsahara\",\"item\":\"https:\\\/\\\/spinsaharacasino.org\\\/pl\\\/\"},{\"@type\":\"ListItem\",\"position\":2,\"name\":\"Aplikacja\"}]},{\"@type\":\"WebSite\",\"@id\":\"https:\\\/\\\/spinsaharacasino.org\\\/pl\\\/#website\",\"url\":\"https:\\\/\\\/spinsaharacasino.org\\\/pl\\\/\",\"name\":\"Spinsahara\",\"description\":\"\",\"publisher\":{\"@id\":\"https:\\\/\\\/spinsaharacasino.org\\\/pl\\\/#organization\"},\"potentialAction\":[{\"@type\":\"SearchAction\",\"target\":{\"@type\":\"EntryPoint\",\"urlTemplate\":\"https:\\\/\\\/spinsaharacasino.org\\\/pl\\\/?s={search_term_string}\"},\"query-input\":{\"@type\":\"PropertyValueSpecification\",\"valueRequired\":true,\"valueName\":\"search_term_string\"}}],\"inLanguage\":\"pl-PL\"},{\"@type\":\"Organization\",\"@id\":\"https:\\\/\\\/spinsaharacasino.org\\\/pl\\\/#organization\",\"name\":\"Spinsahara\",\"url\":\"https:\\\/\\\/spinsaharacasino.org\\\/pl\\\/\",\"logo\":{\"@type\":\"ImageObject\",\"inLanguage\":\"pl-PL\",\"@id\":\"https:\\\/\\\/spinsaharacasino.org\\\/pl\\\/#\\\/schema\\\/logo\\\/image\\\/\",\"url\":\"https:\\\/\\\/spinsaharacasino.org\\\/wp-content\\\/uploads\\\/2025\\\/11\\\/logo.svg\",\"contentUrl\":\"https:\\\/\\\/spinsaharacasino.org\\\/wp-content\\\/uploads\\\/2025\\\/11\\\/logo.svg\",\"width\":160,\"height\":31,\"caption\":\"Spinsahara\"},\"image\":{\"@id\":\"https:\\\/\\\/spinsaharacasino.org\\\/pl\\\/#\\\/schema\\\/logo\\\/image\\\/\"}}]}<\/script>\n<!-- \/ Yoast SEO plugin. -->","yoast_head_json":{"title":"Spinsahara Casino App | Pobierz na iOS i Androida","description":"Uzyskaj dost\u0119p do wszystkich swoich ulubionych gier, gdziekolwiek jeste\u015b. Dzi\u0119ki app Spin Sahara Casino na iOS i Androida Twoje ulubione sloty i gry sto\u0142owe s\u0105 zawsze na wyci\u0105gni\u0119cie r\u0119ki.","robots":{"index":"index","follow":"follow","max-snippet":"max-snippet:-1","max-image-preview":"max-image-preview:large","max-video-preview":"max-video-preview:-1"},"canonical":"https:\/\/spinsaharacasino.org\/pl\/aplikacja\/","og_locale":"pl_PL","og_type":"article","og_title":"Spinsahara Casino App | Pobierz na iOS i Androida","og_description":"Uzyskaj dost\u0119p do wszystkich swoich ulubionych gier, gdziekolwiek jeste\u015b. Dzi\u0119ki app Spin Sahara Casino na iOS i Androida Twoje ulubione sloty i gry sto\u0142owe s\u0105 zawsze na wyci\u0105gni\u0119cie r\u0119ki.","og_url":"https:\/\/spinsaharacasino.org\/pl\/aplikacja\/","og_site_name":"spinsahara","article_modified_time":"2025-11-13T09:19:10+00:00","twitter_card":"summary_large_image","twitter_misc":{"Est. reading time":"2 minutes"},"schema":{"@context":"https:\/\/schema.org","@graph":[{"@type":"WebPage","@id":"https:\/\/spinsaharacasino.org\/pl\/aplikacja\/","url":"https:\/\/spinsaharacasino.org\/pl\/aplikacja\/","name":"Spinsahara Casino App | Pobierz na iOS i Androida","isPartOf":{"@id":"https:\/\/spinsaharacasino.org\/pl\/#website"},"datePublished":"2025-11-12T13:54:24+00:00","dateModified":"2025-11-13T09:19:10+00:00","description":"Uzyskaj dost\u0119p do wszystkich swoich ulubionych gier, gdziekolwiek jeste\u015b. Dzi\u0119ki app Spin Sahara Casino na iOS i Androida Twoje ulubione sloty i gry sto\u0142owe s\u0105 zawsze na wyci\u0105gni\u0119cie r\u0119ki.","breadcrumb":{"@id":"https:\/\/spinsaharacasino.org\/pl\/aplikacja\/#breadcrumb"},"inLanguage":"pl-PL","potentialAction":[{"@type":"ReadAction","target":["https:\/\/spinsaharacasino.org\/pl\/aplikacja\/"]}]},{"@type":"BreadcrumbList","@id":"https:\/\/spinsaharacasino.org\/pl\/aplikacja\/#breadcrumb","itemListElement":[{"@type":"ListItem","position":1,"name":"Spinsahara","item":"https:\/\/spinsaharacasino.org\/pl\/"},{"@type":"ListItem","position":2,"name":"Aplikacja"}]},{"@type":"WebSite","@id":"https:\/\/spinsaharacasino.org\/pl\/#website","url":"https:\/\/spinsaharacasino.org\/pl\/","name":"Spinsahara","description":"","publisher":{"@id":"https:\/\/spinsaharacasino.org\/pl\/#organization"},"potentialAction":[{"@type":"SearchAction","target":{"@type":"EntryPoint","urlTemplate":"https:\/\/spinsaharacasino.org\/pl\/?s={search_term_string}"},"query-input":{"@type":"PropertyValueSpecification","valueRequired":true,"valueName":"search_term_string"}}],"inLanguage":"pl-PL"},{"@type":"Organization","@id":"https:\/\/spinsaharacasino.org\/pl\/#organization","name":"Spinsahara","url":"https:\/\/spinsaharacasino.org\/pl\/","logo":{"@type":"ImageObject","inLanguage":"pl-PL","@id":"https:\/\/spinsaharacasino.org\/pl\/#\/schema\/logo\/image\/","url":"https:\/\/spinsaharacasino.org\/wp-content\/uploads\/2025\/11\/logo.svg","contentUrl":"https:\/\/spinsaharacasino.org\/wp-content\/uploads\/2025\/11\/logo.svg","width":160,"height":31,"caption":"Spinsahara"},"image":{"@id":"https:\/\/spinsaharacasino.org\/pl\/#\/schema\/logo\/image\/"}}]}},"_links":{"self":[{"href":"https:\/\/spinsaharacasino.org\/pl\/wp-json\/wp\/v2\/pages\/1437","targetHints":{"allow":["GET"]}}],"collection":[{"href":"https:\/\/spinsaharacasino.org\/pl\/wp-json\/wp\/v2\/pages"}],"about":[{"href":"https:\/\/spinsaharacasino.org\/pl\/wp-json\/wp\/v2\/types\/page"}],"author":[{"embeddable":true,"href":"https:\/\/spinsaharacasino.org\/pl\/wp-json\/wp\/v2\/users\/1"}],"replies":[{"embeddable":true,"href":"https:\/\/spinsaharacasino.org\/pl\/wp-json\/wp\/v2\/comments?post=1437"}],"version-history":[{"count":2,"href":"https:\/\/spinsaharacasino.org\/pl\/wp-json\/wp\/v2\/pages\/1437\/revisions"}],"predecessor-version":[{"id":1796,"href":"https:\/\/spinsaharacasino.org\/pl\/wp-json\/wp\/v2\/pages\/1437\/revisions\/1796"}],"wp:attachment":[{"href":"https:\/\/spinsaharacasino.org\/pl\/wp-json\/wp\/v2\/media?parent=1437"}],"curies":[{"name":"wp","href":"https:\/\/api.w.org\/{rel}","templated":true}]}}