{"id":1482,"date":"2025-11-12T13:57:24","date_gmt":"2025-11-12T13:57:24","guid":{"rendered":"https:\/\/spinsaharacasino.org\/login-and-registration\/"},"modified":"2025-11-13T08:51:38","modified_gmt":"2025-11-13T08:51:38","slug":"accesso-e-registrazione","status":"publish","type":"page","link":"https:\/\/spinsaharacasino.org\/it\/accesso-e-registrazione\/","title":{"rendered":"Accesso e registrazione"},"content":{"rendered":"<h1>Accesso e registrazione a Spinsahara<\/h1>\n<p>Spinsahara login consente ai giocatori di accedere ai propri account in modo sicuro e senza interruzioni in qualsiasi momento. La nostra piattaforma \u00e8 progettata per un accesso rapido, efficiente e senza interruzioni, per fornire accessi veloci, depositi e prelievi rapidi e accesso immediato ai giochi disponibili. Con la crittografia e la verifica dell&#8217;utente, Spinsahara garantisce la sicurezza di tutte le sessioni di accesso e offre un&#8217;esperienza di gioco professionale e senza problemi.<\/p>\n<p><div class=\"banner-wrap\" aria-label=\"Banner\"><img src=\"https:\/\/spinsaharacasino.org\/wp-content\/uploads\/2025\/12\/Spinsahara-banner-carousel-932\u04454.webp\" class=\"w-100 d-none d-lg-block img-pc main-banner-img\" alt=\"Spinsahara banner desktop\" fetchpriority=\"high\" decoding=\"async\"><img src=\"https:\/\/spinsaharacasino.org\/wp-content\/uploads\/2025\/12\/Frame-35.webp\" class=\"w-100 d-none d-md-block d-lg-none main-banner-img\" alt=\"Spinsahara banner mobile\" fetchpriority=\"high\" decoding=\"async\"><img src=\"https:\/\/spinsaharacasino.org\/wp-content\/uploads\/2025\/12\/Frame-35.webp\" class=\"w-100 d-md-none\" alt=\"Spinsahara banner mobile\" fetchpriority=\"high\" decoding=\"async\"><div class=\"banner-description\">\n<div class=\"banner-title\">Bonus di benvenuto<\/div>\n<p class=\"banner-header-title\">1500 \u20ac<\/p>\n<div class=\"banner-header-AdditionalText\">+ 250 Giri Gratuiti<\/div>\n<button data-item=\"homepage_banner_link\" class=\"goto m-button m-gradient-border m-button--primary m-button--large banner-button btn-orange\">\n            <div class=\"m-button-content\">\n                <span>Iscriviti ora<\/span>\n                <span><\/span>\n            <\/div>\n        <\/button>\n<\/div>\n<div class=\"WelcomePack\">\n<p><img loading=\"lazy\" decoding=\"async\" class=\"alignnone size-full wp-image-1340\" src=\"https:\/\/spinsaharacasino.org\/wp-content\/uploads\/2025\/11\/welcome-crown.svg\" alt=\"crown\" width=\"25\" height=\"26\" \/><\/p>\n<div class=\"WelcomePack-Info\">Cashback settimanale fino al 25%<\/div>\n<p><img loading=\"lazy\" decoding=\"async\" class=\"alignnone size-full wp-image-1340\" src=\"https:\/\/spinsaharacasino.org\/wp-content\/uploads\/2025\/11\/welcome-crown.svg\" alt=\"crown\" width=\"25\" height=\"26\" \/><\/p>\n<\/div>\n<\/div><div class=\"scrollable-content-wrap my-5\"><div class=\"scrollable-content-inner\"><h2>Come registrarsi su Spinsahara<\/h2>\n<p>Iscrivendoti a Spin Sahara potrai divertirti con migliaia di giochi da casin\u00f2, promozioni esclusive e transazioni sicure e convenienti, il tutto in tempi record. Giocare a un gioco da casin\u00f2 richiede solo pochi minuti. \u00c8 cos\u00ec facile e veloce che abbiamo reso per te. L&#8217;attenzione alla sicurezza nei nostri processi garantisce la massima tranquillit\u00e0.<\/p>\n<p>Il tuo account fornisce una dashboard personale dove puoi inserire tutte le informazioni richieste. Da l\u00ec, puoi gestire i tuoi depositi e prelievi, ricevere i tuoi bonus e giocare ai giochi di Spinsahara Casino senza interruzioni, indipendentemente dal dispositivo che stai utilizzando.<\/p>\n<h3>Configurazione dell&#8217;account Spinsahara<\/h3>\n<p>Il processo di registrazione richiede solo pochi minuti. Non ti chiediamo di fornire molte informazioni personali: nei primi passaggi sono necessari solo la tua e-mail e la tua password. Puoi seguire le nostre istruzioni qui sotto per registrarti rapidamente su Spinsahara:<\/p>\n<ol>\n<li>Visita il sito web ufficiale di Spinsahara Casino.<\/li>\n<li>Successivamente, gli utenti devono selezionare &#8220;Registrati&#8221; nell&#8217;angolo in alto a destra della homepage.<\/li>\n<li>Devi fornire un indirizzo e-mail e creare una password.<\/li>\n<li>Tutti i nostri giocatori devono dichiarare di avere almeno 18 anni e accettare i nostri termini e condizioni.<\/li>\n<li>L&#8217;ultimo passo \u00e8 verificare il tuo indirizzo e-mail cliccando sul link che riceverai.<\/li>\n<\/ol>\n<p>Esiste anche un&#8217;opzione pi\u00f9 rapida per creare un account collegato al tuo account Google. Per farlo, devi seguire il link &#8220;Google&#8221; nel modulo di registrazione.<\/p>\n<h2>Come accedere e gestire il tuo account Spin Sahara<\/h2>\n<p>Il processo di accesso a Spinsahara non richiede molto tempo, ma ti offrir\u00e0 molti vantaggi. Dopodich\u00e9, potrai giocare con denaro reale e partecipare ai tornei. Puoi leggere le istruzioni riportate di seguito per un processo di accesso a Spinsahara senza intoppi:<\/p>\n<ol>\n<li>Per accedere al tuo account, visita la homepage di Spinsahara Casino.<\/li>\n<li>Quindi clicca sul pulsante &#8220;Accedi&#8221; nella parte superiore della pagina.<\/li>\n<li>Successivamente, inserisci l&#8217;indirizzo e-mail e la password utilizzati al momento della registrazione e clicca su &#8220;Accedi&#8221; per accedere alla dashboard del tuo account.<\/li>\n<\/ol>\n<p>Una volta effettuato l&#8217;accesso, potrai gestire il tuo account e il tuo profilo Spin Sahara. Avrai una panoramica delle transazioni del tuo account e della cronologia dei bonus. Inoltre, qui potrai attivare promozioni, modificare le impostazioni dell&#8217;account e contattare il nostro servizio di assistenza multilingue tramite live chat ed e-mail se hai domande.<\/p>\n<p>Tuttavia, se non riesci ad accedere al tuo account Spinsahara, clicca sul pulsante &#8220;Hai dimenticato la password?&#8221; nella pagina di login di Spinsahara. Potrai quindi inserire il tuo indirizzo e-mail e ti invieremo un link sicuro per reimpostare la tua password. Per assistenza sul recupero della password, invia un&#8217;e-mail o contatta tramite chat il nostro team di assistenza, disponibile 24 ore su 24, 7 giorni su 7, nella maggior parte delle lingue.<\/p>\n<h2>Verifica dell&#8217;account Spinsahara<\/h2>\n<p>Per garantire che la verifica sia conforme alle normative in materia di licenze e supporti transazioni sicure e protette, applichiamo standard rigorosi per gli ambienti di gioco presso Spin Sahara Casino. Il rispetto di queste normative, comprese le condizioni di licenza, \u00e8 obbligatorio. Ai fini della verifica, un giocatore potrebbe dover fornire i seguenti tipi di documenti:<\/p>\n<table>\n<tbody>\n<tr>\n<td>Documento richiesto<\/td>\n<td>Dettagli<\/td>\n<\/tr>\n<tr>\n<td>Un documento di identit\u00e0 rilasciato dal governo<\/td>\n<td>Utilizzato per confermare la tua identit\u00e0 e la tua et\u00e0 (passaporto, carta d&#8217;identit\u00e0 o patente di guida).<\/td>\n<\/tr>\n<tr>\n<td>Prova di residenza<\/td>\n<td>Una bolletta recente o un estratto conto bancario (emesso negli ultimi 3 mesi) per verificare la tua residenza.<\/td>\n<\/tr>\n<tr>\n<td>Verifica del metodo di pagamento<\/td>\n<td>Conferma la titolarit\u00e0 del metodo di deposito (ad esempio, screenshot o foto della carta\/portafoglio elettronico utilizzato).<\/td>\n<\/tr>\n<\/tbody>\n<\/table>\n<p>I nostri responsabili controlleranno i documenti caricati entro 48 ore. Una volta completato il processo di verifica, ogni transazione e tutte le attivit\u00e0 dell&#8217;account sono protette dalle misure di sicurezza avanzate implementate da Spinsahara Casino.<\/p>\n<h2>Domande frequenti<\/h2>\n<h3>Come posso creare un nuovo account su Spin Sahara?<\/h3>\n<p>Per creare un account, \u00e8 necessario cliccare sul pulsante &#8220;Registrati&#8221; nella pagina principale e seguire le istruzioni. Il processo richiede solo pochi minuti e consente di accedere a tutte le funzionalit\u00e0 della piattaforma.<\/p>\n<h3>Cosa devo fare se non riesco ad accedere al mio account?<\/h3>\n<p>Prima di tutto, assicurati che l&#8217;indirizzo e-mail e la password che stai utilizzando per accedere siano corretti. Se non ricordi la password, puoi utilizzare il link &#8220;Hai dimenticato la password?&#8221; appena sotto le informazioni di accesso a Spinsahara. Per ulteriore assistenza, contatta il nostro team di supporto tramite live chat o e-mail.<\/p>\n<h3>Perch\u00e9 mi viene chiesto di verificare il mio account?<\/h3>\n<p>L&#8217;identit\u00e0 dell&#8217;utente e la protezione di tutte le transazioni monetarie sul sito Spinsahara Casino sono i due requisiti che dobbiamo rispettare. Ci\u00f2 \u00e8 necessario per supportare i &#8220;Termini e condizioni&#8221; per tutti i giocatori, garantire la conformit\u00e0 ai requisiti di licenza e tenere sotto controllo tutti i sistemi.<\/p>\n<h3>Posso cambiare il mio nome utente o l&#8217;indirizzo e-mail registrato?<\/h3>\n<p>Nel tuo account personale hai la possibilit\u00e0 di modificare tutte le tue informazioni personali e di pagamento, compreso il nome utente e l&#8217;indirizzo e-mail. Ci vorranno pochi minuti e il tuo account rimarr\u00e0 al sicuro.<\/p>\n<\/div><\/div><\/p>\n","protected":false},"excerpt":{"rendered":"<p>Accesso e registrazione a Spinsahara Spinsahara login consente ai giocatori di accedere ai propri account in modo sicuro e senza interruzioni in qualsiasi momento. La nostra piattaforma \u00e8 progettata per un accesso rapido, efficiente e senza interruzioni, per fornire accessi veloci, depositi e prelievi rapidi e accesso immediato ai giochi disponibili. Con la crittografia e [&hellip;]<\/p>\n","protected":false},"author":1,"featured_media":0,"parent":0,"menu_order":0,"comment_status":"closed","ping_status":"closed","template":"template-builder.php","meta":{"_acf_changed":false,"inline_featured_image":false,"footnotes":""},"class_list":["post-1482","page","type-page","status-publish","hentry"],"acf":[],"yoast_head":"<!-- This site is optimized with the Yoast SEO plugin v27.3 - https:\/\/yoast.com\/product\/yoast-seo-wordpress\/ -->\n<title>Spinsahara login e registrazione dell&#039;account<\/title>\n<meta name=\"description\" content=\"Crea il Spin Sahara login e inizia a giocare. I nuovi utenti possono registrarsi in pochi secondi, mentre i giocatori abituali possono accedere per gestire il proprio profilo, completare la verifica e accedere al proprio account in tutta sicurezza.\" \/>\n<meta name=\"robots\" content=\"index, follow, max-snippet:-1, max-image-preview:large, max-video-preview:-1\" \/>\n<link rel=\"canonical\" href=\"https:\/\/spinsaharacasino.org\/it\/accesso-e-registrazione\/\" \/>\n<meta property=\"og:locale\" content=\"it_IT\" \/>\n<meta property=\"og:type\" content=\"article\" \/>\n<meta property=\"og:title\" content=\"Spinsahara login e registrazione dell&#039;account\" \/>\n<meta property=\"og:description\" content=\"Crea il Spin Sahara login e inizia a giocare. I nuovi utenti possono registrarsi in pochi secondi, mentre i giocatori abituali possono accedere per gestire il proprio profilo, completare la verifica e accedere al proprio account in tutta sicurezza.\" \/>\n<meta property=\"og:url\" content=\"https:\/\/spinsaharacasino.org\/it\/accesso-e-registrazione\/\" \/>\n<meta property=\"og:site_name\" content=\"spinsahara\" \/>\n<meta property=\"article:modified_time\" content=\"2025-11-13T08:51:38+00:00\" \/>\n<meta name=\"twitter:card\" content=\"summary_large_image\" \/>\n<meta name=\"twitter:label1\" content=\"Est. reading time\" \/>\n\t<meta name=\"twitter:data1\" content=\"1 minute\" \/>\n<script type=\"application\/ld+json\" class=\"yoast-schema-graph\">{\"@context\":\"https:\\\/\\\/schema.org\",\"@graph\":[{\"@type\":\"WebPage\",\"@id\":\"https:\\\/\\\/spinsaharacasino.org\\\/it\\\/accesso-e-registrazione\\\/\",\"url\":\"https:\\\/\\\/spinsaharacasino.org\\\/it\\\/accesso-e-registrazione\\\/\",\"name\":\"Spinsahara login e registrazione dell'account\",\"isPartOf\":{\"@id\":\"https:\\\/\\\/spinsaharacasino.org\\\/it\\\/#website\"},\"datePublished\":\"2025-11-12T13:57:24+00:00\",\"dateModified\":\"2025-11-13T08:51:38+00:00\",\"description\":\"Crea il Spin Sahara login e inizia a giocare. I nuovi utenti possono registrarsi in pochi secondi, mentre i giocatori abituali possono accedere per gestire il proprio profilo, completare la verifica e accedere al proprio account in tutta sicurezza.\",\"breadcrumb\":{\"@id\":\"https:\\\/\\\/spinsaharacasino.org\\\/it\\\/accesso-e-registrazione\\\/#breadcrumb\"},\"inLanguage\":\"it-IT\",\"potentialAction\":[{\"@type\":\"ReadAction\",\"target\":[\"https:\\\/\\\/spinsaharacasino.org\\\/it\\\/accesso-e-registrazione\\\/\"]}]},{\"@type\":\"BreadcrumbList\",\"@id\":\"https:\\\/\\\/spinsaharacasino.org\\\/it\\\/accesso-e-registrazione\\\/#breadcrumb\",\"itemListElement\":[{\"@type\":\"ListItem\",\"position\":1,\"name\":\"Spinsahara\",\"item\":\"https:\\\/\\\/spinsaharacasino.org\\\/it\\\/\"},{\"@type\":\"ListItem\",\"position\":2,\"name\":\"Accesso e registrazione\"}]},{\"@type\":\"WebSite\",\"@id\":\"https:\\\/\\\/spinsaharacasino.org\\\/it\\\/#website\",\"url\":\"https:\\\/\\\/spinsaharacasino.org\\\/it\\\/\",\"name\":\"Spinsahara\",\"description\":\"\",\"publisher\":{\"@id\":\"https:\\\/\\\/spinsaharacasino.org\\\/it\\\/#organization\"},\"potentialAction\":[{\"@type\":\"SearchAction\",\"target\":{\"@type\":\"EntryPoint\",\"urlTemplate\":\"https:\\\/\\\/spinsaharacasino.org\\\/it\\\/?s={search_term_string}\"},\"query-input\":{\"@type\":\"PropertyValueSpecification\",\"valueRequired\":true,\"valueName\":\"search_term_string\"}}],\"inLanguage\":\"it-IT\"},{\"@type\":\"Organization\",\"@id\":\"https:\\\/\\\/spinsaharacasino.org\\\/it\\\/#organization\",\"name\":\"Spinsahara\",\"url\":\"https:\\\/\\\/spinsaharacasino.org\\\/it\\\/\",\"logo\":{\"@type\":\"ImageObject\",\"inLanguage\":\"it-IT\",\"@id\":\"https:\\\/\\\/spinsaharacasino.org\\\/it\\\/#\\\/schema\\\/logo\\\/image\\\/\",\"url\":\"https:\\\/\\\/spinsaharacasino.org\\\/wp-content\\\/uploads\\\/2025\\\/11\\\/logo.svg\",\"contentUrl\":\"https:\\\/\\\/spinsaharacasino.org\\\/wp-content\\\/uploads\\\/2025\\\/11\\\/logo.svg\",\"width\":160,\"height\":31,\"caption\":\"Spinsahara\"},\"image\":{\"@id\":\"https:\\\/\\\/spinsaharacasino.org\\\/it\\\/#\\\/schema\\\/logo\\\/image\\\/\"}}]}<\/script>\n<!-- \/ Yoast SEO plugin. -->","yoast_head_json":{"title":"Spinsahara login e registrazione dell'account","description":"Crea il Spin Sahara login e inizia a giocare. I nuovi utenti possono registrarsi in pochi secondi, mentre i giocatori abituali possono accedere per gestire il proprio profilo, completare la verifica e accedere al proprio account in tutta sicurezza.","robots":{"index":"index","follow":"follow","max-snippet":"max-snippet:-1","max-image-preview":"max-image-preview:large","max-video-preview":"max-video-preview:-1"},"canonical":"https:\/\/spinsaharacasino.org\/it\/accesso-e-registrazione\/","og_locale":"it_IT","og_type":"article","og_title":"Spinsahara login e registrazione dell'account","og_description":"Crea il Spin Sahara login e inizia a giocare. I nuovi utenti possono registrarsi in pochi secondi, mentre i giocatori abituali possono accedere per gestire il proprio profilo, completare la verifica e accedere al proprio account in tutta sicurezza.","og_url":"https:\/\/spinsaharacasino.org\/it\/accesso-e-registrazione\/","og_site_name":"spinsahara","article_modified_time":"2025-11-13T08:51:38+00:00","twitter_card":"summary_large_image","twitter_misc":{"Est. reading time":"1 minute"},"schema":{"@context":"https:\/\/schema.org","@graph":[{"@type":"WebPage","@id":"https:\/\/spinsaharacasino.org\/it\/accesso-e-registrazione\/","url":"https:\/\/spinsaharacasino.org\/it\/accesso-e-registrazione\/","name":"Spinsahara login e registrazione dell'account","isPartOf":{"@id":"https:\/\/spinsaharacasino.org\/it\/#website"},"datePublished":"2025-11-12T13:57:24+00:00","dateModified":"2025-11-13T08:51:38+00:00","description":"Crea il Spin Sahara login e inizia a giocare. I nuovi utenti possono registrarsi in pochi secondi, mentre i giocatori abituali possono accedere per gestire il proprio profilo, completare la verifica e accedere al proprio account in tutta sicurezza.","breadcrumb":{"@id":"https:\/\/spinsaharacasino.org\/it\/accesso-e-registrazione\/#breadcrumb"},"inLanguage":"it-IT","potentialAction":[{"@type":"ReadAction","target":["https:\/\/spinsaharacasino.org\/it\/accesso-e-registrazione\/"]}]},{"@type":"BreadcrumbList","@id":"https:\/\/spinsaharacasino.org\/it\/accesso-e-registrazione\/#breadcrumb","itemListElement":[{"@type":"ListItem","position":1,"name":"Spinsahara","item":"https:\/\/spinsaharacasino.org\/it\/"},{"@type":"ListItem","position":2,"name":"Accesso e registrazione"}]},{"@type":"WebSite","@id":"https:\/\/spinsaharacasino.org\/it\/#website","url":"https:\/\/spinsaharacasino.org\/it\/","name":"Spinsahara","description":"","publisher":{"@id":"https:\/\/spinsaharacasino.org\/it\/#organization"},"potentialAction":[{"@type":"SearchAction","target":{"@type":"EntryPoint","urlTemplate":"https:\/\/spinsaharacasino.org\/it\/?s={search_term_string}"},"query-input":{"@type":"PropertyValueSpecification","valueRequired":true,"valueName":"search_term_string"}}],"inLanguage":"it-IT"},{"@type":"Organization","@id":"https:\/\/spinsaharacasino.org\/it\/#organization","name":"Spinsahara","url":"https:\/\/spinsaharacasino.org\/it\/","logo":{"@type":"ImageObject","inLanguage":"it-IT","@id":"https:\/\/spinsaharacasino.org\/it\/#\/schema\/logo\/image\/","url":"https:\/\/spinsaharacasino.org\/wp-content\/uploads\/2025\/11\/logo.svg","contentUrl":"https:\/\/spinsaharacasino.org\/wp-content\/uploads\/2025\/11\/logo.svg","width":160,"height":31,"caption":"Spinsahara"},"image":{"@id":"https:\/\/spinsaharacasino.org\/it\/#\/schema\/logo\/image\/"}}]}},"_links":{"self":[{"href":"https:\/\/spinsaharacasino.org\/it\/wp-json\/wp\/v2\/pages\/1482","targetHints":{"allow":["GET"]}}],"collection":[{"href":"https:\/\/spinsaharacasino.org\/it\/wp-json\/wp\/v2\/pages"}],"about":[{"href":"https:\/\/spinsaharacasino.org\/it\/wp-json\/wp\/v2\/types\/page"}],"author":[{"embeddable":true,"href":"https:\/\/spinsaharacasino.org\/it\/wp-json\/wp\/v2\/users\/1"}],"replies":[{"embeddable":true,"href":"https:\/\/spinsaharacasino.org\/it\/wp-json\/wp\/v2\/comments?post=1482"}],"version-history":[{"count":2,"href":"https:\/\/spinsaharacasino.org\/it\/wp-json\/wp\/v2\/pages\/1482\/revisions"}],"predecessor-version":[{"id":1742,"href":"https:\/\/spinsaharacasino.org\/it\/wp-json\/wp\/v2\/pages\/1482\/revisions\/1742"}],"wp:attachment":[{"href":"https:\/\/spinsaharacasino.org\/it\/wp-json\/wp\/v2\/media?parent=1482"}],"curies":[{"name":"wp","href":"https:\/\/api.w.org\/{rel}","templated":true}]}}