{"id":1435,"date":"2025-11-12T13:54:24","date_gmt":"2025-11-12T13:54:24","guid":{"rendered":"https:\/\/spinsaharacasino.org\/app\/"},"modified":"2025-11-13T08:50:01","modified_gmt":"2025-11-13T08:50:01","slug":"applicazione","status":"publish","type":"page","link":"https:\/\/spinsaharacasino.org\/it\/applicazione\/","title":{"rendered":"Applicazione"},"content":{"rendered":"<h1>Applicazione Spinsahara Casino<\/h1>\n<p>Spinsahara App \u00e8 un software mobile facile da usare che ti consente di goderti giochi da casin\u00f2 senza interruzioni, sempre e ovunque. Il nostro casin\u00f2 mobile e desktop offre migliaia di slot online e altri giochi da casin\u00f2. Puoi anche divertirti con i giochi con croupier dal vivo insieme ai tuoi amici.<\/p>\n<p>Transazioni veloci e stabili sono un fattore determinante. Non importa se hai un dispositivo Android, iOS, Windows o Mac. L&#8217;app Spinsahara offre un gameplay senza interruzioni, una navigazione efficiente e una gestione completa dell&#8217;account, ovunque ti trovi.<\/p>\n<div class=\"banner-wrap\" aria-label=\"Banner\"><img src=\"https:\/\/spinsaharacasino.org\/wp-content\/uploads\/2025\/12\/Spinsahara-banner-carousel-932\u04454.webp\" class=\"w-100 d-none d-lg-block img-pc main-banner-img\" alt=\"Spinsahara banner desktop\" fetchpriority=\"high\" decoding=\"async\"><img src=\"https:\/\/spinsaharacasino.org\/wp-content\/uploads\/2025\/12\/Frame-35.webp\" class=\"w-100 d-none d-md-block d-lg-none main-banner-img\" alt=\"Spinsahara banner mobile\" fetchpriority=\"high\" decoding=\"async\"><img src=\"https:\/\/spinsaharacasino.org\/wp-content\/uploads\/2025\/12\/Frame-35.webp\" class=\"w-100 d-md-none\" alt=\"Spinsahara banner mobile\" fetchpriority=\"high\" decoding=\"async\"><div class=\"banner-description\">\n<div class=\"banner-title\">Bonus di benvenuto<\/div>\n<p class=\"banner-header-title\">1500 \u20ac<\/p>\n<div class=\"banner-header-AdditionalText\">+ 250 Giri Gratuiti<\/div>\n<button data-item=\"homepage_banner_link\" class=\"goto m-button m-gradient-border m-button--primary m-button--large banner-button btn-orange\">\n            <div class=\"m-button-content\">\n                <span>Iscriviti ora<\/span>\n                <span><\/span>\n            <\/div>\n        <\/button>\n<\/div>\n<div class=\"WelcomePack\">\n<p><img loading=\"lazy\" decoding=\"async\" class=\"alignnone size-full wp-image-1340\" src=\"https:\/\/spinsaharacasino.org\/wp-content\/uploads\/2025\/11\/welcome-crown.svg\" alt=\"crown\" width=\"25\" height=\"26\" \/><\/p>\n<div class=\"WelcomePack-Info\">Cashback settimanale fino al 25%<\/div>\n<p><img loading=\"lazy\" decoding=\"async\" class=\"alignnone size-full wp-image-1340\" src=\"https:\/\/spinsaharacasino.org\/wp-content\/uploads\/2025\/11\/welcome-crown.svg\" alt=\"crown\" width=\"25\" height=\"26\" \/><\/p>\n<\/div>\n<\/div>\n<h2>Porta Spinsahara Casino sempre con te<\/h2>\n<p>L&#8217;app Spinsahara ti offre la flessibilit\u00e0 e le prestazioni di un casin\u00f2 mobile. Sebbene la versione per PC sia configurata per un&#8217;esperienza di casin\u00f2 pi\u00f9 tradizionale, l&#8217;app mobile \u00e8 ottimizzata per la velocit\u00e0, l&#8217;accessibilit\u00e0 e la comodit\u00e0 di gioco in movimento. Ecco un chiaro confronto tra l&#8217;app mobile Spin Sahara e la versione per PC:<\/p>\n<table>\n<tbody>\n<tr>\n<td>Caratteristica<\/td>\n<td>App<\/td>\n<td>Versione PC<\/td>\n<\/tr>\n<tr>\n<td>Prestazioni<\/td>\n<td>Migliorata per un accesso rapido e prestazioni ottimizzate sulle reti mobili. Utilizza meno dati senza perdere in qualit\u00e0.<\/td>\n<td>Varia in base alla velocit\u00e0 di Internet e alle specifiche del sistema. Sono disponibili prestazioni stabili, ma potrebbe essere necessaria una larghezza di banda maggiore.<\/td>\n<\/tr>\n<tr>\n<td>Accessibilit\u00e0<\/td>\n<td>Con l&#8217;app, tutti i giochi, i depositi in contanti e i prelievi sono accessibili istantaneamente, ovunque e in qualsiasi momento.<\/td>\n<td>Meno portatile, poich\u00e9 richiede un computer e una connessione Internet stabile.<\/td>\n<\/tr>\n<tr>\n<td>Interfaccia utente<\/td>\n<td>Realizzata appositamente per i touch screen, che sono pi\u00f9 facili da usare e consentono rapide regolazioni del menu.<\/td>\n<td>Offre uno schermo ancora pi\u00f9 grande con disegni e immagini pi\u00f9 complessi.<\/td>\n<\/tr>\n<tr>\n<td>Comodit\u00e0<\/td>\n<td>Ogni elemento, compresi i giochi, i pagamenti e l&#8217;assistenza, \u00e8 consolidato in un&#8217;unica piattaforma compatta.<\/td>\n<td>Questo \u00e8 perfetto per sessioni di gioco pi\u00f9 lunghe e multitasking su uno schermo pi\u00f9 grande.<\/td>\n<\/tr>\n<tr>\n<td>Notifiche<\/td>\n<td>Ricevi avvisi ogni volta che sono disponibili bonus, promozioni e aggiornamenti sul tuo account.<\/td>\n<td>Non ci sono notifiche push automatiche. I giocatori devono controllare manualmente questi account.<\/td>\n<\/tr>\n<tr>\n<td>Grafica e display<\/td>\n<td>Risponde bene agli schermi pi\u00f9 piccoli e i dettagli leggermente inferiori vanno bene. Le animazioni fluide sui dispositivi con schermo piccolo sono animate.<\/td>\n<td>Risoluzione pi\u00f9 alta e dettagli grafici completi su monitor pi\u00f9 grandi.<\/td>\n<\/tr>\n<tr>\n<td>Utilizzo dei dati<\/td>\n<td>\u00c8 efficiente e le connessioni mobili sono progettate in modo da utilizzare meno dati.<\/td>\n<td>Quando si gioca e si esegue lo streaming su uno schermo pi\u00f9 grande, i dati di gioco fluiscono per rendere la grafica in modo appropriato per quelle dimensioni.<\/td>\n<\/tr>\n<\/tbody>\n<\/table>\n<p>L&#8217;app Spinsahara ti consente di giocare ai tuoi giochi da casin\u00f2 preferiti ovunque ti trovi. Con le sue prestazioni efficienti, l&#8217;accesso sicuro e le informazioni in tempo reale, questa app \u00e8 un must per il gioco mobile.<\/p>\n<p><div style=\"clear: both\"><\/div><div class=\"d-flex justify-content-center\"><button data-item=\"decouvrez_link\" data-group=\"website_links\" class=\"goto fw-bold rounded-pill btn btn-orange\" aria-label=\"Scarica l&#039;app Spinsahara\" >Scarica l&#039;app Spinsahara<\/button><\/div><div class=\"scrollable-content-wrap my-5\"><div class=\"scrollable-content-inner\"><h2>Scarica l&#8217;app per Android<\/h2>\n<p>La versione Android di Spinsahara Casino offre la stessa esperienza di qualit\u00e0 della versione desktop. Puoi ottenere un&#8217;app web progressiva sicura, veloce e aggiornata frequentemente per Android senza caricare alcun file APK Spinsahara sconosciuto. Per avere Spin Sahara sul tuo Android, segui le istruzioni riportate di seguito:<\/p>\n<ol>\n<li>Apri il browser del tuo dispositivo mobile e vai al sito ufficiale.<\/li>\n<li>Naviga fino al pi\u00e8 di pagina del sito web alla fine dello schermo.<\/li>\n<li>Clicca sul pulsante &#8220;App Casin\u00f2&#8221; e l&#8217;installazione inizier\u00e0 automaticamente.<\/li>\n<li>Apri l&#8217;app, effettua il login e ora puoi iniziare a giocare.<\/li>\n<\/ol>\n<p>Ricordati sempre di installare il casin\u00f2 mobile dal sito ufficiale per mantenere al sicuro i tuoi dati privati. Se riscontri problemi con l&#8217;installazione o con l&#8217;app in generale, puoi sempre contattare il nostro team di assistenza tramite live chat o e-mail.<\/p>\n<p><img loading=\"lazy\" decoding=\"async\" src=\"https:\/\/spinsaharacasino.org\/wp-content\/uploads\/2025\/11\/Spinsahara-Android-App.webp\" alt=\"Spinsahara Android App\" width=\"1248\" height=\"536\" \/><\/p>\n<\/div><\/div><div style=\"clear: both\"><\/div><div class=\"d-flex justify-content-center\"><button data-item=\"decouvrez_link\" data-group=\"website_links\" class=\"goto fw-bold rounded-pill btn btn-orange\" aria-label=\"Scarica Spinsahara\" >Scarica Spinsahara<\/button><\/div><div class=\"scrollable-content-wrap my-5\"><div class=\"scrollable-content-inner\"><h2>Applicazione Spinsahara per iOS<\/h2>\n<p>Non abbiamo dimenticato tutti i nostri giocatori con iPhone e iPad. Avrai accesso a tutte le funzioni disponibili, inclusi giochi, bonus, tornei, prelievi dopo il processo di verifica, assistenza clienti e molto altro ancora. Ecco come aggiungere Spinsahara Casino alla schermata iniziale del tuo dispositivo iOS:<\/p>\n<ol>\n<li>Apri Safari sul tuo dispositivo Apple.<\/li>\n<li>Vai al sito web ufficiale.<\/li>\n<li>Tocca l&#8217;icona Condividi (situata nella parte inferiore dello schermo).<\/li>\n<li>Scorri verso il basso e seleziona &#8220;Aggiungi alla schermata Home&#8221;.<\/li>\n<li>Tocca &#8220;Aggiungi&#8221; per confermare.<\/li>\n<\/ol>\n<p>Dopodich\u00e9, l&#8217;icona dell&#8217;app Spin Sahara apparir\u00e0 sulla schermata iniziale, proprio come un&#8217;app nativa. Puoi toccarla in qualsiasi momento per avviare l&#8217;esperienza di gioco completa.<\/p>\n<p><img loading=\"lazy\" decoding=\"async\" src=\"https:\/\/spinsaharacasino.org\/wp-content\/uploads\/2025\/11\/Spinsahara-iOS-App.webp\" alt=\"Spinsahara iOS App\" width=\"1248\" height=\"536\" \/><\/p>\n<\/div><\/div><div style=\"clear: both\"><\/div><div class=\"d-flex justify-content-center\"><button data-item=\"decouvrez_link\" data-group=\"website_links\" class=\"goto fw-bold rounded-pill btn btn-orange\" aria-label=\"Scarica l&#039;app Spinsahara\" >Scarica l&#039;app Spinsahara<\/button><\/div><div class=\"scrollable-content-wrap my-5\"><div class=\"scrollable-content-inner\"><h2>App per Windows e Mac per Spin Sahara Casino<\/h2>\n<p>I giochi che ami di pi\u00f9 sono ora pi\u00f9 accessibili che mai con Spinsahara. Goditi tempi di prelievo rapidi, assegnazioni di bonus gamificate, accesso immediato ai bonus e gameplay illimitato durante tornei emozionanti. Tutte le tue attrazioni sono pi\u00f9 semplici ed efficienti su Spinsahara.<\/p>\n<p>Passaggi per installare Spinsahara su Windows o Mac:<\/p>\n<ol>\n<li>Apri il browser che preferisci sul tuo PC.<\/li>\n<li>Accedi al sito web ufficiale.<\/li>\n<li>Nelle impostazioni del tuo browser, trova l&#8217;opzione &#8220;Aggiungi alla schermata Home&#8221;.<\/li>\n<li>Conferma le azioni e l&#8217;icona del casin\u00f2 apparir\u00e0 sulla tua schermata iniziale.<\/li>\n<\/ol>\n<p>Una volta completata l&#8217;installazione, l&#8217;app Spinsahara sar\u00e0 disponibile sul desktop o nel menu Start per l&#8217;apertura con un solo clic. Puoi aggiungere l&#8217;app alla barra delle applicazioni per accedere ancora pi\u00f9 facilmente ai tuoi giochi preferiti.<\/p>\n<p><img loading=\"lazy\" decoding=\"async\" src=\"https:\/\/spinsaharacasino.org\/wp-content\/uploads\/2025\/11\/Spinsahara-Desktop-App.webp\" alt=\"Spinsahara Desktop App\" width=\"1248\" height=\"536\" \/><\/p>\n<\/div><\/div><div style=\"clear: both\"><\/div><div class=\"d-flex justify-content-center\"><button data-item=\"decouvrez_link\" data-group=\"website_links\" class=\"goto fw-bold rounded-pill btn btn-orange\" aria-label=\"Scarica Spinsahara\" >Scarica Spinsahara<\/button><\/div><div class=\"scrollable-content-wrap my-5\"><div class=\"scrollable-content-inner\"><h2>Domande frequenti<\/h2>\n<h3>Su quali dispositivi posso scaricare l&#8217;app del casin\u00f2 Spinsahara?<\/h3>\n<p>L&#8217;app Spinsahara \u00e8 compatibile con vari dispositivi e sistemi operativi. Pu\u00f2 essere scaricata su telefoni e tablet Android e iOS, indipendentemente dalla versione. Inoltre, puoi utilizzarla su computer Windows e macOS. Ogni versione offre accesso illimitato all&#8217;app e ai giochi del casin\u00f2 live.<\/p>\n<h3>Come posso scaricare e installare l&#8217;app sul mio iPhone o iPad?<\/h3>\n<p>Per ottenere l&#8217;app Spinsahara Casino per il tuo iPhone o iPad, apri Safari e visita il sito web ufficiale. Dopo aver aperto il sito web, seleziona il pulsante Condividi nella parte inferiore dello schermo, scorri verso il basso e seleziona &#8220;Aggiungi alla schermata Home&#8221;. Ora potrai vedere l&#8217;icona del collegamento sulla schermata Home e accedere al casin\u00f2 in qualsiasi momento come se fosse un&#8217;app nativa.<\/p>\n<h3>Posso scaricare l&#8217;app direttamente dal sito web di Spin Sahara?<\/h3>\n<p>Il software mobile \u00e8 disponibile sul sito web ufficiale. Segui la guida disponibile per un&#8217;installazione sicura sul tuo dispositivo. Dopo aver completato il processo, tutti i giochi, il casin\u00f2 dal vivo e le funzioni di gestione dell&#8217;account saranno disponibili, consentendoti di iniziare a giocare in pochi minuti.<\/p>\n<\/div><\/div><\/p>\n","protected":false},"excerpt":{"rendered":"<p>Applicazione Spinsahara Casino Spinsahara App \u00e8 un software mobile facile da usare che ti consente di goderti giochi da casin\u00f2 senza interruzioni, sempre e ovunque. Il nostro casin\u00f2 mobile e desktop offre migliaia di slot online e altri giochi da casin\u00f2. Puoi anche divertirti con i giochi con croupier dal vivo insieme ai tuoi amici. [&hellip;]<\/p>\n","protected":false},"author":1,"featured_media":0,"parent":0,"menu_order":0,"comment_status":"closed","ping_status":"closed","template":"template-builder.php","meta":{"_acf_changed":false,"inline_featured_image":false,"footnotes":""},"class_list":["post-1435","page","type-page","status-publish","hentry"],"acf":[],"yoast_head":"<!-- This site is optimized with the Yoast SEO plugin v27.3 - https:\/\/yoast.com\/product\/yoast-seo-wordpress\/ -->\n<title>Spinsahara Casin\u00f2 App | Scarica per iOS e Android<\/title>\n<meta name=\"description\" content=\"Accedi a tutti i tuoi giochi preferiti ovunque tu sia. Con l&#039;app Spin Sahara Casino per iOS e Android, le tue slot e i tuoi giochi da tavolo preferiti sono sempre a portata di tocco.\" \/>\n<meta name=\"robots\" content=\"index, follow, max-snippet:-1, max-image-preview:large, max-video-preview:-1\" \/>\n<link rel=\"canonical\" href=\"https:\/\/spinsaharacasino.org\/it\/applicazione\/\" \/>\n<meta property=\"og:locale\" content=\"it_IT\" \/>\n<meta property=\"og:type\" content=\"article\" \/>\n<meta property=\"og:title\" content=\"Spinsahara Casin\u00f2 App | Scarica per iOS e Android\" \/>\n<meta property=\"og:description\" content=\"Accedi a tutti i tuoi giochi preferiti ovunque tu sia. Con l&#039;app Spin Sahara Casino per iOS e Android, le tue slot e i tuoi giochi da tavolo preferiti sono sempre a portata di tocco.\" \/>\n<meta property=\"og:url\" content=\"https:\/\/spinsaharacasino.org\/it\/applicazione\/\" \/>\n<meta property=\"og:site_name\" content=\"spinsahara\" \/>\n<meta property=\"article:modified_time\" content=\"2025-11-13T08:50:01+00:00\" \/>\n<meta name=\"twitter:card\" content=\"summary_large_image\" \/>\n<meta name=\"twitter:label1\" content=\"Est. reading time\" \/>\n\t<meta name=\"twitter:data1\" content=\"2 minutes\" \/>\n<script type=\"application\/ld+json\" class=\"yoast-schema-graph\">{\"@context\":\"https:\\\/\\\/schema.org\",\"@graph\":[{\"@type\":\"WebPage\",\"@id\":\"https:\\\/\\\/spinsaharacasino.org\\\/it\\\/applicazione\\\/\",\"url\":\"https:\\\/\\\/spinsaharacasino.org\\\/it\\\/applicazione\\\/\",\"name\":\"Spinsahara Casin\u00f2 App | Scarica per iOS e Android\",\"isPartOf\":{\"@id\":\"https:\\\/\\\/spinsaharacasino.org\\\/it\\\/#website\"},\"datePublished\":\"2025-11-12T13:54:24+00:00\",\"dateModified\":\"2025-11-13T08:50:01+00:00\",\"description\":\"Accedi a tutti i tuoi giochi preferiti ovunque tu sia. Con l'app Spin Sahara Casino per iOS e Android, le tue slot e i tuoi giochi da tavolo preferiti sono sempre a portata di tocco.\",\"breadcrumb\":{\"@id\":\"https:\\\/\\\/spinsaharacasino.org\\\/it\\\/applicazione\\\/#breadcrumb\"},\"inLanguage\":\"it-IT\",\"potentialAction\":[{\"@type\":\"ReadAction\",\"target\":[\"https:\\\/\\\/spinsaharacasino.org\\\/it\\\/applicazione\\\/\"]}]},{\"@type\":\"BreadcrumbList\",\"@id\":\"https:\\\/\\\/spinsaharacasino.org\\\/it\\\/applicazione\\\/#breadcrumb\",\"itemListElement\":[{\"@type\":\"ListItem\",\"position\":1,\"name\":\"Spinsahara\",\"item\":\"https:\\\/\\\/spinsaharacasino.org\\\/it\\\/\"},{\"@type\":\"ListItem\",\"position\":2,\"name\":\"Applicazione\"}]},{\"@type\":\"WebSite\",\"@id\":\"https:\\\/\\\/spinsaharacasino.org\\\/it\\\/#website\",\"url\":\"https:\\\/\\\/spinsaharacasino.org\\\/it\\\/\",\"name\":\"Spinsahara\",\"description\":\"\",\"publisher\":{\"@id\":\"https:\\\/\\\/spinsaharacasino.org\\\/it\\\/#organization\"},\"potentialAction\":[{\"@type\":\"SearchAction\",\"target\":{\"@type\":\"EntryPoint\",\"urlTemplate\":\"https:\\\/\\\/spinsaharacasino.org\\\/it\\\/?s={search_term_string}\"},\"query-input\":{\"@type\":\"PropertyValueSpecification\",\"valueRequired\":true,\"valueName\":\"search_term_string\"}}],\"inLanguage\":\"it-IT\"},{\"@type\":\"Organization\",\"@id\":\"https:\\\/\\\/spinsaharacasino.org\\\/it\\\/#organization\",\"name\":\"Spinsahara\",\"url\":\"https:\\\/\\\/spinsaharacasino.org\\\/it\\\/\",\"logo\":{\"@type\":\"ImageObject\",\"inLanguage\":\"it-IT\",\"@id\":\"https:\\\/\\\/spinsaharacasino.org\\\/it\\\/#\\\/schema\\\/logo\\\/image\\\/\",\"url\":\"https:\\\/\\\/spinsaharacasino.org\\\/wp-content\\\/uploads\\\/2025\\\/11\\\/logo.svg\",\"contentUrl\":\"https:\\\/\\\/spinsaharacasino.org\\\/wp-content\\\/uploads\\\/2025\\\/11\\\/logo.svg\",\"width\":160,\"height\":31,\"caption\":\"Spinsahara\"},\"image\":{\"@id\":\"https:\\\/\\\/spinsaharacasino.org\\\/it\\\/#\\\/schema\\\/logo\\\/image\\\/\"}}]}<\/script>\n<!-- \/ Yoast SEO plugin. -->","yoast_head_json":{"title":"Spinsahara Casin\u00f2 App | Scarica per iOS e Android","description":"Accedi a tutti i tuoi giochi preferiti ovunque tu sia. Con l'app Spin Sahara Casino per iOS e Android, le tue slot e i tuoi giochi da tavolo preferiti sono sempre a portata di tocco.","robots":{"index":"index","follow":"follow","max-snippet":"max-snippet:-1","max-image-preview":"max-image-preview:large","max-video-preview":"max-video-preview:-1"},"canonical":"https:\/\/spinsaharacasino.org\/it\/applicazione\/","og_locale":"it_IT","og_type":"article","og_title":"Spinsahara Casin\u00f2 App | Scarica per iOS e Android","og_description":"Accedi a tutti i tuoi giochi preferiti ovunque tu sia. Con l'app Spin Sahara Casino per iOS e Android, le tue slot e i tuoi giochi da tavolo preferiti sono sempre a portata di tocco.","og_url":"https:\/\/spinsaharacasino.org\/it\/applicazione\/","og_site_name":"spinsahara","article_modified_time":"2025-11-13T08:50:01+00:00","twitter_card":"summary_large_image","twitter_misc":{"Est. reading time":"2 minutes"},"schema":{"@context":"https:\/\/schema.org","@graph":[{"@type":"WebPage","@id":"https:\/\/spinsaharacasino.org\/it\/applicazione\/","url":"https:\/\/spinsaharacasino.org\/it\/applicazione\/","name":"Spinsahara Casin\u00f2 App | Scarica per iOS e Android","isPartOf":{"@id":"https:\/\/spinsaharacasino.org\/it\/#website"},"datePublished":"2025-11-12T13:54:24+00:00","dateModified":"2025-11-13T08:50:01+00:00","description":"Accedi a tutti i tuoi giochi preferiti ovunque tu sia. Con l'app Spin Sahara Casino per iOS e Android, le tue slot e i tuoi giochi da tavolo preferiti sono sempre a portata di tocco.","breadcrumb":{"@id":"https:\/\/spinsaharacasino.org\/it\/applicazione\/#breadcrumb"},"inLanguage":"it-IT","potentialAction":[{"@type":"ReadAction","target":["https:\/\/spinsaharacasino.org\/it\/applicazione\/"]}]},{"@type":"BreadcrumbList","@id":"https:\/\/spinsaharacasino.org\/it\/applicazione\/#breadcrumb","itemListElement":[{"@type":"ListItem","position":1,"name":"Spinsahara","item":"https:\/\/spinsaharacasino.org\/it\/"},{"@type":"ListItem","position":2,"name":"Applicazione"}]},{"@type":"WebSite","@id":"https:\/\/spinsaharacasino.org\/it\/#website","url":"https:\/\/spinsaharacasino.org\/it\/","name":"Spinsahara","description":"","publisher":{"@id":"https:\/\/spinsaharacasino.org\/it\/#organization"},"potentialAction":[{"@type":"SearchAction","target":{"@type":"EntryPoint","urlTemplate":"https:\/\/spinsaharacasino.org\/it\/?s={search_term_string}"},"query-input":{"@type":"PropertyValueSpecification","valueRequired":true,"valueName":"search_term_string"}}],"inLanguage":"it-IT"},{"@type":"Organization","@id":"https:\/\/spinsaharacasino.org\/it\/#organization","name":"Spinsahara","url":"https:\/\/spinsaharacasino.org\/it\/","logo":{"@type":"ImageObject","inLanguage":"it-IT","@id":"https:\/\/spinsaharacasino.org\/it\/#\/schema\/logo\/image\/","url":"https:\/\/spinsaharacasino.org\/wp-content\/uploads\/2025\/11\/logo.svg","contentUrl":"https:\/\/spinsaharacasino.org\/wp-content\/uploads\/2025\/11\/logo.svg","width":160,"height":31,"caption":"Spinsahara"},"image":{"@id":"https:\/\/spinsaharacasino.org\/it\/#\/schema\/logo\/image\/"}}]}},"_links":{"self":[{"href":"https:\/\/spinsaharacasino.org\/it\/wp-json\/wp\/v2\/pages\/1435","targetHints":{"allow":["GET"]}}],"collection":[{"href":"https:\/\/spinsaharacasino.org\/it\/wp-json\/wp\/v2\/pages"}],"about":[{"href":"https:\/\/spinsaharacasino.org\/it\/wp-json\/wp\/v2\/types\/page"}],"author":[{"embeddable":true,"href":"https:\/\/spinsaharacasino.org\/it\/wp-json\/wp\/v2\/users\/1"}],"replies":[{"embeddable":true,"href":"https:\/\/spinsaharacasino.org\/it\/wp-json\/wp\/v2\/comments?post=1435"}],"version-history":[{"count":3,"href":"https:\/\/spinsaharacasino.org\/it\/wp-json\/wp\/v2\/pages\/1435\/revisions"}],"predecessor-version":[{"id":1740,"href":"https:\/\/spinsaharacasino.org\/it\/wp-json\/wp\/v2\/pages\/1435\/revisions\/1740"}],"wp:attachment":[{"href":"https:\/\/spinsaharacasino.org\/it\/wp-json\/wp\/v2\/media?parent=1435"}],"curies":[{"name":"wp","href":"https:\/\/api.w.org\/{rel}","templated":true}]}}