{"id":1479,"date":"2025-11-12T13:57:24","date_gmt":"2025-11-12T13:57:24","guid":{"rendered":"https:\/\/spinsaharacasino.org\/login-and-registration\/"},"modified":"2025-12-24T09:35:11","modified_gmt":"2025-12-24T09:35:11","slug":"connexion-et-inscription","status":"publish","type":"page","link":"https:\/\/spinsaharacasino.org\/fr\/connexion-et-inscription\/","title":{"rendered":"Connexion et inscription"},"content":{"rendered":"<h1>Connexion et inscription \u00e0 Spinsahara<\/h1>\n<p>La Spinsahara login permet aux joueurs d&rsquo;acc\u00e9der \u00e0 leur compte en toute s\u00e9curit\u00e9 et sans interruption \u00e0 tout moment. Notre plateforme est con\u00e7ue pour offrir un acc\u00e8s rapide, efficace et fluide, permettant une connexion rapide, des d\u00e9p\u00f4ts et des retraits rapides, ainsi qu&rsquo;un acc\u00e8s imm\u00e9diat aux jeux disponibles. Gr\u00e2ce au cryptage et \u00e0 la v\u00e9rification des utilisateurs, Spinsahara garantit la s\u00e9curit\u00e9 de toutes les sessions de connexion et offre une exp\u00e9rience de jeu professionnelle et sans tracas.<\/p>\n<p><div class=\"banner-wrap\" aria-label=\"Banner\"><img src=\"https:\/\/spinsaharacasino.org\/wp-content\/uploads\/2025\/12\/Spinsahara-banner-carousel-932\u04454.webp\" class=\"w-100 d-none d-lg-block img-pc main-banner-img\" alt=\"Spinsahara banner desktop\" fetchpriority=\"high\" decoding=\"async\"><img src=\"https:\/\/spinsaharacasino.org\/wp-content\/uploads\/2025\/12\/Frame-35.webp\" class=\"w-100 d-none d-md-block d-lg-none main-banner-img\" alt=\"Spinsahara banner mobile\" fetchpriority=\"high\" decoding=\"async\"><img src=\"https:\/\/spinsaharacasino.org\/wp-content\/uploads\/2025\/12\/Frame-35.webp\" class=\"w-100 d-md-none\" alt=\"Spinsahara banner mobile\" fetchpriority=\"high\" decoding=\"async\"><div class=\"banner-description\">\n<div class=\"banner-title\">Bonus de bienvenue<\/div>\n<p class=\"banner-header-title\">1000 \u20ac<\/p>\n<div class=\"banner-header-AdditionalText\">+ 100 Tours Gratuits<\/div>\n<button data-item=\"homepage_banner_link\" class=\"goto m-button m-gradient-border m-button--primary m-button--large banner-button btn-orange\">\n            <div class=\"m-button-content\">\n                <span>Inscrivez-vous d\u00e8s maintenant<\/span>\n                <span><\/span>\n            <\/div>\n        <\/button>\n<\/div>\n<div class=\"WelcomePack\">\n<p><img loading=\"lazy\" decoding=\"async\" class=\"alignnone size-full wp-image-1340\" src=\"https:\/\/spinsaharacasino.org\/wp-content\/uploads\/2025\/11\/welcome-crown.svg\" alt=\"crown\" width=\"25\" height=\"26\" \/><\/p>\n<div class=\"WelcomePack-Info\">Cashback hebdomadaire jusqu&rsquo;\u00e0 25 %<\/div>\n<p><img loading=\"lazy\" decoding=\"async\" class=\"alignnone size-full wp-image-1340\" src=\"https:\/\/spinsaharacasino.org\/wp-content\/uploads\/2025\/11\/welcome-crown.svg\" alt=\"crown\" width=\"25\" height=\"26\" \/><\/p>\n<\/div>\n<\/div><div class=\"scrollable-content-wrap my-5\"><div class=\"scrollable-content-inner\"><h2>Comment s&rsquo;inscrire sur Spinsahara<\/h2>\n<p>En vous inscrivant sur Spin Sahara, vous pouvez profiter de milliers de jeux de casino, de promotions exclusives et de transactions s\u00e9curis\u00e9es et pratiques, le tout en un temps record. Jouer \u00e0 un jeu de casino ne prend que quelques minutes. C&rsquo;est aussi simple et rapide que cela. L&rsquo;accent mis sur la s\u00e9curit\u00e9 dans nos processus vous garantit une tranquillit\u00e9 d&rsquo;esprit.<\/p>\n<p>Votre compte vous offre un tableau de bord personnel o\u00f9 vous pouvez saisir toutes les informations requises. \u00c0 partir de l\u00e0, vous pouvez g\u00e9rer vos d\u00e9p\u00f4ts et vos retraits, recevoir vos bonus et jouer aux jeux du casino Spinsahara sans interruption, quel que soit l&rsquo;appareil que vous utilisez.<\/p>\n<h3>Cr\u00e9ation d&rsquo;un compte Spinsahara<\/h3>\n<p>Le processus d&rsquo;inscription ne prend que quelques minutes. Nous ne vous demandons pas de fournir beaucoup d&rsquo;informations personnelles : seuls votre adresse e-mail et votre mot de passe sont n\u00e9cessaires dans un premier temps. Vous pouvez suivre nos instructions ci-dessous pour vous inscrire rapidement sur Spinsahara :<\/p>\n<ol>\n<li>Rendez-vous sur le site officiel du casino Spinsahara.<\/li>\n<li>Ensuite, les utilisateurs doivent s\u00e9lectionner \u00ab S&rsquo;inscrire \u00bb dans le coin sup\u00e9rieur droit de la page d&rsquo;accueil.<\/li>\n<li>Vous devez fournir une adresse e-mail et cr\u00e9er un mot de passe.<\/li>\n<li>Tous nos joueurs doivent confirmer qu&rsquo;ils ont 18 ans ou plus et accepter nos conditions g\u00e9n\u00e9rales.<\/li>\n<li>La derni\u00e8re \u00e9tape consiste \u00e0 v\u00e9rifier votre adresse e-mail en cliquant sur le lien que vous recevrez.<\/li>\n<\/ol>\n<p>Il existe \u00e9galement une option plus rapide pour cr\u00e9er un compte li\u00e9 \u00e0 votre compte Google. Pour ce faire, vous devez suivre le lien \u00ab Google \u00bb dans le formulaire d&rsquo;inscription.<\/p>\n<h2>Comment se connecter et g\u00e9rer votre compte Spin Sahara<\/h2>\n<p>Le processus de connexion \u00e0 Spinsahara ne prendra pas beaucoup de temps, mais vous apportera de nombreux avantages. Vous pourrez ensuite jouer avec de l&rsquo;argent r\u00e9el et participer \u00e0 des tournois. Vous pouvez lire les instructions ci-dessous pour vous connecter facilement \u00e0 Spinsahara :<\/p>\n<ol>\n<li>Pour vous connecter \u00e0 votre compte, rendez-vous sur la page d&rsquo;accueil du casino Spinsahara.<\/li>\n<li>Cliquez ensuite sur le bouton \u00ab Connexion \u00bb en haut de la page.<\/li>\n<li>Ensuite, saisissez l&rsquo;adresse e-mail et le mot de passe que vous avez utilis\u00e9s lors de votre inscription et cliquez sur \u00ab Connexion \u00bb pour acc\u00e9der au tableau de bord de votre compte.<\/li>\n<\/ol>\n<p>Une fois connect\u00e9, vous pouvez g\u00e9rer votre compte et votre profil Spin Sahara. Vous disposez d&rsquo;un aper\u00e7u des transactions de votre compte et de l&rsquo;historique des bonus. En outre, vous pouvez activer des promotions, modifier les param\u00e8tres de votre compte et contacter notre service d&rsquo;assistance multilingue par chat en direct et par e-mail si vous avez des questions.<\/p>\n<p>Toutefois, si vous ne parvenez pas \u00e0 acc\u00e9der \u00e0 votre compte Spinsahara, cliquez sur le bouton \u00ab Mot de passe oubli\u00e9 ? \u00bb sur la page de connexion Spinsahara. Vous pourrez alors saisir votre adresse e-mail et nous vous enverrons un lien s\u00e9curis\u00e9 pour r\u00e9initialiser votre mot de passe. Pour obtenir de l&rsquo;aide concernant la r\u00e9cup\u00e9ration de votre mot de passe, envoyez un e-mail ou discutez avec notre \u00e9quipe d&rsquo;assistance, disponible 24 h\/24 et 7 j\/7 dans la plupart des langues.<\/p>\n<h2>V\u00e9rification du compte Spinsahara<\/h2>\n<p>Afin de garantir que la v\u00e9rification est conforme aux r\u00e9glementations en mati\u00e8re de licence et favorise des transactions s\u00fbres et s\u00e9curis\u00e9es, nous appliquons des normes strictes pour les environnements de jeu chez Spin Sahara Casino. Le respect de ces r\u00e9glementations, y compris les conditions de licence, est obligatoire. \u00c0 des fins de v\u00e9rification, un joueur peut \u00eatre amen\u00e9 \u00e0 fournir les types de documents suivants :<\/p>\n<table>\n<tbody>\n<tr>\n<td>Document requis<\/td>\n<td>D\u00e9tails<\/td>\n<\/tr>\n<tr>\n<td>Une pi\u00e8ce d&rsquo;identit\u00e9 d\u00e9livr\u00e9e par le gouvernement<\/td>\n<td>Utilis\u00e9e pour confirmer votre identit\u00e9 et votre \u00e2ge (passeport, carte d&rsquo;identit\u00e9 ou permis de conduire).<\/td>\n<\/tr>\n<tr>\n<td>Justificatif de domicile<\/td>\n<td>Une facture r\u00e9cente (datant de moins de 3 mois) ou un relev\u00e9 bancaire pour v\u00e9rifier votre lieu de r\u00e9sidence.<\/td>\n<\/tr>\n<tr>\n<td>V\u00e9rification du mode de paiement<\/td>\n<td>Confirme la propri\u00e9t\u00e9 du moyen de d\u00e9p\u00f4t (par exemple, capture d&rsquo;\u00e9cran ou photo de la carte\/du portefeuille \u00e9lectronique utilis\u00e9).<\/td>\n<\/tr>\n<\/tbody>\n<\/table>\n<p>Nos responsables v\u00e9rifieront les documents t\u00e9l\u00e9charg\u00e9s dans les 48 heures. Une fois le processus de v\u00e9rification termin\u00e9, toutes les transactions et toutes les activit\u00e9s du compte sont prot\u00e9g\u00e9es par les mesures de s\u00e9curit\u00e9 avanc\u00e9es mises en place par Spinsahara Casino.<\/p>\n<h2>FAQ<\/h2>\n<h2>Comment cr\u00e9er un nouveau compte sur Spin Sahara ?<\/h2>\n<p>Pour cr\u00e9er un compte, vous devez cliquer sur le bouton \u00ab S&rsquo;inscrire \u00bb sur la page principale et suivre les instructions. Le processus ne prend que quelques minutes et vous donne acc\u00e8s \u00e0 toutes les fonctionnalit\u00e9s de la plateforme.<\/p>\n<h2>Que dois-je faire si je ne parviens pas \u00e0 me connecter \u00e0 mon compte ?<\/h2>\n<p>Avant toute chose, assurez-vous que l&rsquo;adresse e-mail et le mot de passe que vous utilisez pour vous connecter sont corrects. Si vous ne vous souvenez pas de votre mot de passe, vous pouvez utiliser la fonction \u00ab Mot de passe oubli\u00e9 ? \u00bb situ\u00e9e juste en dessous des informations de connexion \u00e0 Spinsahara. Vous devez contacter notre \u00e9quipe d&rsquo;assistance via le chat en direct ou par e-mail pour obtenir de l&rsquo;aide.<\/p>\n<h2>Pourquoi me demande-t-on de v\u00e9rifier mon compte ?<\/h2>\n<p>L&rsquo;identit\u00e9 des utilisateurs et la protection de toutes les transactions mon\u00e9taires sur le site Spinsahara Casino sont les deux exigences auxquelles nous devons nous conformer. Cela est n\u00e9cessaire pour respecter les \u00ab Conditions g\u00e9n\u00e9rales \u00bb applicables \u00e0 tous les joueurs, garantir la conformit\u00e9 aux exigences en mati\u00e8re de licence et contr\u00f4ler tous les syst\u00e8mes.<\/p>\n<h2>Puis-je modifier mon nom d&rsquo;utilisateur ou mon adresse e-mail enregistr\u00e9e ?<\/h2>\n<p>Dans votre compte personnel, vous avez la possibilit\u00e9 de modifier toutes vos informations personnelles et de paiement, y compris votre nom d&rsquo;utilisateur et votre adresse e-mail. Cela ne prendra que quelques minutes et votre compte restera s\u00e9curis\u00e9.<\/p>\n<\/div><\/div><\/p>\n","protected":false},"excerpt":{"rendered":"<p>Connexion et inscription \u00e0 Spinsahara La Spinsahara login permet aux joueurs d&rsquo;acc\u00e9der \u00e0 leur compte en toute s\u00e9curit\u00e9 et sans interruption \u00e0 tout moment. Notre plateforme est con\u00e7ue pour offrir un acc\u00e8s rapide, efficace et fluide, permettant une connexion rapide, des d\u00e9p\u00f4ts et des retraits rapides, ainsi qu&rsquo;un acc\u00e8s imm\u00e9diat aux jeux disponibles. Gr\u00e2ce au [&hellip;]<\/p>\n","protected":false},"author":1,"featured_media":0,"parent":0,"menu_order":0,"comment_status":"closed","ping_status":"closed","template":"template-builder.php","meta":{"_acf_changed":false,"inline_featured_image":false,"footnotes":""},"class_list":["post-1479","page","type-page","status-publish","hentry"],"acf":[],"yoast_head":"<!-- This site is optimized with the Yoast SEO plugin v27.3 - https:\/\/yoast.com\/product\/yoast-seo-wordpress\/ -->\n<title>Spinsahara login et cr\u00e9ation de compte<\/title>\n<meta name=\"description\" content=\"Cr\u00e9ez Spin Sahara login et commencez \u00e0 jouer. Les nouveaux utilisateurs peuvent s&#039;inscrire en quelques secondes, et les joueurs r\u00e9guliers peuvent se connecter pour g\u00e9rer leur profil, finaliser la v\u00e9rification et acc\u00e9der \u00e0 leur compte en toute s\u00e9curit\u00e9.\" \/>\n<meta name=\"robots\" content=\"index, follow, max-snippet:-1, max-image-preview:large, max-video-preview:-1\" \/>\n<link rel=\"canonical\" href=\"https:\/\/spinsaharacasino.org\/fr\/connexion-et-inscription\/\" \/>\n<meta property=\"og:locale\" content=\"fr_FR\" \/>\n<meta property=\"og:type\" content=\"article\" \/>\n<meta property=\"og:title\" content=\"Spinsahara login et cr\u00e9ation de compte\" \/>\n<meta property=\"og:description\" content=\"Cr\u00e9ez Spin Sahara login et commencez \u00e0 jouer. Les nouveaux utilisateurs peuvent s&#039;inscrire en quelques secondes, et les joueurs r\u00e9guliers peuvent se connecter pour g\u00e9rer leur profil, finaliser la v\u00e9rification et acc\u00e9der \u00e0 leur compte en toute s\u00e9curit\u00e9.\" \/>\n<meta property=\"og:url\" content=\"https:\/\/spinsaharacasino.org\/fr\/connexion-et-inscription\/\" \/>\n<meta property=\"og:site_name\" content=\"spinsahara\" \/>\n<meta property=\"article:modified_time\" content=\"2025-12-24T09:35:11+00:00\" \/>\n<meta name=\"twitter:card\" content=\"summary_large_image\" \/>\n<meta name=\"twitter:label1\" content=\"Dur\u00e9e de lecture estim\u00e9e\" \/>\n\t<meta name=\"twitter:data1\" content=\"1 minute\" \/>\n<script type=\"application\/ld+json\" class=\"yoast-schema-graph\">{\"@context\":\"https:\\\/\\\/schema.org\",\"@graph\":[{\"@type\":\"WebPage\",\"@id\":\"https:\\\/\\\/spinsaharacasino.org\\\/fr\\\/connexion-et-inscription\\\/\",\"url\":\"https:\\\/\\\/spinsaharacasino.org\\\/fr\\\/connexion-et-inscription\\\/\",\"name\":\"Spinsahara login et cr\u00e9ation de compte\",\"isPartOf\":{\"@id\":\"https:\\\/\\\/spinsaharacasino.org\\\/fr\\\/#website\"},\"datePublished\":\"2025-11-12T13:57:24+00:00\",\"dateModified\":\"2025-12-24T09:35:11+00:00\",\"description\":\"Cr\u00e9ez Spin Sahara login et commencez \u00e0 jouer. Les nouveaux utilisateurs peuvent s'inscrire en quelques secondes, et les joueurs r\u00e9guliers peuvent se connecter pour g\u00e9rer leur profil, finaliser la v\u00e9rification et acc\u00e9der \u00e0 leur compte en toute s\u00e9curit\u00e9.\",\"breadcrumb\":{\"@id\":\"https:\\\/\\\/spinsaharacasino.org\\\/fr\\\/connexion-et-inscription\\\/#breadcrumb\"},\"inLanguage\":\"fr-FR\",\"potentialAction\":[{\"@type\":\"ReadAction\",\"target\":[\"https:\\\/\\\/spinsaharacasino.org\\\/fr\\\/connexion-et-inscription\\\/\"]}]},{\"@type\":\"BreadcrumbList\",\"@id\":\"https:\\\/\\\/spinsaharacasino.org\\\/fr\\\/connexion-et-inscription\\\/#breadcrumb\",\"itemListElement\":[{\"@type\":\"ListItem\",\"position\":1,\"name\":\"Spinsahara\",\"item\":\"https:\\\/\\\/spinsaharacasino.org\\\/fr\\\/\"},{\"@type\":\"ListItem\",\"position\":2,\"name\":\"Connexion et inscription\"}]},{\"@type\":\"WebSite\",\"@id\":\"https:\\\/\\\/spinsaharacasino.org\\\/fr\\\/#website\",\"url\":\"https:\\\/\\\/spinsaharacasino.org\\\/fr\\\/\",\"name\":\"Spinsahara\",\"description\":\"\",\"publisher\":{\"@id\":\"https:\\\/\\\/spinsaharacasino.org\\\/fr\\\/#organization\"},\"potentialAction\":[{\"@type\":\"SearchAction\",\"target\":{\"@type\":\"EntryPoint\",\"urlTemplate\":\"https:\\\/\\\/spinsaharacasino.org\\\/fr\\\/?s={search_term_string}\"},\"query-input\":{\"@type\":\"PropertyValueSpecification\",\"valueRequired\":true,\"valueName\":\"search_term_string\"}}],\"inLanguage\":\"fr-FR\"},{\"@type\":\"Organization\",\"@id\":\"https:\\\/\\\/spinsaharacasino.org\\\/fr\\\/#organization\",\"name\":\"Spinsahara\",\"url\":\"https:\\\/\\\/spinsaharacasino.org\\\/fr\\\/\",\"logo\":{\"@type\":\"ImageObject\",\"inLanguage\":\"fr-FR\",\"@id\":\"https:\\\/\\\/spinsaharacasino.org\\\/fr\\\/#\\\/schema\\\/logo\\\/image\\\/\",\"url\":\"https:\\\/\\\/spinsaharacasino.org\\\/wp-content\\\/uploads\\\/2025\\\/11\\\/logo.svg\",\"contentUrl\":\"https:\\\/\\\/spinsaharacasino.org\\\/wp-content\\\/uploads\\\/2025\\\/11\\\/logo.svg\",\"width\":160,\"height\":31,\"caption\":\"Spinsahara\"},\"image\":{\"@id\":\"https:\\\/\\\/spinsaharacasino.org\\\/fr\\\/#\\\/schema\\\/logo\\\/image\\\/\"}}]}<\/script>\n<!-- \/ Yoast SEO plugin. -->","yoast_head_json":{"title":"Spinsahara login et cr\u00e9ation de compte","description":"Cr\u00e9ez Spin Sahara login et commencez \u00e0 jouer. Les nouveaux utilisateurs peuvent s'inscrire en quelques secondes, et les joueurs r\u00e9guliers peuvent se connecter pour g\u00e9rer leur profil, finaliser la v\u00e9rification et acc\u00e9der \u00e0 leur compte en toute s\u00e9curit\u00e9.","robots":{"index":"index","follow":"follow","max-snippet":"max-snippet:-1","max-image-preview":"max-image-preview:large","max-video-preview":"max-video-preview:-1"},"canonical":"https:\/\/spinsaharacasino.org\/fr\/connexion-et-inscription\/","og_locale":"fr_FR","og_type":"article","og_title":"Spinsahara login et cr\u00e9ation de compte","og_description":"Cr\u00e9ez Spin Sahara login et commencez \u00e0 jouer. Les nouveaux utilisateurs peuvent s'inscrire en quelques secondes, et les joueurs r\u00e9guliers peuvent se connecter pour g\u00e9rer leur profil, finaliser la v\u00e9rification et acc\u00e9der \u00e0 leur compte en toute s\u00e9curit\u00e9.","og_url":"https:\/\/spinsaharacasino.org\/fr\/connexion-et-inscription\/","og_site_name":"spinsahara","article_modified_time":"2025-12-24T09:35:11+00:00","twitter_card":"summary_large_image","twitter_misc":{"Dur\u00e9e de lecture estim\u00e9e":"1 minute"},"schema":{"@context":"https:\/\/schema.org","@graph":[{"@type":"WebPage","@id":"https:\/\/spinsaharacasino.org\/fr\/connexion-et-inscription\/","url":"https:\/\/spinsaharacasino.org\/fr\/connexion-et-inscription\/","name":"Spinsahara login et cr\u00e9ation de compte","isPartOf":{"@id":"https:\/\/spinsaharacasino.org\/fr\/#website"},"datePublished":"2025-11-12T13:57:24+00:00","dateModified":"2025-12-24T09:35:11+00:00","description":"Cr\u00e9ez Spin Sahara login et commencez \u00e0 jouer. Les nouveaux utilisateurs peuvent s'inscrire en quelques secondes, et les joueurs r\u00e9guliers peuvent se connecter pour g\u00e9rer leur profil, finaliser la v\u00e9rification et acc\u00e9der \u00e0 leur compte en toute s\u00e9curit\u00e9.","breadcrumb":{"@id":"https:\/\/spinsaharacasino.org\/fr\/connexion-et-inscription\/#breadcrumb"},"inLanguage":"fr-FR","potentialAction":[{"@type":"ReadAction","target":["https:\/\/spinsaharacasino.org\/fr\/connexion-et-inscription\/"]}]},{"@type":"BreadcrumbList","@id":"https:\/\/spinsaharacasino.org\/fr\/connexion-et-inscription\/#breadcrumb","itemListElement":[{"@type":"ListItem","position":1,"name":"Spinsahara","item":"https:\/\/spinsaharacasino.org\/fr\/"},{"@type":"ListItem","position":2,"name":"Connexion et inscription"}]},{"@type":"WebSite","@id":"https:\/\/spinsaharacasino.org\/fr\/#website","url":"https:\/\/spinsaharacasino.org\/fr\/","name":"Spinsahara","description":"","publisher":{"@id":"https:\/\/spinsaharacasino.org\/fr\/#organization"},"potentialAction":[{"@type":"SearchAction","target":{"@type":"EntryPoint","urlTemplate":"https:\/\/spinsaharacasino.org\/fr\/?s={search_term_string}"},"query-input":{"@type":"PropertyValueSpecification","valueRequired":true,"valueName":"search_term_string"}}],"inLanguage":"fr-FR"},{"@type":"Organization","@id":"https:\/\/spinsaharacasino.org\/fr\/#organization","name":"Spinsahara","url":"https:\/\/spinsaharacasino.org\/fr\/","logo":{"@type":"ImageObject","inLanguage":"fr-FR","@id":"https:\/\/spinsaharacasino.org\/fr\/#\/schema\/logo\/image\/","url":"https:\/\/spinsaharacasino.org\/wp-content\/uploads\/2025\/11\/logo.svg","contentUrl":"https:\/\/spinsaharacasino.org\/wp-content\/uploads\/2025\/11\/logo.svg","width":160,"height":31,"caption":"Spinsahara"},"image":{"@id":"https:\/\/spinsaharacasino.org\/fr\/#\/schema\/logo\/image\/"}}]}},"_links":{"self":[{"href":"https:\/\/spinsaharacasino.org\/fr\/wp-json\/wp\/v2\/pages\/1479","targetHints":{"allow":["GET"]}}],"collection":[{"href":"https:\/\/spinsaharacasino.org\/fr\/wp-json\/wp\/v2\/pages"}],"about":[{"href":"https:\/\/spinsaharacasino.org\/fr\/wp-json\/wp\/v2\/types\/page"}],"author":[{"embeddable":true,"href":"https:\/\/spinsaharacasino.org\/fr\/wp-json\/wp\/v2\/users\/1"}],"replies":[{"embeddable":true,"href":"https:\/\/spinsaharacasino.org\/fr\/wp-json\/wp\/v2\/comments?post=1479"}],"version-history":[{"count":2,"href":"https:\/\/spinsaharacasino.org\/fr\/wp-json\/wp\/v2\/pages\/1479\/revisions"}],"predecessor-version":[{"id":1875,"href":"https:\/\/spinsaharacasino.org\/fr\/wp-json\/wp\/v2\/pages\/1479\/revisions\/1875"}],"wp:attachment":[{"href":"https:\/\/spinsaharacasino.org\/fr\/wp-json\/wp\/v2\/media?parent=1479"}],"curies":[{"name":"wp","href":"https:\/\/api.w.org\/{rel}","templated":true}]}}