{"id":1430,"date":"2025-11-12T13:54:24","date_gmt":"2025-11-12T13:54:24","guid":{"rendered":"https:\/\/spinsaharacasino.org\/app\/"},"modified":"2025-12-24T09:18:36","modified_gmt":"2025-12-24T09:18:36","slug":"app","status":"publish","type":"page","link":"https:\/\/spinsaharacasino.org\/fr\/app\/","title":{"rendered":"App"},"content":{"rendered":"<h1>Application Spinsahara Casino<\/h1>\n<p>La Spinsahara app est un logiciel mobile facile \u00e0 utiliser qui vous permet de profiter de jeux de casino fluides \u00e0 tout moment et en tout lieu. Notre casino mobile et sur ordinateur propose des milliers de machines \u00e0 sous en ligne et d&rsquo;autres jeux de casino. Vous pouvez \u00e9galement profiter de jeux avec croupier en direct avec vos amis.<\/p>\n<p>Des transactions rapides et stables changent instantan\u00e9ment la donne. Peu importe que vous disposiez d&rsquo;un appareil Android, iOS, Windows ou Mac. L&rsquo;application Spinsahara offre un gameplay ininterrompu, une navigation efficace et une gestion compl\u00e8te de votre compte, o\u00f9 que vous soyez.<\/p>\n<div class=\"banner-wrap\" aria-label=\"Banner\"><img src=\"https:\/\/spinsaharacasino.org\/wp-content\/uploads\/2025\/12\/Spinsahara-banner-carousel-932\u04454.webp\" class=\"w-100 d-none d-lg-block img-pc main-banner-img\" alt=\"Spinsahara banner desktop\" fetchpriority=\"high\" decoding=\"async\"><img src=\"https:\/\/spinsaharacasino.org\/wp-content\/uploads\/2025\/12\/Frame-35.webp\" class=\"w-100 d-none d-md-block d-lg-none main-banner-img\" alt=\"Spinsahara banner mobile\" fetchpriority=\"high\" decoding=\"async\"><img src=\"https:\/\/spinsaharacasino.org\/wp-content\/uploads\/2025\/12\/Frame-35.webp\" class=\"w-100 d-md-none\" alt=\"Spinsahara banner mobile\" fetchpriority=\"high\" decoding=\"async\"><div class=\"banner-description\">\n<div class=\"banner-title\">Bonus de bienvenue<\/div>\n<p class=\"banner-header-title\">1000 \u20ac<\/p>\n<div class=\"banner-header-AdditionalText\">+ 100 Tours Gratuits<\/div>\n<button data-item=\"homepage_banner_link\" class=\"goto m-button m-gradient-border m-button--primary m-button--large banner-button btn-orange\">\n            <div class=\"m-button-content\">\n                <span>Inscrivez-vous d\u00e8s maintenant<\/span>\n                <span><\/span>\n            <\/div>\n        <\/button>\n<\/div>\n<div class=\"WelcomePack\">\n<p><img loading=\"lazy\" decoding=\"async\" class=\"alignnone size-full wp-image-1340\" src=\"https:\/\/spinsaharacasino.org\/wp-content\/uploads\/2025\/11\/welcome-crown.svg\" alt=\"crown\" width=\"25\" height=\"26\" \/><\/p>\n<div class=\"WelcomePack-Info\">Cashback hebdomadaire jusqu&rsquo;\u00e0 25 %<\/div>\n<p><img loading=\"lazy\" decoding=\"async\" class=\"alignnone size-full wp-image-1340\" src=\"https:\/\/spinsaharacasino.org\/wp-content\/uploads\/2025\/11\/welcome-crown.svg\" alt=\"crown\" width=\"25\" height=\"26\" \/><\/p>\n<\/div>\n<\/div>\n<h2>Emportez le casino Spinsahara avec vous<\/h2>\n<p>L&rsquo;application Spinsahara vous offre la flexibilit\u00e9 et les performances d&rsquo;un casino mobile. Bien que la version PC soit con\u00e7ue pour offrir une exp\u00e9rience de casino plus traditionnelle, l&rsquo;application mobile est optimis\u00e9e pour la vitesse, l&rsquo;accessibilit\u00e9 et la commodit\u00e9 de jeu lors de vos d\u00e9placements. Voici une comparaison claire entre l&rsquo;application mobile Spin Sahara et la version PC :<\/p>\n<table>\n<tbody>\n<tr>\n<td>Fonctionnalit\u00e9<\/td>\n<td>Application<\/td>\n<td>Version PC<\/td>\n<\/tr>\n<tr>\n<td>Performances<\/td>\n<td>Am\u00e9lior\u00e9e pour un acc\u00e8s rapide et des performances accrues sur les r\u00e9seaux mobiles. Utilise moins de donn\u00e9es sans perte de qualit\u00e9.<\/td>\n<td>Varie en fonction de la vitesse Internet et des sp\u00e9cifications du syst\u00e8me. Des performances stables sont disponibles, mais peuvent n\u00e9cessiter une bande passante plus \u00e9lev\u00e9e.<\/td>\n<\/tr>\n<tr>\n<td>Accessibilit\u00e9<\/td>\n<td>Avec l&rsquo;application, tous les jeux, les d\u00e9p\u00f4ts en esp\u00e8ces et les retraits sont accessibles instantan\u00e9ment, partout et \u00e0 tout moment.<\/td>\n<td>Moins portable, car elle n\u00e9cessite un ordinateur et une connexion Internet stable.<\/td>\n<\/tr>\n<tr>\n<td>Interface utilisateur<\/td>\n<td>Con\u00e7ue sp\u00e9cialement pour les \u00e9crans tactiles, qui sont plus faciles \u00e0 utiliser et permettent des r\u00e9glages rapides du menu.<\/td>\n<td>Offre un \u00e9cran encore plus grand avec des designs et des images plus complexes.<\/td>\n<\/tr>\n<tr>\n<td>Commodit\u00e9<\/td>\n<td>Tous les \u00e9l\u00e9ments, y compris les jeux, les paiements et l&rsquo;assistance, sont regroup\u00e9s sur une seule plateforme compacte.<\/td>\n<td>C&rsquo;est parfait pour les longues sessions de jeu et le multit\u00e2che sur un \u00e9cran plus grand.<\/td>\n<\/tr>\n<tr>\n<td>Notifications<\/td>\n<td>Recevez des alertes d\u00e8s que des bonus, des promotions et des mises \u00e0 jour sont disponibles sur votre compte.<\/td>\n<td>Il n&rsquo;y a pas de notifications push automatiques. Les joueurs doivent v\u00e9rifier ces comptes manuellement.<\/td>\n<\/tr>\n<tr>\n<td>Graphismes et affichage<\/td>\n<td>Adapt\u00e9 aux petits \u00e9crans, avec un niveau de d\u00e9tail l\u00e9g\u00e8rement moindre. Animations fluides sur les appareils \u00e0 petit \u00e9cran.<\/td>\n<td>R\u00e9solution plus \u00e9lev\u00e9e et d\u00e9tails graphiques complets sur les \u00e9crans plus grands.<\/td>\n<\/tr>\n<tr>\n<td>Utilisation des donn\u00e9es<\/td>\n<td>Le jeu est efficace et les connexions mobiles sont con\u00e7ues de mani\u00e8re \u00e0 utiliser moins de donn\u00e9es.<\/td>\n<td>Lorsque vous jouez et diffusez en streaming sur un \u00e9cran plus grand, les donn\u00e9es du jeu s&rsquo;adaptent pour afficher des graphismes adapt\u00e9s \u00e0 cette taille.<\/td>\n<\/tr>\n<\/tbody>\n<\/table>\n<p>L&rsquo;application Spinsahara vous permet de jouer \u00e0 vos jeux de casino pr\u00e9f\u00e9r\u00e9s o\u00f9 que vous soyez. Avec ses performances efficaces, son acc\u00e8s s\u00e9curis\u00e9 et ses informations en temps r\u00e9el, cette application est indispensable pour les jeux mobiles.<\/p>\n<p><div style=\"clear: both\"><\/div><div class=\"d-flex justify-content-center\"><button data-item=\"decouvrez_link\" data-group=\"website_links\" class=\"goto fw-bold rounded-pill btn btn-orange\" aria-label=\"T\u00e9l\u00e9chargez l&#039;application Spinsahara\" >T\u00e9l\u00e9chargez l&#039;application Spinsahara<\/button><\/div><div class=\"scrollable-content-wrap my-5\"><div class=\"scrollable-content-inner\"><h2>T\u00e9l\u00e9charger l&rsquo;application Android<\/h2>\n<p>La version Android de Spinsahara Casino offre la m\u00eame exp\u00e9rience de qualit\u00e9 que la version pour ordinateur. Vous pouvez obtenir une application web progressive s\u00e9curis\u00e9e, rapide et fr\u00e9quemment mise \u00e0 jour pour Android sans t\u00e9l\u00e9charger de fichiers APK Spinsahara inconnus. Pour avoir Spin Sahara sur votre Android, suivez les instructions ci-dessous :<\/p>\n<ol>\n<li>Ouvrez votre navigateur mobile et rendez-vous sur le site officiel.<\/li>\n<li>Naviguez jusqu&rsquo;au pied de page du site web, en bas de l&rsquo;\u00e9cran.<\/li>\n<li>Cliquez sur le bouton \u00ab Casino App \u00bb et l&rsquo;installation d\u00e9marrera automatiquement.<\/li>\n<li>Ouvrez l&rsquo;application, connectez-vous et vous pouvez maintenant commencer \u00e0 jouer.<\/li>\n<\/ol>\n<p>N&rsquo;oubliez pas de toujours installer le casino mobile \u00e0 partir du site officiel afin de prot\u00e9ger vos donn\u00e9es personnelles. Si vous rencontrez des probl\u00e8mes avec l&rsquo;installation ou l&rsquo;application en g\u00e9n\u00e9ral, vous pouvez toujours contacter notre \u00e9quipe d&rsquo;assistance via le chat en direct ou par e-mail.<\/p>\n<p><img loading=\"lazy\" decoding=\"async\" src=\"https:\/\/spinsaharacasino.org\/wp-content\/uploads\/2025\/11\/Spinsahara-Android-App.webp\" alt=\"Spinsahara Android App\" width=\"1248\" height=\"536\" \/><\/p>\n<\/div><\/div><div style=\"clear: both\"><\/div><div class=\"d-flex justify-content-center\"><button data-item=\"decouvrez_link\" data-group=\"website_links\" class=\"goto fw-bold rounded-pill btn btn-orange\" aria-label=\"T\u00e9l\u00e9charger Spinsahara\" >T\u00e9l\u00e9charger Spinsahara<\/button><\/div><div class=\"scrollable-content-wrap my-5\"><div class=\"scrollable-content-inner\"><h2>Application iOS Spinsahara<\/h2>\n<p>Nous n&rsquo;avons pas oubli\u00e9 tous nos joueurs qui poss\u00e8dent un iPhone ou un iPad. Vous avez acc\u00e8s \u00e0 toutes les fonctionnalit\u00e9s disponibles, y compris les jeux, les bonus, les tournois, les retraits apr\u00e8s le processus de v\u00e9rification, le service client et bien plus encore. Voici comment ajouter le casino Spinsahara \u00e0 votre \u00e9cran d&rsquo;accueil iOS :<\/p>\n<ol>\n<li>Ouvrez Safari sur votre appareil Apple.<\/li>\n<li>Rendez-vous sur le site officiel.<\/li>\n<li>Appuyez sur l&rsquo;ic\u00f4ne Partager (situ\u00e9e en bas de l&rsquo;\u00e9cran).<\/li>\n<li>Faites d\u00e9filer vers le bas et choisissez \u00ab Ajouter \u00e0 l&rsquo;\u00e9cran d&rsquo;accueil \u00bb.<\/li>\n<li>Appuyez sur \u00ab Ajouter \u00bb pour confirmer.<\/li>\n<\/ol>\n<p>L&rsquo;ic\u00f4ne de l&rsquo;application Spin Sahara appara\u00eetra alors sur votre \u00e9cran d&rsquo;accueil, comme une application native. Vous pouvez appuyer dessus \u00e0 tout moment pour lancer l&rsquo;exp\u00e9rience de jeu compl\u00e8te.<\/p>\n<p><img loading=\"lazy\" decoding=\"async\" src=\"https:\/\/spinsaharacasino.org\/wp-content\/uploads\/2025\/11\/Spinsahara-iOS-App.webp\" alt=\"Spinsahara iOS App\" width=\"1248\" height=\"536\" \/><\/p>\n<\/div><\/div><div style=\"clear: both\"><\/div><div class=\"d-flex justify-content-center\"><button data-item=\"decouvrez_link\" data-group=\"website_links\" class=\"goto fw-bold rounded-pill btn btn-orange\" aria-label=\"T\u00e9l\u00e9chargez l&#039;application Spinsahara\" >T\u00e9l\u00e9chargez l&#039;application Spinsahara<\/button><\/div><div class=\"scrollable-content-wrap my-5\"><div class=\"scrollable-content-inner\"><h2>Application Windows et Mac pour Spin Sahara Casino<\/h2>\n<p>Les jeux que vous aimez le plus sont d\u00e9sormais plus accessibles que jamais avec Spinsahara. Profitez de d\u00e9lais de retrait rapides, d&rsquo;attributions de bonus gamifi\u00e9es, d&rsquo;un acc\u00e8s instantan\u00e9 aux bonus et d&rsquo;un gameplay illimit\u00e9 lors de tournois passionnants. Toutes vos attractions sont plus simples et plus efficaces chez Spinsahara.<\/p>\n<p>\u00c9tapes pour installer Spinsahara sur votre Windows ou Mac :<\/p>\n<ol>\n<li>Ouvrez le navigateur de votre choix sur votre PC.<\/li>\n<li>Acc\u00e9dez au site web officiel.<\/li>\n<li>Dans les param\u00e8tres de votre navigateur, trouvez l&rsquo;option \u00ab Ajouter \u00e0 l&rsquo;\u00e9cran d&rsquo;accueil \u00bb.<\/li>\n<li>Confirmez les actions et l&rsquo;ic\u00f4ne du casino appara\u00eetra sur votre \u00e9cran d&rsquo;accueil.<\/li>\n<\/ol>\n<p>Une fois l&rsquo;installation termin\u00e9e, l&rsquo;application Spinsahara sera disponible sur votre bureau ou dans le menu D\u00e9marrer pour une ouverture en un clic. Vous pouvez \u00e9pingler l&rsquo;application \u00e0 votre barre des t\u00e2ches pour acc\u00e9der encore plus facilement \u00e0 vos jeux les plus jou\u00e9s.<\/p>\n<p><img loading=\"lazy\" decoding=\"async\" src=\"https:\/\/spinsaharacasino.org\/wp-content\/uploads\/2025\/11\/Spinsahara-Desktop-App.webp\" alt=\"Spinsahara Desktop App\" width=\"1248\" height=\"536\" \/><\/p>\n<\/div><\/div><div style=\"clear: both\"><\/div><div class=\"d-flex justify-content-center\"><button data-item=\"decouvrez_link\" data-group=\"website_links\" class=\"goto fw-bold rounded-pill btn btn-orange\" aria-label=\"T\u00e9l\u00e9charger Spinsahara\" >T\u00e9l\u00e9charger Spinsahara<\/button><\/div><div class=\"scrollable-content-wrap my-5\"><div class=\"scrollable-content-inner\"><h2>FAQ<\/h2>\n<h3>Sur quels appareils puis-je t\u00e9l\u00e9charger l&rsquo;application Spinsahara Casino ?<\/h3>\n<p>L&rsquo;application Spinsahara est compatible avec divers appareils et syst\u00e8mes d&rsquo;exploitation. Elle peut \u00eatre t\u00e9l\u00e9charg\u00e9e sur les t\u00e9l\u00e9phones et tablettes Android et iOS, quelle que soit la version. En outre, vous pouvez l&rsquo;utiliser sur les ordinateurs Windows et macOS. Chaque version donne un acc\u00e8s illimit\u00e9 \u00e0 l&rsquo;application et aux jeux de casino en direct.<\/p>\n<h3>Comment t\u00e9l\u00e9charger et installer l&rsquo;application sur mon iPhone ou mon iPad ?<\/h3>\n<p>Pour obtenir l&rsquo;application Spinsahara Casino sur votre iPhone ou iPad, ouvrez Safari et rendez-vous sur le site officiel. Une fois le site ouvert, s\u00e9lectionnez le bouton Partager en bas de votre \u00e9cran, faites d\u00e9filer vers le bas et s\u00e9lectionnez \u00ab Ajouter \u00e0 l&rsquo;\u00e9cran d&rsquo;accueil \u00bb. Vous pourrez alors voir l&rsquo;ic\u00f4ne du raccourci sur votre \u00e9cran d&rsquo;accueil et acc\u00e9der au casino \u00e0 tout moment comme s&rsquo;il s&rsquo;agissait d&rsquo;une application native.<\/p>\n<h3>Puis-je t\u00e9l\u00e9charger l&rsquo;application directement depuis le site web de Spin Sahara ?<\/h3>\n<p>Le logiciel mobile est disponible sur le site officiel. Suivez le guide disponible pour une installation s\u00e9curis\u00e9e sur votre appareil. Une fois le processus termin\u00e9, tous les jeux, le casino en direct et les fonctionnalit\u00e9s de gestion de compte seront \u00e0 votre disposition, vous permettant de commencer \u00e0 jouer en quelques minutes seulement.<\/p>\n<\/div><\/div><\/p>\n","protected":false},"excerpt":{"rendered":"<p>Application Spinsahara Casino La Spinsahara app est un logiciel mobile facile \u00e0 utiliser qui vous permet de profiter de jeux de casino fluides \u00e0 tout moment et en tout lieu. Notre casino mobile et sur ordinateur propose des milliers de machines \u00e0 sous en ligne et d&rsquo;autres jeux de casino. Vous pouvez \u00e9galement profiter de [&hellip;]<\/p>\n","protected":false},"author":1,"featured_media":0,"parent":0,"menu_order":0,"comment_status":"closed","ping_status":"closed","template":"template-builder.php","meta":{"_acf_changed":false,"inline_featured_image":false,"footnotes":""},"class_list":["post-1430","page","type-page","status-publish","hentry"],"acf":[],"yoast_head":"<!-- This site is optimized with the Yoast SEO plugin v27.3 - https:\/\/yoast.com\/product\/yoast-seo-wordpress\/ -->\n<title>Spinsahara Casino App | T\u00e9l\u00e9charger pour iOS et Android<\/title>\n<meta name=\"description\" content=\"Acc\u00e9dez \u00e0 tous vos jeux pr\u00e9f\u00e9r\u00e9s o\u00f9 que vous soyez. Avec l&#039;app Spin Sahara Casino pour iOS et Android, vos machines \u00e0 sous et jeux de table pr\u00e9f\u00e9r\u00e9s sont toujours \u00e0 port\u00e9e de clic.\" \/>\n<meta name=\"robots\" content=\"index, follow, max-snippet:-1, max-image-preview:large, max-video-preview:-1\" \/>\n<link rel=\"canonical\" href=\"https:\/\/spinsaharacasino.org\/fr\/app\/\" \/>\n<meta property=\"og:locale\" content=\"fr_FR\" \/>\n<meta property=\"og:type\" content=\"article\" \/>\n<meta property=\"og:title\" content=\"Spinsahara Casino App | T\u00e9l\u00e9charger pour iOS et Android\" \/>\n<meta property=\"og:description\" content=\"Acc\u00e9dez \u00e0 tous vos jeux pr\u00e9f\u00e9r\u00e9s o\u00f9 que vous soyez. Avec l&#039;app Spin Sahara Casino pour iOS et Android, vos machines \u00e0 sous et jeux de table pr\u00e9f\u00e9r\u00e9s sont toujours \u00e0 port\u00e9e de clic.\" \/>\n<meta property=\"og:url\" content=\"https:\/\/spinsaharacasino.org\/fr\/app\/\" \/>\n<meta property=\"og:site_name\" content=\"spinsahara\" \/>\n<meta property=\"article:modified_time\" content=\"2025-12-24T09:18:36+00:00\" \/>\n<meta name=\"twitter:card\" content=\"summary_large_image\" \/>\n<meta name=\"twitter:label1\" content=\"Dur\u00e9e de lecture estim\u00e9e\" \/>\n\t<meta name=\"twitter:data1\" content=\"3 minutes\" \/>\n<script type=\"application\/ld+json\" class=\"yoast-schema-graph\">{\"@context\":\"https:\\\/\\\/schema.org\",\"@graph\":[{\"@type\":\"WebPage\",\"@id\":\"https:\\\/\\\/spinsaharacasino.org\\\/fr\\\/app\\\/\",\"url\":\"https:\\\/\\\/spinsaharacasino.org\\\/fr\\\/app\\\/\",\"name\":\"Spinsahara Casino App | T\u00e9l\u00e9charger pour iOS et Android\",\"isPartOf\":{\"@id\":\"https:\\\/\\\/spinsaharacasino.org\\\/fr\\\/#website\"},\"datePublished\":\"2025-11-12T13:54:24+00:00\",\"dateModified\":\"2025-12-24T09:18:36+00:00\",\"description\":\"Acc\u00e9dez \u00e0 tous vos jeux pr\u00e9f\u00e9r\u00e9s o\u00f9 que vous soyez. Avec l'app Spin Sahara Casino pour iOS et Android, vos machines \u00e0 sous et jeux de table pr\u00e9f\u00e9r\u00e9s sont toujours \u00e0 port\u00e9e de clic.\",\"breadcrumb\":{\"@id\":\"https:\\\/\\\/spinsaharacasino.org\\\/fr\\\/app\\\/#breadcrumb\"},\"inLanguage\":\"fr-FR\",\"potentialAction\":[{\"@type\":\"ReadAction\",\"target\":[\"https:\\\/\\\/spinsaharacasino.org\\\/fr\\\/app\\\/\"]}]},{\"@type\":\"BreadcrumbList\",\"@id\":\"https:\\\/\\\/spinsaharacasino.org\\\/fr\\\/app\\\/#breadcrumb\",\"itemListElement\":[{\"@type\":\"ListItem\",\"position\":1,\"name\":\"Spinsahara\",\"item\":\"https:\\\/\\\/spinsaharacasino.org\\\/fr\\\/\"},{\"@type\":\"ListItem\",\"position\":2,\"name\":\"App\"}]},{\"@type\":\"WebSite\",\"@id\":\"https:\\\/\\\/spinsaharacasino.org\\\/fr\\\/#website\",\"url\":\"https:\\\/\\\/spinsaharacasino.org\\\/fr\\\/\",\"name\":\"Spinsahara\",\"description\":\"\",\"publisher\":{\"@id\":\"https:\\\/\\\/spinsaharacasino.org\\\/fr\\\/#organization\"},\"potentialAction\":[{\"@type\":\"SearchAction\",\"target\":{\"@type\":\"EntryPoint\",\"urlTemplate\":\"https:\\\/\\\/spinsaharacasino.org\\\/fr\\\/?s={search_term_string}\"},\"query-input\":{\"@type\":\"PropertyValueSpecification\",\"valueRequired\":true,\"valueName\":\"search_term_string\"}}],\"inLanguage\":\"fr-FR\"},{\"@type\":\"Organization\",\"@id\":\"https:\\\/\\\/spinsaharacasino.org\\\/fr\\\/#organization\",\"name\":\"Spinsahara\",\"url\":\"https:\\\/\\\/spinsaharacasino.org\\\/fr\\\/\",\"logo\":{\"@type\":\"ImageObject\",\"inLanguage\":\"fr-FR\",\"@id\":\"https:\\\/\\\/spinsaharacasino.org\\\/fr\\\/#\\\/schema\\\/logo\\\/image\\\/\",\"url\":\"https:\\\/\\\/spinsaharacasino.org\\\/wp-content\\\/uploads\\\/2025\\\/11\\\/logo.svg\",\"contentUrl\":\"https:\\\/\\\/spinsaharacasino.org\\\/wp-content\\\/uploads\\\/2025\\\/11\\\/logo.svg\",\"width\":160,\"height\":31,\"caption\":\"Spinsahara\"},\"image\":{\"@id\":\"https:\\\/\\\/spinsaharacasino.org\\\/fr\\\/#\\\/schema\\\/logo\\\/image\\\/\"}}]}<\/script>\n<!-- \/ Yoast SEO plugin. -->","yoast_head_json":{"title":"Spinsahara Casino App | T\u00e9l\u00e9charger pour iOS et Android","description":"Acc\u00e9dez \u00e0 tous vos jeux pr\u00e9f\u00e9r\u00e9s o\u00f9 que vous soyez. Avec l'app Spin Sahara Casino pour iOS et Android, vos machines \u00e0 sous et jeux de table pr\u00e9f\u00e9r\u00e9s sont toujours \u00e0 port\u00e9e de clic.","robots":{"index":"index","follow":"follow","max-snippet":"max-snippet:-1","max-image-preview":"max-image-preview:large","max-video-preview":"max-video-preview:-1"},"canonical":"https:\/\/spinsaharacasino.org\/fr\/app\/","og_locale":"fr_FR","og_type":"article","og_title":"Spinsahara Casino App | T\u00e9l\u00e9charger pour iOS et Android","og_description":"Acc\u00e9dez \u00e0 tous vos jeux pr\u00e9f\u00e9r\u00e9s o\u00f9 que vous soyez. Avec l'app Spin Sahara Casino pour iOS et Android, vos machines \u00e0 sous et jeux de table pr\u00e9f\u00e9r\u00e9s sont toujours \u00e0 port\u00e9e de clic.","og_url":"https:\/\/spinsaharacasino.org\/fr\/app\/","og_site_name":"spinsahara","article_modified_time":"2025-12-24T09:18:36+00:00","twitter_card":"summary_large_image","twitter_misc":{"Dur\u00e9e de lecture estim\u00e9e":"3 minutes"},"schema":{"@context":"https:\/\/schema.org","@graph":[{"@type":"WebPage","@id":"https:\/\/spinsaharacasino.org\/fr\/app\/","url":"https:\/\/spinsaharacasino.org\/fr\/app\/","name":"Spinsahara Casino App | T\u00e9l\u00e9charger pour iOS et Android","isPartOf":{"@id":"https:\/\/spinsaharacasino.org\/fr\/#website"},"datePublished":"2025-11-12T13:54:24+00:00","dateModified":"2025-12-24T09:18:36+00:00","description":"Acc\u00e9dez \u00e0 tous vos jeux pr\u00e9f\u00e9r\u00e9s o\u00f9 que vous soyez. Avec l'app Spin Sahara Casino pour iOS et Android, vos machines \u00e0 sous et jeux de table pr\u00e9f\u00e9r\u00e9s sont toujours \u00e0 port\u00e9e de clic.","breadcrumb":{"@id":"https:\/\/spinsaharacasino.org\/fr\/app\/#breadcrumb"},"inLanguage":"fr-FR","potentialAction":[{"@type":"ReadAction","target":["https:\/\/spinsaharacasino.org\/fr\/app\/"]}]},{"@type":"BreadcrumbList","@id":"https:\/\/spinsaharacasino.org\/fr\/app\/#breadcrumb","itemListElement":[{"@type":"ListItem","position":1,"name":"Spinsahara","item":"https:\/\/spinsaharacasino.org\/fr\/"},{"@type":"ListItem","position":2,"name":"App"}]},{"@type":"WebSite","@id":"https:\/\/spinsaharacasino.org\/fr\/#website","url":"https:\/\/spinsaharacasino.org\/fr\/","name":"Spinsahara","description":"","publisher":{"@id":"https:\/\/spinsaharacasino.org\/fr\/#organization"},"potentialAction":[{"@type":"SearchAction","target":{"@type":"EntryPoint","urlTemplate":"https:\/\/spinsaharacasino.org\/fr\/?s={search_term_string}"},"query-input":{"@type":"PropertyValueSpecification","valueRequired":true,"valueName":"search_term_string"}}],"inLanguage":"fr-FR"},{"@type":"Organization","@id":"https:\/\/spinsaharacasino.org\/fr\/#organization","name":"Spinsahara","url":"https:\/\/spinsaharacasino.org\/fr\/","logo":{"@type":"ImageObject","inLanguage":"fr-FR","@id":"https:\/\/spinsaharacasino.org\/fr\/#\/schema\/logo\/image\/","url":"https:\/\/spinsaharacasino.org\/wp-content\/uploads\/2025\/11\/logo.svg","contentUrl":"https:\/\/spinsaharacasino.org\/wp-content\/uploads\/2025\/11\/logo.svg","width":160,"height":31,"caption":"Spinsahara"},"image":{"@id":"https:\/\/spinsaharacasino.org\/fr\/#\/schema\/logo\/image\/"}}]}},"_links":{"self":[{"href":"https:\/\/spinsaharacasino.org\/fr\/wp-json\/wp\/v2\/pages\/1430","targetHints":{"allow":["GET"]}}],"collection":[{"href":"https:\/\/spinsaharacasino.org\/fr\/wp-json\/wp\/v2\/pages"}],"about":[{"href":"https:\/\/spinsaharacasino.org\/fr\/wp-json\/wp\/v2\/types\/page"}],"author":[{"embeddable":true,"href":"https:\/\/spinsaharacasino.org\/fr\/wp-json\/wp\/v2\/users\/1"}],"replies":[{"embeddable":true,"href":"https:\/\/spinsaharacasino.org\/fr\/wp-json\/wp\/v2\/comments?post=1430"}],"version-history":[{"count":4,"href":"https:\/\/spinsaharacasino.org\/fr\/wp-json\/wp\/v2\/pages\/1430\/revisions"}],"predecessor-version":[{"id":1872,"href":"https:\/\/spinsaharacasino.org\/fr\/wp-json\/wp\/v2\/pages\/1430\/revisions\/1872"}],"wp:attachment":[{"href":"https:\/\/spinsaharacasino.org\/fr\/wp-json\/wp\/v2\/media?parent=1430"}],"curies":[{"name":"wp","href":"https:\/\/api.w.org\/{rel}","templated":true}]}}