{"id":1484,"date":"2025-11-12T13:57:24","date_gmt":"2025-11-12T13:57:24","guid":{"rendered":"https:\/\/spinsaharacasino.org\/login-and-registration\/"},"modified":"2025-11-13T10:47:25","modified_gmt":"2025-11-13T10:47:25","slug":"inicio-de-sesion-y-registro","status":"publish","type":"page","link":"https:\/\/spinsaharacasino.org\/es\/inicio-de-sesion-y-registro\/","title":{"rendered":"Inicio de sesi\u00f3n y Registro"},"content":{"rendered":"<h1>Inicio de sesi\u00f3n y registro en Spinsahara<\/h1>\n<p>El Spinsahara login permite a los jugadores acceder a sus cuentas de forma segura y sin interrupciones en cualquier momento. Nuestra plataforma est\u00e1 dise\u00f1ada para un acceso r\u00e1pido, eficiente y sin interrupciones, con el fin de proporcionar inicios de sesi\u00f3n r\u00e1pidos, dep\u00f3sitos y retiradas r\u00e1pidas y acceso inmediato a los juegos disponibles. Con el cifrado y la verificaci\u00f3n de usuarios, Spinsahara garantiza la seguridad de todas las sesiones de inicio de sesi\u00f3n y ofrece una experiencia de juego profesional y sin complicaciones.<\/p>\n<p><div class=\"banner-wrap\" aria-label=\"Banner\"><img src=\"https:\/\/spinsaharacasino.org\/wp-content\/uploads\/2025\/12\/Spinsahara-banner-carousel-932\u04454.webp\" class=\"w-100 d-none d-lg-block img-pc main-banner-img\" alt=\"Spinsahara banner desktop\" fetchpriority=\"high\" decoding=\"async\"><img src=\"https:\/\/spinsaharacasino.org\/wp-content\/uploads\/2025\/12\/Frame-35.webp\" class=\"w-100 d-none d-md-block d-lg-none main-banner-img\" alt=\"Spinsahara banner mobile\" fetchpriority=\"high\" decoding=\"async\"><img src=\"https:\/\/spinsaharacasino.org\/wp-content\/uploads\/2025\/12\/Frame-35.webp\" class=\"w-100 d-md-none\" alt=\"Spinsahara banner mobile\" fetchpriority=\"high\" decoding=\"async\"><div class=\"banner-description\">\n<div class=\"banner-title\">Bonos de bienvenida<\/div>\n<p class=\"banner-header-title\">1500 \u20ac<\/p>\n<div class=\"banner-header-AdditionalText\">+ 250 Giros gratis<\/div>\n<button data-item=\"homepage_banner_link\" class=\"goto m-button m-gradient-border m-button--primary m-button--large banner-button btn-orange\">\n            <div class=\"m-button-content\">\n                <span>Reg\u00edstrese ahora<\/span>\n                <span><\/span>\n            <\/div>\n        <\/button>\n<\/div>\n<div class=\"WelcomePack\">\n<p><img loading=\"lazy\" decoding=\"async\" class=\"alignnone size-full wp-image-1340\" src=\"https:\/\/spinsaharacasino.org\/wp-content\/uploads\/2025\/11\/welcome-crown.svg\" alt=\"crown\" width=\"25\" height=\"26\" \/><\/p>\n<div class=\"WelcomePack-Info\">Reembolso semanal de hasta el 25 %<\/div>\n<p><img loading=\"lazy\" decoding=\"async\" class=\"alignnone size-full wp-image-1340\" src=\"https:\/\/spinsaharacasino.org\/wp-content\/uploads\/2025\/11\/welcome-crown.svg\" alt=\"crown\" width=\"25\" height=\"26\" \/><\/p>\n<\/div>\n<\/div><div class=\"scrollable-content-wrap my-5\"><div class=\"scrollable-content-inner\"><h2>C\u00f3mo registrarse en Spinsahara<\/h2>\n<p>Registrarse en Spin Sahara le permite disfrutar de miles de juegos de casino, promociones exclusivas y transacciones seguras y c\u00f3modas, todo ello en un tiempo r\u00e9cord. Jugar a un juego de casino solo lleva unos minutos. As\u00ed de f\u00e1cil y r\u00e1pido lo hemos hecho para usted. El enfoque en la seguridad de nuestros procesos garantiza su tranquilidad.<\/p>\n<p>Tu cuenta te ofrece un panel de control personal en el que puedes introducir toda la informaci\u00f3n necesaria. Desde all\u00ed, puedes gestionar tus dep\u00f3sitos y retiradas, recibir tus bonificaciones y jugar a los juegos de Spinsahara Casino sin interrupciones, independientemente del dispositivo que utilices.<\/p>\n<h3>Configuraci\u00f3n de la cuenta de Spinsahara<\/h3>\n<p>El proceso de registro no lleva m\u00e1s de unos minutos. No te pedimos que proporciones mucha informaci\u00f3n personal, solo tu correo electr\u00f3nico y contrase\u00f1a en los primeros pasos. Puedes seguir nuestras instrucciones a continuaci\u00f3n para registrarte r\u00e1pidamente en Spinsahara:<\/p>\n<ol>\n<li>Debes visitar el sitio web oficial de Spinsahara Casino.<\/li>\n<li>A continuaci\u00f3n, los usuarios deben seleccionar \u00abRegistrarse\u00bb en la esquina superior derecha de la p\u00e1gina de inicio.<\/li>\n<li>Debes proporcionar una direcci\u00f3n de correo electr\u00f3nico y crear una contrase\u00f1a.<\/li>\n<li>Todos nuestros jugadores deben confirmar que son mayores de 18 a\u00f1os y aceptar nuestros t\u00e9rminos y condiciones.<\/li>\n<li>El \u00faltimo paso es verificar su correo electr\u00f3nico haciendo clic en el enlace que recibir\u00e1.<\/li>\n<\/ol>\n<p>Tambi\u00e9n hay una opci\u00f3n m\u00e1s r\u00e1pida para crear una cuenta vinculada a su cuenta de Google. Para ello, debe seguir el enlace \u00abGoogle\u00bb del formulario de registro.<\/p>\n<h2>C\u00f3mo iniciar sesi\u00f3n y gestionar tu cuenta de Spin Sahara<\/h2>\n<p>El proceso de inicio de sesi\u00f3n en Spinsahara no le llevar\u00e1 mucho tiempo, pero le reportar\u00e1 muchas ventajas. Despu\u00e9s, podr\u00e1 jugar con dinero real y participar en torneos. Puede leer las instrucciones que figuran a continuaci\u00f3n para que el proceso de inicio de sesi\u00f3n en Spinsahara sea fluido:<\/p>\n<ol>\n<li>Para iniciar sesi\u00f3n en tu cuenta, visita la p\u00e1gina de inicio de Spinsahara Casino.<\/li>\n<li>A continuaci\u00f3n, haz clic en el bot\u00f3n \u00abIniciar sesi\u00f3n\u00bb situado en la parte superior de la p\u00e1gina.<\/li>\n<li>A continuaci\u00f3n, escribe tu correo electr\u00f3nico y la contrase\u00f1a que utilizaste al registrarte y haz clic en \u00abIniciar sesi\u00f3n\u00bb para acceder al panel de control de tu cuenta.<\/li>\n<\/ol>\n<p>Una vez que hayas iniciado sesi\u00f3n, podr\u00e1s gestionar tu cuenta y tu perfil de Spin Sahara. Tendr\u00e1s una visi\u00f3n general de las transacciones de tu cuenta y del historial de bonificaciones. Adem\u00e1s, aqu\u00ed podr\u00e1s activar promociones, ajustar la configuraci\u00f3n de la cuenta y ponerte en contacto con nuestro servicio de asistencia multiling\u00fce a trav\u00e9s del chat en vivo y el correo electr\u00f3nico si tienes alguna pregunta.<\/p>\n<p>Sin embargo, si no puede acceder a su cuenta de Spinsahara, haga clic en el bot\u00f3n \u00ab\u00bfHa olvidado su contrase\u00f1a?\u00bb en la p\u00e1gina de inicio de sesi\u00f3n de Spinsahara. A continuaci\u00f3n, podr\u00e1 introducir su correo electr\u00f3nico y le enviaremos un enlace seguro para restablecer su contrase\u00f1a. Si necesita ayuda para recuperar su contrase\u00f1a, env\u00ede un correo electr\u00f3nico o chatee con nuestro equipo de asistencia, disponible las 24 horas del d\u00eda, los 7 d\u00edas de la semana, en la mayor\u00eda de los idiomas.<\/p>\n<h2>Verificaci\u00f3n de la cuenta de Spinsahara<\/h2>\n<p>Para garantizar que la verificaci\u00f3n cumpla con las normas de licencia y respalde transacciones seguras, aplicamos normas estrictas para los entornos de juego en Spin Sahara Casino. El cumplimiento de estas normas, incluidas las condiciones de licencia, es obligatorio. A efectos de verificaci\u00f3n, es posible que el jugador deba proporcionar los siguientes tipos de documentos:<\/p>\n<table>\n<tbody>\n<tr>\n<td>Documento requerido<\/td>\n<td>Detalles<\/td>\n<\/tr>\n<tr>\n<td>Un documento de identidad emitido por el gobierno<\/td>\n<td>Se utiliza para confirmar su identidad y edad (pasaporte, documento de identidad o permiso de conducir).<\/td>\n<\/tr>\n<tr>\n<td>Prueba de domicilio<\/td>\n<td>Una factura reciente de servicios p\u00fablicos o un extracto bancario (emitido en los \u00faltimos 3 meses) para verificar su residencia.<\/td>\n<\/tr>\n<tr>\n<td>Verificaci\u00f3n del m\u00e9todo de pago<\/td>\n<td>Confirma la titularidad del m\u00e9todo de dep\u00f3sito (por ejemplo, captura de pantalla o foto de la tarjeta\/monedero electr\u00f3nico utilizado).<\/td>\n<\/tr>\n<\/tbody>\n<\/table>\n<p>Nuestros gestores comprobar\u00e1n los documentos cargados en un plazo de 48 horas. Una vez finalizado el proceso de verificaci\u00f3n, todas las transacciones y actividades de la cuenta estar\u00e1n protegidas por las avanzadas medidas de seguridad implementadas por Spinsahara Casino.<\/p>\n<h2>Preguntas frecuentes<\/h2>\n<h3>\u00bfC\u00f3mo puedo crear una nueva cuenta en Spin Sahara?<\/h3>\n<p>Para crear una cuenta, debe hacer clic en el bot\u00f3n \u00abRegistrarse\u00bb de la p\u00e1gina principal y seguir las instrucciones. El proceso no lleva m\u00e1s de unos minutos y le da acceso a todas las funciones de la plataforma.<\/p>\n<h3>\u00bfQu\u00e9 debo hacer si no puedo iniciar sesi\u00f3n en mi cuenta?<\/h3>\n<p>Antes de nada, aseg\u00farate de que el correo electr\u00f3nico y la contrase\u00f1a que est\u00e1s utilizando para iniciar sesi\u00f3n son correctos. Si no recuerdas tu contrase\u00f1a, puedes utilizar la opci\u00f3n \u00ab\u00bfHas olvidado tu contrase\u00f1a?\u00bb que se encuentra justo debajo de la informaci\u00f3n de inicio de sesi\u00f3n de Spinsahara. Para obtener m\u00e1s ayuda, debes ponerte en contacto con nuestro equipo de asistencia a trav\u00e9s del chat en vivo o por correo electr\u00f3nico.<\/p>\n<h3>\u00bfPor qu\u00e9 se me pide que verifique mi cuenta?<\/h3>\n<p>La identidad del usuario y la protecci\u00f3n de todas las transacciones monetarias en el sitio web de Spinsahara Casino son los dos requisitos que debemos cumplir. Esto es necesario para respaldar los \u00abT\u00e9rminos y condiciones\u00bb para todos los jugadores, garantizar el cumplimiento de los requisitos de licencia y mantener todos los sistemas bajo control.<\/p>\n<h3>\u00bfPuedo cambiar mi nombre de usuario o mi direcci\u00f3n de correo electr\u00f3nico registrada?<\/h3>\n<p>En su cuenta personal, tiene la posibilidad de cambiar toda su informaci\u00f3n personal y de pago, incluyendo su nombre de usuario y correo electr\u00f3nico. Le llevar\u00e1 unos minutos y su cuenta seguir\u00e1 estando segura.<\/p>\n<\/div><\/div><\/p>\n","protected":false},"excerpt":{"rendered":"<p>Inicio de sesi\u00f3n y registro en Spinsahara El Spinsahara login permite a los jugadores acceder a sus cuentas de forma segura y sin interrupciones en cualquier momento. Nuestra plataforma est\u00e1 dise\u00f1ada para un acceso r\u00e1pido, eficiente y sin interrupciones, con el fin de proporcionar inicios de sesi\u00f3n r\u00e1pidos, dep\u00f3sitos y retiradas r\u00e1pidas y acceso inmediato [&hellip;]<\/p>\n","protected":false},"author":1,"featured_media":0,"parent":0,"menu_order":0,"comment_status":"closed","ping_status":"closed","template":"template-builder.php","meta":{"_acf_changed":false,"inline_featured_image":false,"footnotes":""},"class_list":["post-1484","page","type-page","status-publish","hentry"],"acf":[],"yoast_head":"<!-- This site is optimized with the Yoast SEO plugin v27.3 - https:\/\/yoast.com\/product\/yoast-seo-wordpress\/ -->\n<title>Spinsahara login y registro de cuenta<\/title>\n<meta name=\"description\" content=\"Crea tu Spin Sahara login y empieza a jugar. Los nuevos usuarios pueden registrarse en segundos, y los que ya lo han hecho pueden iniciar sesi\u00f3n para administrar su perfil, completar la verificaci\u00f3n y acceder a su cuenta de forma segura.\" \/>\n<meta name=\"robots\" content=\"index, follow, max-snippet:-1, max-image-preview:large, max-video-preview:-1\" \/>\n<link rel=\"canonical\" href=\"https:\/\/spinsaharacasino.org\/es\/inicio-de-sesion-y-registro\/\" \/>\n<meta property=\"og:locale\" content=\"es_ES\" \/>\n<meta property=\"og:type\" content=\"article\" \/>\n<meta property=\"og:title\" content=\"Spinsahara login y registro de cuenta\" \/>\n<meta property=\"og:description\" content=\"Crea tu Spin Sahara login y empieza a jugar. Los nuevos usuarios pueden registrarse en segundos, y los que ya lo han hecho pueden iniciar sesi\u00f3n para administrar su perfil, completar la verificaci\u00f3n y acceder a su cuenta de forma segura.\" \/>\n<meta property=\"og:url\" content=\"https:\/\/spinsaharacasino.org\/es\/inicio-de-sesion-y-registro\/\" \/>\n<meta property=\"og:site_name\" content=\"spinsahara\" \/>\n<meta property=\"article:modified_time\" content=\"2025-11-13T10:47:25+00:00\" \/>\n<meta name=\"twitter:card\" content=\"summary_large_image\" \/>\n<meta name=\"twitter:label1\" content=\"Est. reading time\" \/>\n\t<meta name=\"twitter:data1\" content=\"1 minute\" \/>\n<script type=\"application\/ld+json\" class=\"yoast-schema-graph\">{\"@context\":\"https:\\\/\\\/schema.org\",\"@graph\":[{\"@type\":\"WebPage\",\"@id\":\"https:\\\/\\\/spinsaharacasino.org\\\/es\\\/inicio-de-sesion-y-registro\\\/\",\"url\":\"https:\\\/\\\/spinsaharacasino.org\\\/es\\\/inicio-de-sesion-y-registro\\\/\",\"name\":\"Spinsahara login y registro de cuenta\",\"isPartOf\":{\"@id\":\"https:\\\/\\\/spinsaharacasino.org\\\/es\\\/#website\"},\"datePublished\":\"2025-11-12T13:57:24+00:00\",\"dateModified\":\"2025-11-13T10:47:25+00:00\",\"description\":\"Crea tu Spin Sahara login y empieza a jugar. Los nuevos usuarios pueden registrarse en segundos, y los que ya lo han hecho pueden iniciar sesi\u00f3n para administrar su perfil, completar la verificaci\u00f3n y acceder a su cuenta de forma segura.\",\"breadcrumb\":{\"@id\":\"https:\\\/\\\/spinsaharacasino.org\\\/es\\\/inicio-de-sesion-y-registro\\\/#breadcrumb\"},\"inLanguage\":\"es-ES\",\"potentialAction\":[{\"@type\":\"ReadAction\",\"target\":[\"https:\\\/\\\/spinsaharacasino.org\\\/es\\\/inicio-de-sesion-y-registro\\\/\"]}]},{\"@type\":\"BreadcrumbList\",\"@id\":\"https:\\\/\\\/spinsaharacasino.org\\\/es\\\/inicio-de-sesion-y-registro\\\/#breadcrumb\",\"itemListElement\":[{\"@type\":\"ListItem\",\"position\":1,\"name\":\"Spinsahara\",\"item\":\"https:\\\/\\\/spinsaharacasino.org\\\/es\\\/\"},{\"@type\":\"ListItem\",\"position\":2,\"name\":\"Inicio de sesi\u00f3n y Registro\"}]},{\"@type\":\"WebSite\",\"@id\":\"https:\\\/\\\/spinsaharacasino.org\\\/es\\\/#website\",\"url\":\"https:\\\/\\\/spinsaharacasino.org\\\/es\\\/\",\"name\":\"Spinsahara\",\"description\":\"\",\"publisher\":{\"@id\":\"https:\\\/\\\/spinsaharacasino.org\\\/es\\\/#organization\"},\"potentialAction\":[{\"@type\":\"SearchAction\",\"target\":{\"@type\":\"EntryPoint\",\"urlTemplate\":\"https:\\\/\\\/spinsaharacasino.org\\\/es\\\/?s={search_term_string}\"},\"query-input\":{\"@type\":\"PropertyValueSpecification\",\"valueRequired\":true,\"valueName\":\"search_term_string\"}}],\"inLanguage\":\"es-ES\"},{\"@type\":\"Organization\",\"@id\":\"https:\\\/\\\/spinsaharacasino.org\\\/es\\\/#organization\",\"name\":\"Spinsahara\",\"url\":\"https:\\\/\\\/spinsaharacasino.org\\\/es\\\/\",\"logo\":{\"@type\":\"ImageObject\",\"inLanguage\":\"es-ES\",\"@id\":\"https:\\\/\\\/spinsaharacasino.org\\\/es\\\/#\\\/schema\\\/logo\\\/image\\\/\",\"url\":\"https:\\\/\\\/spinsaharacasino.org\\\/wp-content\\\/uploads\\\/2025\\\/11\\\/logo.svg\",\"contentUrl\":\"https:\\\/\\\/spinsaharacasino.org\\\/wp-content\\\/uploads\\\/2025\\\/11\\\/logo.svg\",\"width\":160,\"height\":31,\"caption\":\"Spinsahara\"},\"image\":{\"@id\":\"https:\\\/\\\/spinsaharacasino.org\\\/es\\\/#\\\/schema\\\/logo\\\/image\\\/\"}}]}<\/script>\n<!-- \/ Yoast SEO plugin. -->","yoast_head_json":{"title":"Spinsahara login y registro de cuenta","description":"Crea tu Spin Sahara login y empieza a jugar. Los nuevos usuarios pueden registrarse en segundos, y los que ya lo han hecho pueden iniciar sesi\u00f3n para administrar su perfil, completar la verificaci\u00f3n y acceder a su cuenta de forma segura.","robots":{"index":"index","follow":"follow","max-snippet":"max-snippet:-1","max-image-preview":"max-image-preview:large","max-video-preview":"max-video-preview:-1"},"canonical":"https:\/\/spinsaharacasino.org\/es\/inicio-de-sesion-y-registro\/","og_locale":"es_ES","og_type":"article","og_title":"Spinsahara login y registro de cuenta","og_description":"Crea tu Spin Sahara login y empieza a jugar. Los nuevos usuarios pueden registrarse en segundos, y los que ya lo han hecho pueden iniciar sesi\u00f3n para administrar su perfil, completar la verificaci\u00f3n y acceder a su cuenta de forma segura.","og_url":"https:\/\/spinsaharacasino.org\/es\/inicio-de-sesion-y-registro\/","og_site_name":"spinsahara","article_modified_time":"2025-11-13T10:47:25+00:00","twitter_card":"summary_large_image","twitter_misc":{"Est. reading time":"1 minute"},"schema":{"@context":"https:\/\/schema.org","@graph":[{"@type":"WebPage","@id":"https:\/\/spinsaharacasino.org\/es\/inicio-de-sesion-y-registro\/","url":"https:\/\/spinsaharacasino.org\/es\/inicio-de-sesion-y-registro\/","name":"Spinsahara login y registro de cuenta","isPartOf":{"@id":"https:\/\/spinsaharacasino.org\/es\/#website"},"datePublished":"2025-11-12T13:57:24+00:00","dateModified":"2025-11-13T10:47:25+00:00","description":"Crea tu Spin Sahara login y empieza a jugar. Los nuevos usuarios pueden registrarse en segundos, y los que ya lo han hecho pueden iniciar sesi\u00f3n para administrar su perfil, completar la verificaci\u00f3n y acceder a su cuenta de forma segura.","breadcrumb":{"@id":"https:\/\/spinsaharacasino.org\/es\/inicio-de-sesion-y-registro\/#breadcrumb"},"inLanguage":"es-ES","potentialAction":[{"@type":"ReadAction","target":["https:\/\/spinsaharacasino.org\/es\/inicio-de-sesion-y-registro\/"]}]},{"@type":"BreadcrumbList","@id":"https:\/\/spinsaharacasino.org\/es\/inicio-de-sesion-y-registro\/#breadcrumb","itemListElement":[{"@type":"ListItem","position":1,"name":"Spinsahara","item":"https:\/\/spinsaharacasino.org\/es\/"},{"@type":"ListItem","position":2,"name":"Inicio de sesi\u00f3n y Registro"}]},{"@type":"WebSite","@id":"https:\/\/spinsaharacasino.org\/es\/#website","url":"https:\/\/spinsaharacasino.org\/es\/","name":"Spinsahara","description":"","publisher":{"@id":"https:\/\/spinsaharacasino.org\/es\/#organization"},"potentialAction":[{"@type":"SearchAction","target":{"@type":"EntryPoint","urlTemplate":"https:\/\/spinsaharacasino.org\/es\/?s={search_term_string}"},"query-input":{"@type":"PropertyValueSpecification","valueRequired":true,"valueName":"search_term_string"}}],"inLanguage":"es-ES"},{"@type":"Organization","@id":"https:\/\/spinsaharacasino.org\/es\/#organization","name":"Spinsahara","url":"https:\/\/spinsaharacasino.org\/es\/","logo":{"@type":"ImageObject","inLanguage":"es-ES","@id":"https:\/\/spinsaharacasino.org\/es\/#\/schema\/logo\/image\/","url":"https:\/\/spinsaharacasino.org\/wp-content\/uploads\/2025\/11\/logo.svg","contentUrl":"https:\/\/spinsaharacasino.org\/wp-content\/uploads\/2025\/11\/logo.svg","width":160,"height":31,"caption":"Spinsahara"},"image":{"@id":"https:\/\/spinsaharacasino.org\/es\/#\/schema\/logo\/image\/"}}]}},"_links":{"self":[{"href":"https:\/\/spinsaharacasino.org\/es\/wp-json\/wp\/v2\/pages\/1484","targetHints":{"allow":["GET"]}}],"collection":[{"href":"https:\/\/spinsaharacasino.org\/es\/wp-json\/wp\/v2\/pages"}],"about":[{"href":"https:\/\/spinsaharacasino.org\/es\/wp-json\/wp\/v2\/types\/page"}],"author":[{"embeddable":true,"href":"https:\/\/spinsaharacasino.org\/es\/wp-json\/wp\/v2\/users\/1"}],"replies":[{"embeddable":true,"href":"https:\/\/spinsaharacasino.org\/es\/wp-json\/wp\/v2\/comments?post=1484"}],"version-history":[{"count":1,"href":"https:\/\/spinsaharacasino.org\/es\/wp-json\/wp\/v2\/pages\/1484\/revisions"}],"predecessor-version":[{"id":1818,"href":"https:\/\/spinsaharacasino.org\/es\/wp-json\/wp\/v2\/pages\/1484\/revisions\/1818"}],"wp:attachment":[{"href":"https:\/\/spinsaharacasino.org\/es\/wp-json\/wp\/v2\/media?parent=1484"}],"curies":[{"name":"wp","href":"https:\/\/api.w.org\/{rel}","templated":true}]}}