{"id":1439,"date":"2025-11-12T13:54:24","date_gmt":"2025-11-12T13:54:24","guid":{"rendered":"https:\/\/spinsaharacasino.org\/app-2\/"},"modified":"2025-11-13T10:46:01","modified_gmt":"2025-11-13T10:46:01","slug":"aplicacion","status":"publish","type":"page","link":"https:\/\/spinsaharacasino.org\/es\/aplicacion\/","title":{"rendered":"Aplicaci\u00f3n"},"content":{"rendered":"<h1>Aplicaci\u00f3n del casino Spinsahara<\/h1>\n<p>La Spinsahara app es un software m\u00f3vil f\u00e1cil de usar que te permite disfrutar de juegos de casino sin interrupciones en cualquier momento y lugar. Nuestro casino m\u00f3vil y de escritorio ofrece miles de tragamonedas en l\u00ednea y otros juegos de casino. Tambi\u00e9n puedes disfrutar de juegos con crupier en vivo con tus amigos.<\/p>\n<p>Las transacciones r\u00e1pidas y estables cambian las reglas del juego al instante. No importa si tienes un dispositivo Android, iOS, Windows o Mac. La aplicaci\u00f3n Spinsahara ofrece una experiencia de juego ininterrumpida, una navegaci\u00f3n eficiente y una gesti\u00f3n total de la cuenta, est\u00e9s donde est\u00e9s.<\/p>\n<div class=\"banner-wrap\" aria-label=\"Banner\"><img src=\"https:\/\/spinsaharacasino.org\/wp-content\/uploads\/2025\/12\/Spinsahara-banner-carousel-932\u04454.webp\" class=\"w-100 d-none d-lg-block img-pc main-banner-img\" alt=\"Spinsahara banner desktop\" fetchpriority=\"high\" decoding=\"async\"><img src=\"https:\/\/spinsaharacasino.org\/wp-content\/uploads\/2025\/12\/Frame-35.webp\" class=\"w-100 d-none d-md-block d-lg-none main-banner-img\" alt=\"Spinsahara banner mobile\" fetchpriority=\"high\" decoding=\"async\"><img src=\"https:\/\/spinsaharacasino.org\/wp-content\/uploads\/2025\/12\/Frame-35.webp\" class=\"w-100 d-md-none\" alt=\"Spinsahara banner mobile\" fetchpriority=\"high\" decoding=\"async\"><div class=\"banner-description\">\n<div class=\"banner-title\">Bonos de bienvenida<\/div>\n<p class=\"banner-header-title\">1500 \u20ac<\/p>\n<div class=\"banner-header-AdditionalText\">+ 250 Giros gratis<\/div>\n<button data-item=\"homepage_banner_link\" class=\"goto m-button m-gradient-border m-button--primary m-button--large banner-button btn-orange\">\n            <div class=\"m-button-content\">\n                <span>Reg\u00edstrese ahora<\/span>\n                <span><\/span>\n            <\/div>\n        <\/button>\n<\/div>\n<div class=\"WelcomePack\">\n<p><img loading=\"lazy\" decoding=\"async\" class=\"alignnone size-full wp-image-1340\" src=\"https:\/\/spinsaharacasino.org\/wp-content\/uploads\/2025\/11\/welcome-crown.svg\" alt=\"crown\" width=\"25\" height=\"26\" \/><\/p>\n<div class=\"WelcomePack-Info\">Reembolso semanal de hasta el 25 %<\/div>\n<p><img loading=\"lazy\" decoding=\"async\" class=\"alignnone size-full wp-image-1340\" src=\"https:\/\/spinsaharacasino.org\/wp-content\/uploads\/2025\/11\/welcome-crown.svg\" alt=\"crown\" width=\"25\" height=\"26\" \/><\/p>\n<\/div>\n<\/div>\n<h2>Lleve Spinsahara Casino consigo<\/h2>\n<p>La aplicaci\u00f3n Spinsahara pone en tus manos la flexibilidad y el rendimiento de un casino m\u00f3vil. Aunque la versi\u00f3n para PC est\u00e1 configurada para ofrecer una experiencia de casino m\u00e1s tradicional, la aplicaci\u00f3n m\u00f3vil est\u00e1 optimizada para ofrecer velocidad, accesibilidad y comodidad de juego sobre la marcha. Aqu\u00ed tienes una comparaci\u00f3n clara de c\u00f3mo se compara la aplicaci\u00f3n m\u00f3vil Spin Sahara con la versi\u00f3n para PC:<\/p>\n<table>\n<tbody>\n<tr>\n<td>Caracter\u00edstica<\/td>\n<td>Aplicaci\u00f3n<\/td>\n<td>Versi\u00f3n para PC<\/td>\n<\/tr>\n<tr>\n<td>Rendimiento<\/td>\n<td>Mejorado para un acceso r\u00e1pido y un rendimiento mejorado en redes m\u00f3viles. Utiliza menos datos sin perder calidad.<\/td>\n<td>Var\u00eda seg\u00fan la velocidad de Internet y las especificaciones del sistema. Ofrece un rendimiento estable, pero puede requerir un mayor ancho de banda.<\/td>\n<\/tr>\n<tr>\n<td>Accesibilidad<\/td>\n<td>Con la aplicaci\u00f3n, se puede acceder a todos los juegos, dep\u00f3sitos en efectivo y retiradas de forma instant\u00e1nea, en cualquier lugar y en cualquier momento.<\/td>\n<td>Menos port\u00e1til, ya que requiere un ordenador y una conexi\u00f3n a Internet estable.<\/td>\n<\/tr>\n<tr>\n<td>Interfaz de usuario<\/td>\n<td>Dise\u00f1ada especialmente para pantallas t\u00e1ctiles, que son m\u00e1s f\u00e1ciles de usar y permiten ajustes r\u00e1pidos en el men\u00fa.<\/td>\n<td>Ofrece una pantalla a\u00fan m\u00e1s grande con dise\u00f1os e im\u00e1genes m\u00e1s complejos.<\/td>\n<\/tr>\n<tr>\n<td>Comodidad<\/td>\n<td>Todos los elementos, incluidos los juegos, los pagos y la asistencia, se consolidan en una plataforma compacta.<\/td>\n<td>Esto es perfecto para sesiones de juego m\u00e1s largas y para realizar m\u00faltiples tareas en una pantalla m\u00e1s grande.<\/td>\n<\/tr>\n<tr>\n<td>Notificaciones<\/td>\n<td>Recibe alertas cada vez que haya bonificaciones, promociones y actualizaciones disponibles para tu cuenta.<\/td>\n<td>No hay notificaciones push autom\u00e1ticas. Los jugadores deben comprobar estas cuentas manualmente.<\/td>\n<\/tr>\n<tr>\n<td>Gr\u00e1ficos y pantalla<\/td>\n<td>Se adapta a pantallas m\u00e1s peque\u00f1as y se acepta un nivel de detalle ligeramente inferior. Las animaciones fluidas en dispositivos con pantallas peque\u00f1as son animadas.<\/td>\n<td>Mayor resoluci\u00f3n y detalle gr\u00e1fico completo en monitores m\u00e1s grandes.<\/td>\n<\/tr>\n<tr>\n<td>Uso de datos<\/td>\n<td>Es eficiente y las conexiones m\u00f3viles est\u00e1n cuidadosamente dise\u00f1adas para utilizar menos datos.<\/td>\n<td>Cuando se juega y se transmite en una pantalla m\u00e1s grande, los datos del juego fluyen para renderizar los gr\u00e1ficos de forma adecuada para ese tama\u00f1o.<\/td>\n<\/tr>\n<\/tbody>\n<\/table>\n<p>La aplicaci\u00f3n Spinsahara te permite jugar a tus juegos de casino favoritos en cualquier lugar. Con su rendimiento eficiente, acceso seguro e informaci\u00f3n en tiempo real, esta aplicaci\u00f3n es imprescindible para los juegos m\u00f3viles.<\/p>\n<p><div style=\"clear: both\"><\/div><div class=\"d-flex justify-content-center\"><button data-item=\"decouvrez_link\" data-group=\"website_links\" class=\"goto fw-bold rounded-pill btn btn-orange\" aria-label=\"Descarga la aplicaci\u00f3n Spinsahara\" >Descarga la aplicaci\u00f3n Spinsahara<\/button><\/div><div class=\"scrollable-content-wrap my-5\"><div class=\"scrollable-content-inner\"><h2>Descargar la aplicaci\u00f3n para Android<\/h2>\n<p>La versi\u00f3n para Android de Spinsahara Casino ofrece la misma experiencia de calidad que la versi\u00f3n para ordenador. Puedes obtener una aplicaci\u00f3n web progresiva segura, r\u00e1pida y actualizada con frecuencia para Android sin necesidad de descargar ning\u00fan archivo APK desconocido de Spinsahara. Para tener Spin Sahara en tu Android, sigue las instrucciones que se indican a continuaci\u00f3n:<\/p>\n<ol>\n<li>Abre el navegador de tu m\u00f3vil y ve al sitio web oficial.<\/li>\n<li>Navega hasta el pie de p\u00e1gina del sitio web, al final de la pantalla.<\/li>\n<li>Haz clic en el bot\u00f3n \u00abAplicaci\u00f3n del casino\u00bb y la instalaci\u00f3n se iniciar\u00e1 autom\u00e1ticamente.<\/li>\n<li>Abre la aplicaci\u00f3n, inicia sesi\u00f3n y ya puedes empezar a jugar.<\/li>\n<\/ol>\n<p>Recuerda instalar siempre el casino m\u00f3vil desde el sitio web oficial para mantener tus datos privados a salvo. Si tienes alg\u00fan problema con la instalaci\u00f3n o con la aplicaci\u00f3n en general, siempre puedes ponerte en contacto con nuestro equipo de asistencia a trav\u00e9s del chat en vivo o por correo electr\u00f3nico.<\/p>\n<p><img loading=\"lazy\" decoding=\"async\" src=\"https:\/\/spinsaharacasino.org\/wp-content\/uploads\/2025\/11\/Spinsahara-Android-App.webp\" alt=\"Spinsahara Android App\" width=\"1248\" height=\"536\" \/><\/p>\n<\/div><\/div><div style=\"clear: both\"><\/div><div class=\"d-flex justify-content-center\"><button data-item=\"decouvrez_link\" data-group=\"website_links\" class=\"goto fw-bold rounded-pill btn btn-orange\" aria-label=\"Descargar Spinsahara\" >Descargar Spinsahara<\/button><\/div><div class=\"scrollable-content-wrap my-5\"><div class=\"scrollable-content-inner\"><h2>Aplicaci\u00f3n Spinsahara para iOS<\/h2>\n<p>No nos hemos olvidado de todos nuestros jugadores con iPhone y iPad. Tendr\u00e1s acceso a todas las funciones disponibles, incluyendo juegos, bonificaciones, torneos, retiradas tras el proceso de verificaci\u00f3n, servicio de atenci\u00f3n al cliente y mucho m\u00e1s. A continuaci\u00f3n te explicamos c\u00f3mo a\u00f1adir Spinsahara Casino a la pantalla de inicio de tu dispositivo iOS:<\/p>\n<ol>\n<li>Abre Safari en tu dispositivo Apple.<\/li>\n<li>Ve al sitio web oficial.<\/li>\n<li>Toca el icono Compartir (situado en la parte inferior de la pantalla).<\/li>\n<li>Despl\u00e1zate hacia abajo y selecciona \u00abA\u00f1adir a la pantalla de inicio\u00bb.<\/li>\n<li>Pulsa \u00abA\u00f1adir\u00bb para confirmar.<\/li>\n<\/ol>\n<p>Despu\u00e9s de esto, el icono de la aplicaci\u00f3n Spin Sahara aparecer\u00e1 en tu pantalla de inicio, igual que una aplicaci\u00f3n nativa. Puedes pulsarlo en cualquier momento para iniciar la experiencia de juego completa.<\/p>\n<p><img loading=\"lazy\" decoding=\"async\" src=\"https:\/\/spinsaharacasino.org\/wp-content\/uploads\/2025\/11\/Spinsahara-iOS-App.webp\" alt=\"Spinsahara iOS App\" width=\"1248\" height=\"536\" \/><\/p>\n<\/div><\/div><div style=\"clear: both\"><\/div><div class=\"d-flex justify-content-center\"><button data-item=\"decouvrez_link\" data-group=\"website_links\" class=\"goto fw-bold rounded-pill btn btn-orange\" aria-label=\"Descarga la aplicaci\u00f3n Spinsahara\" >Descarga la aplicaci\u00f3n Spinsahara<\/button><\/div><div class=\"scrollable-content-wrap my-5\"><div class=\"scrollable-content-inner\"><h2>Aplicaci\u00f3n para Windows y Mac de Spin Sahara Casino<\/h2>\n<p>Los juegos que m\u00e1s te gustan ahora son m\u00e1s accesibles que nunca con Spinsahara. Disfruta de tiempos de retirada r\u00e1pidos, asignaciones de bonificaciones gamificadas, acceso instant\u00e1neo a bonificaciones y juego ilimitado durante emocionantes torneos. Todas tus atracciones son m\u00e1s sencillas y eficientes en Spinsahara.<\/p>\n<p>Pasos para instalar Spinsahara en tu Windows o Mac:<\/p>\n<ol>\n<li>Abre cualquier navegador de tu elecci\u00f3n en tu PC.<\/li>\n<li>Accede al sitio web oficial.<\/li>\n<li>En la configuraci\u00f3n de tu navegador, busca la opci\u00f3n \u00abA\u00f1adir a la pantalla de inicio\u00bb.<\/li>\n<li>Confirma las acciones y el icono del casino aparecer\u00e1 en tu pantalla de inicio.<\/li>\n<\/ol>\n<p>Una vez completada la instalaci\u00f3n, la aplicaci\u00f3n Spinsahara estar\u00e1 disponible en tu escritorio o en el men\u00fa de inicio para abrirla con un solo clic. Puedes anclar la aplicaci\u00f3n a la barra de tareas para acceder a\u00fan m\u00e1s f\u00e1cilmente a tus juegos m\u00e1s jugados.<\/p>\n<p><img loading=\"lazy\" decoding=\"async\" src=\"https:\/\/spinsaharacasino.org\/wp-content\/uploads\/2025\/11\/Spinsahara-Desktop-App.webp\" alt=\"Spinsahara Desktop App\" width=\"1248\" height=\"536\" \/><\/p>\n<\/div><\/div><div style=\"clear: both\"><\/div><div class=\"d-flex justify-content-center\"><button data-item=\"decouvrez_link\" data-group=\"website_links\" class=\"goto fw-bold rounded-pill btn btn-orange\" aria-label=\"Descargar Spinsahara\" >Descargar Spinsahara<\/button><\/div><div class=\"scrollable-content-wrap my-5\"><div class=\"scrollable-content-inner\"><h2>Preguntas frecuentes<\/h2>\n<h3>\u00bfEn qu\u00e9 dispositivos puedo descargar la aplicaci\u00f3n del casino Spinsahara?<\/h3>\n<p>La aplicaci\u00f3n Spinsahara es compatible con varios dispositivos y sistemas operativos. Se puede descargar en tel\u00e9fonos y tabletas Android e iOS, independientemente de la versi\u00f3n. Adem\u00e1s, puedes utilizarla en ordenadores con Windows y macOS. Todas las versiones ofrecen acceso ilimitado a la aplicaci\u00f3n y a los juegos de casino en vivo.<\/p>\n<h3>\u00bfC\u00f3mo descargo e instalo la aplicaci\u00f3n en mi iPhone o iPad?<\/h3>\n<p>Para obtener la aplicaci\u00f3n Spinsahara Casino para tu iPhone o iPad, abre Safari y visita el sitio web oficial. Una vez abierto el sitio web, selecciona el bot\u00f3n Compartir en la parte inferior de la pantalla, despl\u00e1zate hacia abajo y selecciona \u00abA\u00f1adir a la pantalla de inicio\u00bb. Ahora podr\u00e1s ver el icono de acceso directo en tu pantalla de inicio y acceder al casino en cualquier momento como si fuera una aplicaci\u00f3n nativa.<\/p>\n<h3>\u00bfPuedo descargar la aplicaci\u00f3n directamente desde el sitio web de Spin Sahara?<\/h3>\n<p>El software m\u00f3vil est\u00e1 disponible en el sitio web oficial. Sigue la gu\u00eda disponible para una instalaci\u00f3n segura en tu dispositivo. Una vez completado el proceso, tendr\u00e1s a tu disposici\u00f3n todos los juegos, el casino en vivo y las funciones de gesti\u00f3n de la cuenta, lo que te permitir\u00e1 empezar a jugar en solo unos minutos.<\/p>\n<\/div><\/div><\/p>\n","protected":false},"excerpt":{"rendered":"<p>Aplicaci\u00f3n del casino Spinsahara La Spinsahara app es un software m\u00f3vil f\u00e1cil de usar que te permite disfrutar de juegos de casino sin interrupciones en cualquier momento y lugar. Nuestro casino m\u00f3vil y de escritorio ofrece miles de tragamonedas en l\u00ednea y otros juegos de casino. Tambi\u00e9n puedes disfrutar de juegos con crupier en vivo [&hellip;]<\/p>\n","protected":false},"author":1,"featured_media":0,"parent":0,"menu_order":0,"comment_status":"closed","ping_status":"closed","template":"template-builder.php","meta":{"_acf_changed":false,"inline_featured_image":false,"footnotes":""},"class_list":["post-1439","page","type-page","status-publish","hentry"],"acf":[],"yoast_head":"<!-- This site is optimized with the Yoast SEO plugin v27.3 - https:\/\/yoast.com\/product\/yoast-seo-wordpress\/ -->\n<title>Spinsahara Casino App | Descarga para iOS y Android<\/title>\n<meta name=\"description\" content=\"Accede a todos tus juegos favoritos dondequiera que est\u00e9s. Con la app de Spin Sahara Casino para iOS y Android, tus tragamonedas y juegos de mesa favoritos siempre est\u00e1n a un solo toque.\" \/>\n<meta name=\"robots\" content=\"index, follow, max-snippet:-1, max-image-preview:large, max-video-preview:-1\" \/>\n<link rel=\"canonical\" href=\"https:\/\/spinsaharacasino.org\/es\/aplicacion\/\" \/>\n<meta property=\"og:locale\" content=\"es_ES\" \/>\n<meta property=\"og:type\" content=\"article\" \/>\n<meta property=\"og:title\" content=\"Spinsahara Casino App | Descarga para iOS y Android\" \/>\n<meta property=\"og:description\" content=\"Accede a todos tus juegos favoritos dondequiera que est\u00e9s. Con la app de Spin Sahara Casino para iOS y Android, tus tragamonedas y juegos de mesa favoritos siempre est\u00e1n a un solo toque.\" \/>\n<meta property=\"og:url\" content=\"https:\/\/spinsaharacasino.org\/es\/aplicacion\/\" \/>\n<meta property=\"og:site_name\" content=\"spinsahara\" \/>\n<meta property=\"article:modified_time\" content=\"2025-11-13T10:46:01+00:00\" \/>\n<meta name=\"twitter:card\" content=\"summary_large_image\" \/>\n<meta name=\"twitter:label1\" content=\"Est. reading time\" \/>\n\t<meta name=\"twitter:data1\" content=\"3 minutes\" \/>\n<script type=\"application\/ld+json\" class=\"yoast-schema-graph\">{\"@context\":\"https:\\\/\\\/schema.org\",\"@graph\":[{\"@type\":\"WebPage\",\"@id\":\"https:\\\/\\\/spinsaharacasino.org\\\/es\\\/aplicacion\\\/\",\"url\":\"https:\\\/\\\/spinsaharacasino.org\\\/es\\\/aplicacion\\\/\",\"name\":\"Spinsahara Casino App | Descarga para iOS y Android\",\"isPartOf\":{\"@id\":\"https:\\\/\\\/spinsaharacasino.org\\\/es\\\/#website\"},\"datePublished\":\"2025-11-12T13:54:24+00:00\",\"dateModified\":\"2025-11-13T10:46:01+00:00\",\"description\":\"Accede a todos tus juegos favoritos dondequiera que est\u00e9s. Con la app de Spin Sahara Casino para iOS y Android, tus tragamonedas y juegos de mesa favoritos siempre est\u00e1n a un solo toque.\",\"breadcrumb\":{\"@id\":\"https:\\\/\\\/spinsaharacasino.org\\\/es\\\/aplicacion\\\/#breadcrumb\"},\"inLanguage\":\"es-ES\",\"potentialAction\":[{\"@type\":\"ReadAction\",\"target\":[\"https:\\\/\\\/spinsaharacasino.org\\\/es\\\/aplicacion\\\/\"]}]},{\"@type\":\"BreadcrumbList\",\"@id\":\"https:\\\/\\\/spinsaharacasino.org\\\/es\\\/aplicacion\\\/#breadcrumb\",\"itemListElement\":[{\"@type\":\"ListItem\",\"position\":1,\"name\":\"Spinsahara\",\"item\":\"https:\\\/\\\/spinsaharacasino.org\\\/es\\\/\"},{\"@type\":\"ListItem\",\"position\":2,\"name\":\"Aplicaci\u00f3n\"}]},{\"@type\":\"WebSite\",\"@id\":\"https:\\\/\\\/spinsaharacasino.org\\\/es\\\/#website\",\"url\":\"https:\\\/\\\/spinsaharacasino.org\\\/es\\\/\",\"name\":\"Spinsahara\",\"description\":\"\",\"publisher\":{\"@id\":\"https:\\\/\\\/spinsaharacasino.org\\\/es\\\/#organization\"},\"potentialAction\":[{\"@type\":\"SearchAction\",\"target\":{\"@type\":\"EntryPoint\",\"urlTemplate\":\"https:\\\/\\\/spinsaharacasino.org\\\/es\\\/?s={search_term_string}\"},\"query-input\":{\"@type\":\"PropertyValueSpecification\",\"valueRequired\":true,\"valueName\":\"search_term_string\"}}],\"inLanguage\":\"es-ES\"},{\"@type\":\"Organization\",\"@id\":\"https:\\\/\\\/spinsaharacasino.org\\\/es\\\/#organization\",\"name\":\"Spinsahara\",\"url\":\"https:\\\/\\\/spinsaharacasino.org\\\/es\\\/\",\"logo\":{\"@type\":\"ImageObject\",\"inLanguage\":\"es-ES\",\"@id\":\"https:\\\/\\\/spinsaharacasino.org\\\/es\\\/#\\\/schema\\\/logo\\\/image\\\/\",\"url\":\"https:\\\/\\\/spinsaharacasino.org\\\/wp-content\\\/uploads\\\/2025\\\/11\\\/logo.svg\",\"contentUrl\":\"https:\\\/\\\/spinsaharacasino.org\\\/wp-content\\\/uploads\\\/2025\\\/11\\\/logo.svg\",\"width\":160,\"height\":31,\"caption\":\"Spinsahara\"},\"image\":{\"@id\":\"https:\\\/\\\/spinsaharacasino.org\\\/es\\\/#\\\/schema\\\/logo\\\/image\\\/\"}}]}<\/script>\n<!-- \/ Yoast SEO plugin. -->","yoast_head_json":{"title":"Spinsahara Casino App | Descarga para iOS y Android","description":"Accede a todos tus juegos favoritos dondequiera que est\u00e9s. Con la app de Spin Sahara Casino para iOS y Android, tus tragamonedas y juegos de mesa favoritos siempre est\u00e1n a un solo toque.","robots":{"index":"index","follow":"follow","max-snippet":"max-snippet:-1","max-image-preview":"max-image-preview:large","max-video-preview":"max-video-preview:-1"},"canonical":"https:\/\/spinsaharacasino.org\/es\/aplicacion\/","og_locale":"es_ES","og_type":"article","og_title":"Spinsahara Casino App | Descarga para iOS y Android","og_description":"Accede a todos tus juegos favoritos dondequiera que est\u00e9s. Con la app de Spin Sahara Casino para iOS y Android, tus tragamonedas y juegos de mesa favoritos siempre est\u00e1n a un solo toque.","og_url":"https:\/\/spinsaharacasino.org\/es\/aplicacion\/","og_site_name":"spinsahara","article_modified_time":"2025-11-13T10:46:01+00:00","twitter_card":"summary_large_image","twitter_misc":{"Est. reading time":"3 minutes"},"schema":{"@context":"https:\/\/schema.org","@graph":[{"@type":"WebPage","@id":"https:\/\/spinsaharacasino.org\/es\/aplicacion\/","url":"https:\/\/spinsaharacasino.org\/es\/aplicacion\/","name":"Spinsahara Casino App | Descarga para iOS y Android","isPartOf":{"@id":"https:\/\/spinsaharacasino.org\/es\/#website"},"datePublished":"2025-11-12T13:54:24+00:00","dateModified":"2025-11-13T10:46:01+00:00","description":"Accede a todos tus juegos favoritos dondequiera que est\u00e9s. Con la app de Spin Sahara Casino para iOS y Android, tus tragamonedas y juegos de mesa favoritos siempre est\u00e1n a un solo toque.","breadcrumb":{"@id":"https:\/\/spinsaharacasino.org\/es\/aplicacion\/#breadcrumb"},"inLanguage":"es-ES","potentialAction":[{"@type":"ReadAction","target":["https:\/\/spinsaharacasino.org\/es\/aplicacion\/"]}]},{"@type":"BreadcrumbList","@id":"https:\/\/spinsaharacasino.org\/es\/aplicacion\/#breadcrumb","itemListElement":[{"@type":"ListItem","position":1,"name":"Spinsahara","item":"https:\/\/spinsaharacasino.org\/es\/"},{"@type":"ListItem","position":2,"name":"Aplicaci\u00f3n"}]},{"@type":"WebSite","@id":"https:\/\/spinsaharacasino.org\/es\/#website","url":"https:\/\/spinsaharacasino.org\/es\/","name":"Spinsahara","description":"","publisher":{"@id":"https:\/\/spinsaharacasino.org\/es\/#organization"},"potentialAction":[{"@type":"SearchAction","target":{"@type":"EntryPoint","urlTemplate":"https:\/\/spinsaharacasino.org\/es\/?s={search_term_string}"},"query-input":{"@type":"PropertyValueSpecification","valueRequired":true,"valueName":"search_term_string"}}],"inLanguage":"es-ES"},{"@type":"Organization","@id":"https:\/\/spinsaharacasino.org\/es\/#organization","name":"Spinsahara","url":"https:\/\/spinsaharacasino.org\/es\/","logo":{"@type":"ImageObject","inLanguage":"es-ES","@id":"https:\/\/spinsaharacasino.org\/es\/#\/schema\/logo\/image\/","url":"https:\/\/spinsaharacasino.org\/wp-content\/uploads\/2025\/11\/logo.svg","contentUrl":"https:\/\/spinsaharacasino.org\/wp-content\/uploads\/2025\/11\/logo.svg","width":160,"height":31,"caption":"Spinsahara"},"image":{"@id":"https:\/\/spinsaharacasino.org\/es\/#\/schema\/logo\/image\/"}}]}},"_links":{"self":[{"href":"https:\/\/spinsaharacasino.org\/es\/wp-json\/wp\/v2\/pages\/1439","targetHints":{"allow":["GET"]}}],"collection":[{"href":"https:\/\/spinsaharacasino.org\/es\/wp-json\/wp\/v2\/pages"}],"about":[{"href":"https:\/\/spinsaharacasino.org\/es\/wp-json\/wp\/v2\/types\/page"}],"author":[{"embeddable":true,"href":"https:\/\/spinsaharacasino.org\/es\/wp-json\/wp\/v2\/users\/1"}],"replies":[{"embeddable":true,"href":"https:\/\/spinsaharacasino.org\/es\/wp-json\/wp\/v2\/comments?post=1439"}],"version-history":[{"count":2,"href":"https:\/\/spinsaharacasino.org\/es\/wp-json\/wp\/v2\/pages\/1439\/revisions"}],"predecessor-version":[{"id":1817,"href":"https:\/\/spinsaharacasino.org\/es\/wp-json\/wp\/v2\/pages\/1439\/revisions\/1817"}],"wp:attachment":[{"href":"https:\/\/spinsaharacasino.org\/es\/wp-json\/wp\/v2\/media?parent=1439"}],"curies":[{"name":"wp","href":"https:\/\/api.w.org\/{rel}","templated":true}]}}