{"id":1480,"date":"2025-11-12T13:57:24","date_gmt":"2025-11-12T13:57:24","guid":{"rendered":"https:\/\/spinsaharacasino.org\/login-and-registration\/"},"modified":"2025-11-13T07:42:00","modified_gmt":"2025-11-13T07:42:00","slug":"anmeldung-und-registrierung","status":"publish","type":"page","link":"https:\/\/spinsaharacasino.org\/de\/anmeldung-und-registrierung\/","title":{"rendered":"Anmeldung und Registrierung"},"content":{"rendered":"<h1>Spinsahara-Anmeldung und Registrierung<\/h1>\n<p>Die Spinsahara Login erm\u00f6glicht es Spielern, jederzeit sicher und ohne Unterbrechung auf ihre Konten zuzugreifen. Unsere Plattform ist f\u00fcr einen schnellen, effizienten und nahtlosen Zugriff ausgelegt, um schnelle Anmeldungen, schnelle Ein- und Auszahlungen und sofortigen Zugriff auf verf\u00fcgbare Spiele zu erm\u00f6glichen. Mit Verschl\u00fcsselung und Benutzer\u00fcberpr\u00fcfung garantiert Spinsahara die Sicherheit aller Anmeldesitzungen und bietet ein professionelles, problemloses Spielerlebnis.<\/p>\n<p><div class=\"banner-wrap\" aria-label=\"Banner\"><img src=\"https:\/\/spinsaharacasino.org\/wp-content\/uploads\/2025\/12\/Spinsahara-banner-carousel-932\u04454.webp\" class=\"w-100 d-none d-lg-block img-pc main-banner-img\" alt=\"Spinsahara banner desktop\" fetchpriority=\"high\" decoding=\"async\"><img src=\"https:\/\/spinsaharacasino.org\/wp-content\/uploads\/2025\/12\/Frame-35.webp\" class=\"w-100 d-none d-md-block d-lg-none main-banner-img\" alt=\"Spinsahara banner mobile\" fetchpriority=\"high\" decoding=\"async\"><img src=\"https:\/\/spinsaharacasino.org\/wp-content\/uploads\/2025\/12\/Frame-35.webp\" class=\"w-100 d-md-none\" alt=\"Spinsahara banner mobile\" fetchpriority=\"high\" decoding=\"async\"><div class=\"banner-description\">\n<div class=\"banner-title\">Willkommensboni<\/div>\n<p class=\"banner-header-title\">1500 \u20ac<\/p>\n<div class=\"banner-header-AdditionalText\">+ 250 Freispiele<\/div>\n<button data-item=\"homepage_banner_link\" class=\"goto m-button m-gradient-border m-button--primary m-button--large banner-button btn-orange\">\n            <div class=\"m-button-content\">\n                <span>Jetzt anmelden<\/span>\n                <span><\/span>\n            <\/div>\n        <\/button>\n<\/div>\n<div class=\"WelcomePack\">\n<p><img loading=\"lazy\" decoding=\"async\" class=\"alignnone size-full wp-image-1340\" src=\"https:\/\/spinsaharacasino.org\/wp-content\/uploads\/2025\/11\/welcome-crown.svg\" alt=\"crown\" width=\"25\" height=\"26\" \/><\/p>\n<div class=\"WelcomePack-Info\">W\u00f6chentlicher Cashback von bis zu 25 %<\/div>\n<p><img loading=\"lazy\" decoding=\"async\" class=\"alignnone size-full wp-image-1340\" src=\"https:\/\/spinsaharacasino.org\/wp-content\/uploads\/2025\/11\/welcome-crown.svg\" alt=\"crown\" width=\"25\" height=\"26\" \/><\/p>\n<\/div>\n<\/div><div class=\"scrollable-content-wrap my-5\"><div class=\"scrollable-content-inner\"><h2>So registrieren Sie sich bei Spinsahara<\/h2>\n<p>Wenn Sie sich bei Spin Sahara anmelden, k\u00f6nnen Sie Tausende von Casinospielen, exklusive Aktionen und sichere und bequeme Transaktionen genie\u00dfen, die alle in Rekordzeit abgewickelt werden. Das Spielen eines Casinospiels dauert nur wenige Minuten. So einfach und schnell haben wir es f\u00fcr Sie gemacht. Der Fokus auf Sicherheit in unseren Prozessen sorgt f\u00fcr Seelenfrieden.<\/p>\n<p>Ihr Konto verf\u00fcgt \u00fcber ein pers\u00f6nliches Dashboard, in das Sie alle erforderlichen Informationen eingeben k\u00f6nnen. Von dort aus k\u00f6nnen Sie Ihre Ein- und Auszahlungen verwalten, Ihre Boni erhalten und Spinsahara-Casinospiele ohne Unterbrechungen spielen, unabh\u00e4ngig davon, welches Ger\u00e4t Sie verwenden.<\/p>\n<h3>Einrichtung eines Spinsahara-Kontos<\/h3>\n<p>Die Registrierung dauert nur wenige Minuten. Wir fragen Sie nicht nach vielen pers\u00f6nlichen Daten \u2013 in den ersten Schritten sind nur Ihre E-Mail-Adresse und Ihr Passwort erforderlich. Befolgen Sie unsere nachstehenden Anweisungen, um sich schnell bei Spinsahara zu registrieren:<\/p>\n<ol>\n<li>Besuchen Sie die offizielle Website von Spinsahara Casino.<\/li>\n<li>Anschlie\u00dfend m\u00fcssen Benutzer oben rechts auf der Homepage \u201eAnmelden\u201d ausw\u00e4hlen.<\/li>\n<li>Sie sollten eine E-Mail-Adresse angeben und ein Passwort erstellen.<\/li>\n<li>Alle unsere Spieler m\u00fcssen best\u00e4tigen, dass sie mindestens 18 Jahre alt sind und unsere Allgemeinen Gesch\u00e4ftsbedingungen akzeptieren.<\/li>\n<li>Der letzte Schritt besteht darin, Ihre E-Mail-Adresse zu best\u00e4tigen, indem Sie auf den Link klicken, den Sie erhalten.<\/li>\n<\/ol>\n<p>Es gibt auch eine schnellere M\u00f6glichkeit, ein Konto zu erstellen, das mit Ihrem Google-Konto verbunden ist. Dazu m\u00fcssen Sie dem Link \u201eGoogle\u201c im Registrierungsformular folgen.<\/p>\n<h2>So melden Sie sich an und verwalten Ihr Spin Sahara-Konto<\/h2>\n<p>Der Anmeldevorgang bei Spinsahara nimmt nicht viel Zeit in Anspruch, bringt Ihnen jedoch viele Vorteile. Danach k\u00f6nnen Sie um echtes Geld spielen und an Turnieren teilnehmen. Lesen Sie die folgenden Anweisungen, um einen reibungslosen Anmeldevorgang bei Spinsahara zu gew\u00e4hrleisten:<\/p>\n<ol>\n<li>Um sich bei Ihrem Konto anzumelden, besuchen Sie die Homepage von Spinsahara Casino.<\/li>\n<li>Klicken Sie dann oben auf der Seite auf die Schaltfl\u00e4che \u201eAnmelden\u201d.<\/li>\n<li>Geben Sie anschlie\u00dfend Ihre E-Mail-Adresse und Ihr Passwort ein, die Sie bei der Registrierung verwendet haben, und klicken Sie auf \u201eAnmelden\u201d, um auf Ihr Konto-Dashboard zuzugreifen.<\/li>\n<\/ol>\n<p>Sobald Sie sich angemeldet haben, k\u00f6nnen Sie Ihr Spin Sahara-Konto und Ihr Profil verwalten. Sie haben einen \u00dcberblick \u00fcber Ihre Kontotransaktionen und Ihren Bonusverlauf. Au\u00dferdem k\u00f6nnen Sie hier Werbeaktionen aktivieren, Kontoeinstellungen anpassen und bei Fragen unseren mehrsprachigen Support-Service per Live-Chat und E-Mail kontaktieren.<\/p>\n<p>Wenn Sie jedoch nicht auf Ihr Spinsahara-Konto zugreifen k\u00f6nnen, klicken Sie auf der Spinsahara-Anmeldeseite auf die Schaltfl\u00e4che \u201ePasswort vergessen?\u201c. Sie k\u00f6nnen dann Ihre E-Mail-Adresse eingeben und wir senden Ihnen einen sicheren Link zum Zur\u00fccksetzen Ihres Passworts per E-Mail zu. Wenn Sie Hilfe bei der Passwortwiederherstellung ben\u00f6tigen, wenden Sie sich per E-Mail oder Chat an unser Support-Team, das rund um die Uhr in den meisten Sprachen verf\u00fcgbar ist.<\/p>\n<h2>Spinsahara-Kontoverifizierung<\/h2>\n<p>Um sicherzustellen, dass die Verifizierung den Lizenzbestimmungen entspricht und sichere Transaktionen unterst\u00fctzt, wenden wir bei Spin Sahara Casino strenge Standards f\u00fcr Spielumgebungen an. Die Einhaltung dieser Vorschriften, einschlie\u00dflich der Lizenzbedingungen, ist obligatorisch. Zu Verifizierungszwecken muss ein Spieler m\u00f6glicherweise die folgenden Arten von Dokumenten vorlegen:<\/p>\n<table>\n<tbody>\n<tr>\n<td>Erforderliches Dokument<\/td>\n<td>Details<\/td>\n<\/tr>\n<tr>\n<td>Ein amtlicher Ausweis<\/td>\n<td>Dient zur Best\u00e4tigung Ihrer Identit\u00e4t und Ihres Alters (Reisepass, Personalausweis oder F\u00fchrerschein).<\/td>\n<\/tr>\n<tr>\n<td>Adressnachweis<\/td>\n<td>Eine aktuelle Strom-, Gas- oder Wasserrechnung oder ein Kontoauszug (ausgestellt innerhalb der letzten 3 Monate) zur \u00dcberpr\u00fcfung Ihres Wohnsitzes.<\/td>\n<\/tr>\n<tr>\n<td>\u00dcberpr\u00fcfung der Zahlungsmethode<\/td>\n<td>Best\u00e4tigt die Inhaberschaft der Einzahlungsmethode (z. B. Screenshot oder Foto der verwendeten Karte\/des verwendeten E-Wallets).<\/td>\n<\/tr>\n<\/tbody>\n<\/table>\n<p>Unsere Manager \u00fcberpr\u00fcfen die hochgeladenen Dokumente innerhalb von 48 Stunden. Nach Abschluss des Verifizierungsprozesses werden alle Transaktionen und Kontoaktivit\u00e4ten durch die fortschrittlichen Sicherheitsma\u00dfnahmen von Spinsahara Casino gesch\u00fctzt.<\/p>\n<h2>FAQ<\/h2>\n<h3>Wie erstelle ich ein neues Konto bei Spin Sahara?<\/h3>\n<p>Um ein Konto zu erstellen, klicken Sie auf der Hauptseite auf die Schaltfl\u00e4che \u201eAnmelden\u201d und folgen Sie den Anweisungen. Der Vorgang dauert nur wenige Minuten und er\u00f6ffnet Ihnen den Zugang zu allen Funktionen der Plattform.<\/p>\n<h3>Was soll ich tun, wenn ich mich nicht in mein Konto einloggen kann?<\/h3>\n<p>Vergewissern Sie sich zun\u00e4chst, dass die E-Mail-Adresse und das Passwort, mit denen Sie sich anmelden m\u00f6chten, korrekt sind. Wenn Sie sich nicht an Ihr Passwort erinnern k\u00f6nnen, k\u00f6nnen Sie die Option \u201ePasswort vergessen?\u201c direkt unter den Anmeldedaten von Spinsahara verwenden. F\u00fcr weitere Unterst\u00fctzung m\u00fcssen Sie sich per Live-Chat oder E-Mail an unseren Kundendienst wenden.<\/p>\n<h3>Warum werde ich aufgefordert, mein Konto zu verifizieren?<\/h3>\n<p>Die Identit\u00e4t der Benutzer und der Schutz aller Geldtransaktionen auf der Website von Spinsahara Casino sind zwei Anforderungen, die wir erf\u00fcllen m\u00fcssen. Dies ist erforderlich, um die \u201eAllgemeinen Gesch\u00e4ftsbedingungen\u201c f\u00fcr alle Spieler zu unterst\u00fctzen, die Einhaltung der Lizenzanforderungen sicherzustellen und alle Systeme unter Kontrolle zu bringen.<\/p>\n<h3>Kann ich meinen Benutzernamen oder meine registrierte E-Mail-Adresse \u00e4ndern?<\/h3>\n<p>In Ihrem pers\u00f6nlichen Konto haben Sie die M\u00f6glichkeit, alle Ihre pers\u00f6nlichen Daten und Zahlungsinformationen, einschlie\u00dflich Ihres Benutzernamens und Ihrer E-Mail-Adresse, zu \u00e4ndern. Dies dauert nur wenige Minuten, und Ihr Konto bleibt weiterhin sicher.<\/p>\n<\/div><\/div><\/p>\n","protected":false},"excerpt":{"rendered":"<p>Spinsahara-Anmeldung und Registrierung Die Spinsahara Login erm\u00f6glicht es Spielern, jederzeit sicher und ohne Unterbrechung auf ihre Konten zuzugreifen. Unsere Plattform ist f\u00fcr einen schnellen, effizienten und nahtlosen Zugriff ausgelegt, um schnelle Anmeldungen, schnelle Ein- und Auszahlungen und sofortigen Zugriff auf verf\u00fcgbare Spiele zu erm\u00f6glichen. Mit Verschl\u00fcsselung und Benutzer\u00fcberpr\u00fcfung garantiert Spinsahara die Sicherheit aller Anmeldesitzungen und [&hellip;]<\/p>\n","protected":false},"author":1,"featured_media":0,"parent":0,"menu_order":0,"comment_status":"closed","ping_status":"closed","template":"template-builder.php","meta":{"_acf_changed":false,"inline_featured_image":false,"footnotes":""},"class_list":["post-1480","page","type-page","status-publish","hentry"],"acf":[],"yoast_head":"<!-- This site is optimized with the Yoast SEO plugin v27.3 - https:\/\/yoast.com\/product\/yoast-seo-wordpress\/ -->\n<title>Spinsahara Login und Kontoregistrierung<\/title>\n<meta name=\"description\" content=\"Erstellen Sie ein Spin Sahara-Login und beginnen Sie zu spielen. Neue Benutzer k\u00f6nnen sich in wenigen Sekunden anmelden, und wiederkehrende Spieler k\u00f6nnen sich anmelden, um ihr Profil zu verwalten, die Verifizierung abzuschlie\u00dfen und sicher auf ihr Konto zuzugreifen.\" \/>\n<meta name=\"robots\" content=\"index, follow, max-snippet:-1, max-image-preview:large, max-video-preview:-1\" \/>\n<link rel=\"canonical\" href=\"https:\/\/spinsaharacasino.org\/de\/anmeldung-und-registrierung\/\" \/>\n<meta property=\"og:locale\" content=\"de_DE\" \/>\n<meta property=\"og:type\" content=\"article\" \/>\n<meta property=\"og:title\" content=\"Spinsahara Login und Kontoregistrierung\" \/>\n<meta property=\"og:description\" content=\"Erstellen Sie ein Spin Sahara-Login und beginnen Sie zu spielen. Neue Benutzer k\u00f6nnen sich in wenigen Sekunden anmelden, und wiederkehrende Spieler k\u00f6nnen sich anmelden, um ihr Profil zu verwalten, die Verifizierung abzuschlie\u00dfen und sicher auf ihr Konto zuzugreifen.\" \/>\n<meta property=\"og:url\" content=\"https:\/\/spinsaharacasino.org\/de\/anmeldung-und-registrierung\/\" \/>\n<meta property=\"og:site_name\" content=\"spinsahara\" \/>\n<meta property=\"article:modified_time\" content=\"2025-11-13T07:42:00+00:00\" \/>\n<meta name=\"twitter:card\" content=\"summary_large_image\" \/>\n<meta name=\"twitter:label1\" content=\"Gesch\u00e4tzte Lesezeit\" \/>\n\t<meta name=\"twitter:data1\" content=\"1\u00a0Minute\" \/>\n<script type=\"application\/ld+json\" class=\"yoast-schema-graph\">{\"@context\":\"https:\\\/\\\/schema.org\",\"@graph\":[{\"@type\":\"WebPage\",\"@id\":\"https:\\\/\\\/spinsaharacasino.org\\\/de\\\/anmeldung-und-registrierung\\\/\",\"url\":\"https:\\\/\\\/spinsaharacasino.org\\\/de\\\/anmeldung-und-registrierung\\\/\",\"name\":\"Spinsahara Login und Kontoregistrierung\",\"isPartOf\":{\"@id\":\"https:\\\/\\\/spinsaharacasino.org\\\/de\\\/#website\"},\"datePublished\":\"2025-11-12T13:57:24+00:00\",\"dateModified\":\"2025-11-13T07:42:00+00:00\",\"description\":\"Erstellen Sie ein Spin Sahara-Login und beginnen Sie zu spielen. Neue Benutzer k\u00f6nnen sich in wenigen Sekunden anmelden, und wiederkehrende Spieler k\u00f6nnen sich anmelden, um ihr Profil zu verwalten, die Verifizierung abzuschlie\u00dfen und sicher auf ihr Konto zuzugreifen.\",\"breadcrumb\":{\"@id\":\"https:\\\/\\\/spinsaharacasino.org\\\/de\\\/anmeldung-und-registrierung\\\/#breadcrumb\"},\"inLanguage\":\"de\",\"potentialAction\":[{\"@type\":\"ReadAction\",\"target\":[\"https:\\\/\\\/spinsaharacasino.org\\\/de\\\/anmeldung-und-registrierung\\\/\"]}]},{\"@type\":\"BreadcrumbList\",\"@id\":\"https:\\\/\\\/spinsaharacasino.org\\\/de\\\/anmeldung-und-registrierung\\\/#breadcrumb\",\"itemListElement\":[{\"@type\":\"ListItem\",\"position\":1,\"name\":\"Spinsahara\",\"item\":\"https:\\\/\\\/spinsaharacasino.org\\\/de\\\/\"},{\"@type\":\"ListItem\",\"position\":2,\"name\":\"Anmeldung und Registrierung\"}]},{\"@type\":\"WebSite\",\"@id\":\"https:\\\/\\\/spinsaharacasino.org\\\/de\\\/#website\",\"url\":\"https:\\\/\\\/spinsaharacasino.org\\\/de\\\/\",\"name\":\"Spinsahara\",\"description\":\"\",\"publisher\":{\"@id\":\"https:\\\/\\\/spinsaharacasino.org\\\/de\\\/#organization\"},\"potentialAction\":[{\"@type\":\"SearchAction\",\"target\":{\"@type\":\"EntryPoint\",\"urlTemplate\":\"https:\\\/\\\/spinsaharacasino.org\\\/de\\\/?s={search_term_string}\"},\"query-input\":{\"@type\":\"PropertyValueSpecification\",\"valueRequired\":true,\"valueName\":\"search_term_string\"}}],\"inLanguage\":\"de\"},{\"@type\":\"Organization\",\"@id\":\"https:\\\/\\\/spinsaharacasino.org\\\/de\\\/#organization\",\"name\":\"Spinsahara\",\"url\":\"https:\\\/\\\/spinsaharacasino.org\\\/de\\\/\",\"logo\":{\"@type\":\"ImageObject\",\"inLanguage\":\"de\",\"@id\":\"https:\\\/\\\/spinsaharacasino.org\\\/de\\\/#\\\/schema\\\/logo\\\/image\\\/\",\"url\":\"https:\\\/\\\/spinsaharacasino.org\\\/wp-content\\\/uploads\\\/2025\\\/11\\\/logo.svg\",\"contentUrl\":\"https:\\\/\\\/spinsaharacasino.org\\\/wp-content\\\/uploads\\\/2025\\\/11\\\/logo.svg\",\"width\":160,\"height\":31,\"caption\":\"Spinsahara\"},\"image\":{\"@id\":\"https:\\\/\\\/spinsaharacasino.org\\\/de\\\/#\\\/schema\\\/logo\\\/image\\\/\"}}]}<\/script>\n<!-- \/ Yoast SEO plugin. -->","yoast_head_json":{"title":"Spinsahara Login und Kontoregistrierung","description":"Erstellen Sie ein Spin Sahara-Login und beginnen Sie zu spielen. Neue Benutzer k\u00f6nnen sich in wenigen Sekunden anmelden, und wiederkehrende Spieler k\u00f6nnen sich anmelden, um ihr Profil zu verwalten, die Verifizierung abzuschlie\u00dfen und sicher auf ihr Konto zuzugreifen.","robots":{"index":"index","follow":"follow","max-snippet":"max-snippet:-1","max-image-preview":"max-image-preview:large","max-video-preview":"max-video-preview:-1"},"canonical":"https:\/\/spinsaharacasino.org\/de\/anmeldung-und-registrierung\/","og_locale":"de_DE","og_type":"article","og_title":"Spinsahara Login und Kontoregistrierung","og_description":"Erstellen Sie ein Spin Sahara-Login und beginnen Sie zu spielen. Neue Benutzer k\u00f6nnen sich in wenigen Sekunden anmelden, und wiederkehrende Spieler k\u00f6nnen sich anmelden, um ihr Profil zu verwalten, die Verifizierung abzuschlie\u00dfen und sicher auf ihr Konto zuzugreifen.","og_url":"https:\/\/spinsaharacasino.org\/de\/anmeldung-und-registrierung\/","og_site_name":"spinsahara","article_modified_time":"2025-11-13T07:42:00+00:00","twitter_card":"summary_large_image","twitter_misc":{"Gesch\u00e4tzte Lesezeit":"1\u00a0Minute"},"schema":{"@context":"https:\/\/schema.org","@graph":[{"@type":"WebPage","@id":"https:\/\/spinsaharacasino.org\/de\/anmeldung-und-registrierung\/","url":"https:\/\/spinsaharacasino.org\/de\/anmeldung-und-registrierung\/","name":"Spinsahara Login und Kontoregistrierung","isPartOf":{"@id":"https:\/\/spinsaharacasino.org\/de\/#website"},"datePublished":"2025-11-12T13:57:24+00:00","dateModified":"2025-11-13T07:42:00+00:00","description":"Erstellen Sie ein Spin Sahara-Login und beginnen Sie zu spielen. Neue Benutzer k\u00f6nnen sich in wenigen Sekunden anmelden, und wiederkehrende Spieler k\u00f6nnen sich anmelden, um ihr Profil zu verwalten, die Verifizierung abzuschlie\u00dfen und sicher auf ihr Konto zuzugreifen.","breadcrumb":{"@id":"https:\/\/spinsaharacasino.org\/de\/anmeldung-und-registrierung\/#breadcrumb"},"inLanguage":"de","potentialAction":[{"@type":"ReadAction","target":["https:\/\/spinsaharacasino.org\/de\/anmeldung-und-registrierung\/"]}]},{"@type":"BreadcrumbList","@id":"https:\/\/spinsaharacasino.org\/de\/anmeldung-und-registrierung\/#breadcrumb","itemListElement":[{"@type":"ListItem","position":1,"name":"Spinsahara","item":"https:\/\/spinsaharacasino.org\/de\/"},{"@type":"ListItem","position":2,"name":"Anmeldung und Registrierung"}]},{"@type":"WebSite","@id":"https:\/\/spinsaharacasino.org\/de\/#website","url":"https:\/\/spinsaharacasino.org\/de\/","name":"Spinsahara","description":"","publisher":{"@id":"https:\/\/spinsaharacasino.org\/de\/#organization"},"potentialAction":[{"@type":"SearchAction","target":{"@type":"EntryPoint","urlTemplate":"https:\/\/spinsaharacasino.org\/de\/?s={search_term_string}"},"query-input":{"@type":"PropertyValueSpecification","valueRequired":true,"valueName":"search_term_string"}}],"inLanguage":"de"},{"@type":"Organization","@id":"https:\/\/spinsaharacasino.org\/de\/#organization","name":"Spinsahara","url":"https:\/\/spinsaharacasino.org\/de\/","logo":{"@type":"ImageObject","inLanguage":"de","@id":"https:\/\/spinsaharacasino.org\/de\/#\/schema\/logo\/image\/","url":"https:\/\/spinsaharacasino.org\/wp-content\/uploads\/2025\/11\/logo.svg","contentUrl":"https:\/\/spinsaharacasino.org\/wp-content\/uploads\/2025\/11\/logo.svg","width":160,"height":31,"caption":"Spinsahara"},"image":{"@id":"https:\/\/spinsaharacasino.org\/de\/#\/schema\/logo\/image\/"}}]}},"_links":{"self":[{"href":"https:\/\/spinsaharacasino.org\/de\/wp-json\/wp\/v2\/pages\/1480","targetHints":{"allow":["GET"]}}],"collection":[{"href":"https:\/\/spinsaharacasino.org\/de\/wp-json\/wp\/v2\/pages"}],"about":[{"href":"https:\/\/spinsaharacasino.org\/de\/wp-json\/wp\/v2\/types\/page"}],"author":[{"embeddable":true,"href":"https:\/\/spinsaharacasino.org\/de\/wp-json\/wp\/v2\/users\/1"}],"replies":[{"embeddable":true,"href":"https:\/\/spinsaharacasino.org\/de\/wp-json\/wp\/v2\/comments?post=1480"}],"version-history":[{"count":2,"href":"https:\/\/spinsaharacasino.org\/de\/wp-json\/wp\/v2\/pages\/1480\/revisions"}],"predecessor-version":[{"id":1633,"href":"https:\/\/spinsaharacasino.org\/de\/wp-json\/wp\/v2\/pages\/1480\/revisions\/1633"}],"wp:attachment":[{"href":"https:\/\/spinsaharacasino.org\/de\/wp-json\/wp\/v2\/media?parent=1480"}],"curies":[{"name":"wp","href":"https:\/\/api.w.org\/{rel}","templated":true}]}}