{"id":1432,"date":"2025-11-12T13:54:24","date_gmt":"2025-11-12T13:54:24","guid":{"rendered":"https:\/\/spinsaharacasino.org\/app-2\/"},"modified":"2025-11-13T07:42:44","modified_gmt":"2025-11-13T07:42:44","slug":"app","status":"publish","type":"page","link":"https:\/\/spinsaharacasino.org\/de\/app\/","title":{"rendered":"App"},"content":{"rendered":"<h1>Spinsahara Casino-Anwendung<\/h1>\n<p>Die Spinsahara App ist eine benutzerfreundliche mobile Software, mit der Sie jederzeit und \u00fcberall nahtloses Casino-Gaming genie\u00dfen k\u00f6nnen. Unser mobiles und Desktop-Casino bietet Tausende von Online-Slots und anderen Casino-Spielen. Sie k\u00f6nnen auch Live-Dealer-Spiele mit Ihren Freunden genie\u00dfen.<\/p>\n<p>Schnelle und stabile Transaktionen sind ein entscheidender Faktor. Es spielt keine Rolle, ob Sie ein Android-, iOS-, Windows- oder Mac-Ger\u00e4t besitzen. Die Spinsahara-App bietet Ihnen ununterbrochenes Gameplay, effiziente Navigation und vollst\u00e4ndige Kontoverwaltung, egal wo Sie sich befinden.<\/p>\n<div class=\"banner-wrap\" aria-label=\"Banner\"><img src=\"https:\/\/spinsaharacasino.org\/wp-content\/uploads\/2025\/12\/Spinsahara-banner-carousel-932\u04454.webp\" class=\"w-100 d-none d-lg-block img-pc main-banner-img\" alt=\"Spinsahara banner desktop\" fetchpriority=\"high\" decoding=\"async\"><img src=\"https:\/\/spinsaharacasino.org\/wp-content\/uploads\/2025\/12\/Frame-35.webp\" class=\"w-100 d-none d-md-block d-lg-none main-banner-img\" alt=\"Spinsahara banner mobile\" fetchpriority=\"high\" decoding=\"async\"><img src=\"https:\/\/spinsaharacasino.org\/wp-content\/uploads\/2025\/12\/Frame-35.webp\" class=\"w-100 d-md-none\" alt=\"Spinsahara banner mobile\" fetchpriority=\"high\" decoding=\"async\"><div class=\"banner-description\">\n<div class=\"banner-title\">Willkommensboni<\/div>\n<p class=\"banner-header-title\">1500 \u20ac<\/p>\n<div class=\"banner-header-AdditionalText\">+ 250 Freispiele<\/div>\n<button data-item=\"homepage_banner_link\" class=\"goto m-button m-gradient-border m-button--primary m-button--large banner-button btn-orange\">\n            <div class=\"m-button-content\">\n                <span>Jetzt anmelden<\/span>\n                <span><\/span>\n            <\/div>\n        <\/button>\n<\/div>\n<div class=\"WelcomePack\">\n<p><img loading=\"lazy\" decoding=\"async\" class=\"alignnone size-full wp-image-1340\" src=\"https:\/\/spinsaharacasino.org\/wp-content\/uploads\/2025\/11\/welcome-crown.svg\" alt=\"crown\" width=\"25\" height=\"26\" \/><\/p>\n<div class=\"WelcomePack-Info\">W\u00f6chentlicher Cashback von bis zu 25 %<\/div>\n<p><img loading=\"lazy\" decoding=\"async\" class=\"alignnone size-full wp-image-1340\" src=\"https:\/\/spinsaharacasino.org\/wp-content\/uploads\/2025\/11\/welcome-crown.svg\" alt=\"crown\" width=\"25\" height=\"26\" \/><\/p>\n<\/div>\n<\/div>\n<h2>Nehmen Sie das Spinsahara Casino mit<\/h2>\n<p>Die Spinsahara-App bringt Ihnen die Flexibilit\u00e4t und Leistung eines mobilen Casinos direkt auf Ihr Smartphone. W\u00e4hrend die PC-Version f\u00fcr ein eher traditionelles Casino-Erlebnis ausgelegt ist, wurde die mobile App f\u00fcr Geschwindigkeit, Zug\u00e4nglichkeit und Spielkomfort unterwegs optimiert. Hier ist ein \u00fcbersichtlicher Vergleich zwischen der mobilen App von Spin Sahara und der PC-Version:<\/p>\n<table>\n<tbody>\n<tr>\n<td>Funktion<\/td>\n<td>App<\/td>\n<td>PC-Version<\/td>\n<\/tr>\n<tr>\n<td>Leistung<\/td>\n<td>Verbessert f\u00fcr schnellen Zugriff und verbesserte Leistung in Mobilfunknetzen. Verbraucht weniger Daten ohne Qualit\u00e4tseinbu\u00dfen.<\/td>\n<td>Variiert je nach Internetgeschwindigkeit und Systemspezifikationen. Stabile Leistung ist verf\u00fcgbar, erfordert jedoch m\u00f6glicherweise eine h\u00f6here Bandbreite.<\/td>\n<\/tr>\n<tr>\n<td>Zug\u00e4nglichkeit<\/td>\n<td>Mit der App sind alle Spiele, Einzahlungen und Auszahlungen sofort, \u00fcberall und jederzeit zug\u00e4nglich.<\/td>\n<td>Weniger mobil, da ein Computer und eine stabile Internetverbindung erforderlich sind.<\/td>\n<\/tr>\n<tr>\n<td>Benutzeroberfl\u00e4che<\/td>\n<td>Speziell f\u00fcr Touchscreens entwickelt, die einfacher zu bedienen sind und eine schnelle Men\u00fcanpassung erm\u00f6glichen.<\/td>\n<td>Bietet einen noch gr\u00f6\u00dferen Bildschirm mit komplexeren Designs und Bildern.<\/td>\n<\/tr>\n<tr>\n<td>Komfort<\/td>\n<td>Alle Elemente, einschlie\u00dflich Gaming, Zahlungen und Support, sind in einer kompakten Plattform zusammengefasst.<\/td>\n<td>Dies ist ideal f\u00fcr l\u00e4ngere Spielsitzungen und Multitasking auf einem gr\u00f6\u00dferen Display.<\/td>\n<\/tr>\n<tr>\n<td>Benachrichtigungen<\/td>\n<td>Erhalten Sie Benachrichtigungen, wenn Boni, Werbeaktionen und Aktualisierungen f\u00fcr Ihr Konto verf\u00fcgbar sind.<\/td>\n<td>Es gibt keine automatischen Push-Benachrichtigungen. Die Spieler m\u00fcssen diese Konten manuell \u00fcberpr\u00fcfen.<\/td>\n<\/tr>\n<tr>\n<td>Grafik und Anzeige<\/td>\n<td>Reagiert gut auf kleinere Bildschirme und etwas weniger Details sind in Ordnung. Fl\u00fcssige Animationen auf Ger\u00e4ten mit kleinem Bildschirm werden animiert dargestellt.<\/td>\n<td>H\u00f6here Aufl\u00f6sung und vollst\u00e4ndige Grafikdetails auf gr\u00f6\u00dferen Monitoren.<\/td>\n<\/tr>\n<tr>\n<td>Datennutzung<\/td>\n<td>Es ist effizient, und mobile Verbindungen sind so konzipiert, dass sie weniger Daten verbrauchen.<\/td>\n<td>Beim Spielen und Streamen auf einem gr\u00f6\u00dferen Bildschirm werden die Spieldaten so \u00fcbertragen, dass die Grafiken f\u00fcr diese Gr\u00f6\u00dfe angemessen gerendert werden.<\/td>\n<\/tr>\n<\/tbody>\n<\/table>\n<p>Mit der Spinsahara-App k\u00f6nnen Sie Ihre Lieblings-Casinospiele \u00fcberall spielen. Mit ihrer effizienten Leistung, dem sicheren Zugriff und den Echtzeitinformationen ist diese App ein Muss f\u00fcr mobiles Gaming.<\/p>\n<p><div style=\"clear: both\"><\/div><div class=\"d-flex justify-content-center\"><button data-item=\"decouvrez_link\" data-group=\"website_links\" class=\"goto fw-bold rounded-pill btn btn-orange\" aria-label=\"Lade die Spinsahara App herunter\" >Lade die Spinsahara App herunter<\/button><\/div><div class=\"scrollable-content-wrap my-5\"><div class=\"scrollable-content-inner\"><h2>Android-App herunterladen<\/h2>\n<p>Die Android-Version von Spinsahara Casino bietet die gleiche Qualit\u00e4t wie die Desktop-Version. Sie k\u00f6nnen eine sichere, schnelle und regelm\u00e4\u00dfig aktualisierte progressive Web-App f\u00fcr Android erhalten, ohne unbekannte Spinsahara-APK-Dateien hochladen zu m\u00fcssen. Um Spin Sahara auf Ihrem Android-Ger\u00e4t zu installieren, befolgen Sie die folgenden Anweisungen:<\/p>\n<ol>\n<li>\u00d6ffnen Sie Ihren mobilen Browser und gehen Sie zur offiziellen Website.<\/li>\n<li>Navigieren Sie zum Fu\u00dfbereich der Website am Ende des Bildschirms.<\/li>\n<li>Klicken Sie auf die Schaltfl\u00e4che \u201eCasino-App\u201c und die Installation beginnt automatisch.<\/li>\n<li>\u00d6ffnen Sie die App, melden Sie sich an und schon k\u00f6nnen Sie mit dem Spielen beginnen.<\/li>\n<\/ol>\n<p>Denken Sie daran, das mobile Casino immer von der offiziellen Website zu installieren, um Ihre privaten Daten zu sch\u00fctzen. Wenn Sie Probleme mit der Installation oder der App im Allgemeinen haben, k\u00f6nnen Sie sich jederzeit per Live-Chat oder E-Mail an unseren Support wenden.<\/p>\n<p><img loading=\"lazy\" decoding=\"async\" src=\"https:\/\/spinsaharacasino.org\/wp-content\/uploads\/2025\/11\/Spinsahara-Android-App.webp\" alt=\"Spinsahara Android App\" width=\"1248\" height=\"536\" \/><\/p>\n<\/div><\/div><div style=\"clear: both\"><\/div><div class=\"d-flex justify-content-center\"><button data-item=\"decouvrez_link\" data-group=\"website_links\" class=\"goto fw-bold rounded-pill btn btn-orange\" aria-label=\"Spinsahara herunterladen\" >Spinsahara herunterladen<\/button><\/div><div class=\"scrollable-content-wrap my-5\"><div class=\"scrollable-content-inner\"><h2>Spinsahara iOS-Anwendung<\/h2>\n<p>Wir haben auch unsere Spieler mit iPhones und iPads nicht vergessen. Sie erhalten Zugriff auf alle verf\u00fcgbaren Funktionen, darunter Spiele, Boni, Turniere, Auszahlungen nach dem Verifizierungsprozess, Kundenservice und vieles mehr. So gelangen Sie zum Spinsahara Casino auf Ihrem iOS-Startbildschirm:<\/p>\n<ol>\n<li>\u00d6ffnen Sie Safari auf Ihrem Apple-Ger\u00e4t.<\/li>\n<li>Gehen Sie zur offiziellen Website.<\/li>\n<li>Tippen Sie auf das Symbol \u201eTeilen\u201c (am unteren Bildschirmrand).<\/li>\n<li>Scrollen Sie nach unten und w\u00e4hlen Sie \u201eZum Startbildschirm hinzuf\u00fcgen\u201d.<\/li>\n<li>Tippen Sie zur Best\u00e4tigung auf \u201eHinzuf\u00fcgen\u201c.<\/li>\n<\/ol>\n<p>Danach wird das Spin Sahara-App-Symbol wie eine native App auf Ihrem Startbildschirm angezeigt. Sie k\u00f6nnen jederzeit darauf tippen, um das vollst\u00e4ndige Spielerlebnis zu starten.<\/p>\n<p><img loading=\"lazy\" decoding=\"async\" src=\"https:\/\/spinsaharacasino.org\/wp-content\/uploads\/2025\/11\/Spinsahara-iOS-App.webp\" alt=\"Spinsahara iOS App\" width=\"1248\" height=\"536\" \/><\/p>\n<\/div><\/div><div style=\"clear: both\"><\/div><div class=\"d-flex justify-content-center\"><button data-item=\"decouvrez_link\" data-group=\"website_links\" class=\"goto fw-bold rounded-pill btn btn-orange\" aria-label=\"Lade die Spinsahara App herunter\" >Lade die Spinsahara App herunter<\/button><\/div><div class=\"scrollable-content-wrap my-5\"><div class=\"scrollable-content-inner\"><h2>Windows- und Mac-App f\u00fcr Spin Sahara Casino<\/h2>\n<p>Die Spiele, die Sie am liebsten spielen, sind mit Spinsahara jetzt einfacher zug\u00e4nglich denn je. Genie\u00dfen Sie schnelle Auszahlungszeiten, spielerische Bonusvergaben, sofortigen Zugriff auf Boni und unbegrenztes Gameplay w\u00e4hrend spannender Turniere. Bei Spinsahara sind alle Ihre Attraktionen einfacher und effizienter.<\/p>\n<p>Schritte zur Installation von Spinsahara auf Ihrem Windows- oder Mac-Computer:<\/p>\n<ol>\n<li>\u00d6ffnen Sie einen beliebigen Browser auf Ihrem PC.<\/li>\n<li>Rufen Sie die offizielle Website auf.<\/li>\n<li>Suchen Sie in den Einstellungen Ihres Browsers die Option \u201eZum Startbildschirm hinzuf\u00fcgen\u201d.<\/li>\n<li>Best\u00e4tigen Sie die Aktion, woraufhin das Casino-Symbol auf Ihrem Startbildschirm erscheint.<\/li>\n<\/ol>\n<p>Sobald die Installation abgeschlossen ist, steht Ihnen die Spinsahara-App auf Ihrem Desktop oder im Startmen\u00fc zum \u00d6ffnen mit einem Klick zur Verf\u00fcgung. Sie k\u00f6nnen die App an Ihre Taskleiste anheften, um noch einfacher auf Ihre meistgespielten Spiele zugreifen zu k\u00f6nnen.<\/p>\n<p><img loading=\"lazy\" decoding=\"async\" src=\"https:\/\/spinsaharacasino.org\/wp-content\/uploads\/2025\/11\/Spinsahara-Desktop-App.webp\" alt=\"Spinsahara Desktop App\" width=\"1248\" height=\"536\" \/><\/p>\n<\/div><\/div><div style=\"clear: both\"><\/div><div class=\"d-flex justify-content-center\"><button data-item=\"decouvrez_link\" data-group=\"website_links\" class=\"goto fw-bold rounded-pill btn btn-orange\" aria-label=\"Spinsahara herunterladen\" >Spinsahara herunterladen<\/button><\/div><div class=\"scrollable-content-wrap my-5\"><div class=\"scrollable-content-inner\"><h2>FAQ<\/h2>\n<h3>Auf welchen Ger\u00e4ten kann ich die Spinsahara Casino-App herunterladen?<\/h3>\n<p>Die Spinsahara-App ist mit verschiedenen Ger\u00e4ten und Betriebssystemen kompatibel. Sie kann unabh\u00e4ngig von der Version auf Android- und iOS-Smartphones und -Tablets heruntergeladen werden. Au\u00dferdem k\u00f6nnen Sie sie auf Windows- und macOS-Computern verwenden. Jede Version bietet uneingeschr\u00e4nkten Zugriff auf die App und Live-Casinospiele.<\/p>\n<h3>Wie lade ich die App auf mein iPhone oder iPad herunter und installiere sie?<\/h3>\n<p>Um die Spinsahara Casino-App f\u00fcr Ihr iPhone oder iPad zu erhalten, \u00f6ffnen Sie Safari und besuchen Sie die offizielle Website. Nachdem die Website ge\u00f6ffnet wurde, w\u00e4hlen Sie die Schaltfl\u00e4che \u201eTeilen\u201c am unteren Rand Ihres Bildschirms, scrollen Sie nach unten und w\u00e4hlen Sie \u201eZum Startbildschirm hinzuf\u00fcgen\u201c. Sie sehen nun das Verkn\u00fcpfungssymbol auf Ihrem Startbildschirm und k\u00f6nnen jederzeit auf das Casino zugreifen, als w\u00e4re es eine native App.<\/p>\n<h3>Kann ich die App direkt von der Spin Sahara-Website herunterladen?<\/h3>\n<p>Die mobile Software ist auf der offiziellen Website verf\u00fcgbar. Befolgen Sie die verf\u00fcgbare Anleitung f\u00fcr eine sichere Installation auf Ihrem Ger\u00e4t. Nach Abschluss des Vorgangs stehen Ihnen alle Spiele, das Live-Casino und die Funktionen zur Kontoverwaltung zur Verf\u00fcgung, sodass Sie in wenigen Minuten mit dem Spielen beginnen k\u00f6nnen.<\/p>\n<\/div><\/div><\/p>\n","protected":false},"excerpt":{"rendered":"<p>Spinsahara Casino-Anwendung Die Spinsahara App ist eine benutzerfreundliche mobile Software, mit der Sie jederzeit und \u00fcberall nahtloses Casino-Gaming genie\u00dfen k\u00f6nnen. Unser mobiles und Desktop-Casino bietet Tausende von Online-Slots und anderen Casino-Spielen. Sie k\u00f6nnen auch Live-Dealer-Spiele mit Ihren Freunden genie\u00dfen. Schnelle und stabile Transaktionen sind ein entscheidender Faktor. Es spielt keine Rolle, ob Sie ein Android-, [&hellip;]<\/p>\n","protected":false},"author":1,"featured_media":0,"parent":0,"menu_order":0,"comment_status":"closed","ping_status":"closed","template":"template-builder.php","meta":{"_acf_changed":false,"inline_featured_image":false,"footnotes":""},"class_list":["post-1432","page","type-page","status-publish","hentry"],"acf":[],"yoast_head":"<!-- This site is optimized with the Yoast SEO plugin v27.3 - https:\/\/yoast.com\/product\/yoast-seo-wordpress\/ -->\n<title>Spinsahara Casino App | Download f\u00fcr iOS &amp; Android<\/title>\n<meta name=\"description\" content=\"Greifen Sie \u00fcberall auf Ihre Lieblingsspiele zu. Mit der Spin Sahara Casino App f\u00fcr iOS und Android sind Ihre bevorzugten Slots und Tischspiele immer nur einen Fingertipp entfernt.\" \/>\n<meta name=\"robots\" content=\"index, follow, max-snippet:-1, max-image-preview:large, max-video-preview:-1\" \/>\n<link rel=\"canonical\" href=\"https:\/\/spinsaharacasino.org\/de\/app\/\" \/>\n<meta property=\"og:locale\" content=\"de_DE\" \/>\n<meta property=\"og:type\" content=\"article\" \/>\n<meta property=\"og:title\" content=\"Spinsahara Casino App | Download f\u00fcr iOS &amp; Android\" \/>\n<meta property=\"og:description\" content=\"Greifen Sie \u00fcberall auf Ihre Lieblingsspiele zu. Mit der Spin Sahara Casino App f\u00fcr iOS und Android sind Ihre bevorzugten Slots und Tischspiele immer nur einen Fingertipp entfernt.\" \/>\n<meta property=\"og:url\" content=\"https:\/\/spinsaharacasino.org\/de\/app\/\" \/>\n<meta property=\"og:site_name\" content=\"spinsahara\" \/>\n<meta property=\"article:modified_time\" content=\"2025-11-13T07:42:44+00:00\" \/>\n<meta name=\"twitter:card\" content=\"summary_large_image\" \/>\n<meta name=\"twitter:label1\" content=\"Gesch\u00e4tzte Lesezeit\" \/>\n\t<meta name=\"twitter:data1\" content=\"2\u00a0Minuten\" \/>\n<script type=\"application\/ld+json\" class=\"yoast-schema-graph\">{\"@context\":\"https:\\\/\\\/schema.org\",\"@graph\":[{\"@type\":\"WebPage\",\"@id\":\"https:\\\/\\\/spinsaharacasino.org\\\/de\\\/app\\\/\",\"url\":\"https:\\\/\\\/spinsaharacasino.org\\\/de\\\/app\\\/\",\"name\":\"Spinsahara Casino App | Download f\u00fcr iOS & Android\",\"isPartOf\":{\"@id\":\"https:\\\/\\\/spinsaharacasino.org\\\/de\\\/#website\"},\"datePublished\":\"2025-11-12T13:54:24+00:00\",\"dateModified\":\"2025-11-13T07:42:44+00:00\",\"description\":\"Greifen Sie \u00fcberall auf Ihre Lieblingsspiele zu. Mit der Spin Sahara Casino App f\u00fcr iOS und Android sind Ihre bevorzugten Slots und Tischspiele immer nur einen Fingertipp entfernt.\",\"breadcrumb\":{\"@id\":\"https:\\\/\\\/spinsaharacasino.org\\\/de\\\/app\\\/#breadcrumb\"},\"inLanguage\":\"de\",\"potentialAction\":[{\"@type\":\"ReadAction\",\"target\":[\"https:\\\/\\\/spinsaharacasino.org\\\/de\\\/app\\\/\"]}]},{\"@type\":\"BreadcrumbList\",\"@id\":\"https:\\\/\\\/spinsaharacasino.org\\\/de\\\/app\\\/#breadcrumb\",\"itemListElement\":[{\"@type\":\"ListItem\",\"position\":1,\"name\":\"Spinsahara\",\"item\":\"https:\\\/\\\/spinsaharacasino.org\\\/de\\\/\"},{\"@type\":\"ListItem\",\"position\":2,\"name\":\"App\"}]},{\"@type\":\"WebSite\",\"@id\":\"https:\\\/\\\/spinsaharacasino.org\\\/de\\\/#website\",\"url\":\"https:\\\/\\\/spinsaharacasino.org\\\/de\\\/\",\"name\":\"Spinsahara\",\"description\":\"\",\"publisher\":{\"@id\":\"https:\\\/\\\/spinsaharacasino.org\\\/de\\\/#organization\"},\"potentialAction\":[{\"@type\":\"SearchAction\",\"target\":{\"@type\":\"EntryPoint\",\"urlTemplate\":\"https:\\\/\\\/spinsaharacasino.org\\\/de\\\/?s={search_term_string}\"},\"query-input\":{\"@type\":\"PropertyValueSpecification\",\"valueRequired\":true,\"valueName\":\"search_term_string\"}}],\"inLanguage\":\"de\"},{\"@type\":\"Organization\",\"@id\":\"https:\\\/\\\/spinsaharacasino.org\\\/de\\\/#organization\",\"name\":\"Spinsahara\",\"url\":\"https:\\\/\\\/spinsaharacasino.org\\\/de\\\/\",\"logo\":{\"@type\":\"ImageObject\",\"inLanguage\":\"de\",\"@id\":\"https:\\\/\\\/spinsaharacasino.org\\\/de\\\/#\\\/schema\\\/logo\\\/image\\\/\",\"url\":\"https:\\\/\\\/spinsaharacasino.org\\\/wp-content\\\/uploads\\\/2025\\\/11\\\/logo.svg\",\"contentUrl\":\"https:\\\/\\\/spinsaharacasino.org\\\/wp-content\\\/uploads\\\/2025\\\/11\\\/logo.svg\",\"width\":160,\"height\":31,\"caption\":\"Spinsahara\"},\"image\":{\"@id\":\"https:\\\/\\\/spinsaharacasino.org\\\/de\\\/#\\\/schema\\\/logo\\\/image\\\/\"}}]}<\/script>\n<!-- \/ Yoast SEO plugin. -->","yoast_head_json":{"title":"Spinsahara Casino App | Download f\u00fcr iOS & Android","description":"Greifen Sie \u00fcberall auf Ihre Lieblingsspiele zu. Mit der Spin Sahara Casino App f\u00fcr iOS und Android sind Ihre bevorzugten Slots und Tischspiele immer nur einen Fingertipp entfernt.","robots":{"index":"index","follow":"follow","max-snippet":"max-snippet:-1","max-image-preview":"max-image-preview:large","max-video-preview":"max-video-preview:-1"},"canonical":"https:\/\/spinsaharacasino.org\/de\/app\/","og_locale":"de_DE","og_type":"article","og_title":"Spinsahara Casino App | Download f\u00fcr iOS & Android","og_description":"Greifen Sie \u00fcberall auf Ihre Lieblingsspiele zu. Mit der Spin Sahara Casino App f\u00fcr iOS und Android sind Ihre bevorzugten Slots und Tischspiele immer nur einen Fingertipp entfernt.","og_url":"https:\/\/spinsaharacasino.org\/de\/app\/","og_site_name":"spinsahara","article_modified_time":"2025-11-13T07:42:44+00:00","twitter_card":"summary_large_image","twitter_misc":{"Gesch\u00e4tzte Lesezeit":"2\u00a0Minuten"},"schema":{"@context":"https:\/\/schema.org","@graph":[{"@type":"WebPage","@id":"https:\/\/spinsaharacasino.org\/de\/app\/","url":"https:\/\/spinsaharacasino.org\/de\/app\/","name":"Spinsahara Casino App | Download f\u00fcr iOS & Android","isPartOf":{"@id":"https:\/\/spinsaharacasino.org\/de\/#website"},"datePublished":"2025-11-12T13:54:24+00:00","dateModified":"2025-11-13T07:42:44+00:00","description":"Greifen Sie \u00fcberall auf Ihre Lieblingsspiele zu. Mit der Spin Sahara Casino App f\u00fcr iOS und Android sind Ihre bevorzugten Slots und Tischspiele immer nur einen Fingertipp entfernt.","breadcrumb":{"@id":"https:\/\/spinsaharacasino.org\/de\/app\/#breadcrumb"},"inLanguage":"de","potentialAction":[{"@type":"ReadAction","target":["https:\/\/spinsaharacasino.org\/de\/app\/"]}]},{"@type":"BreadcrumbList","@id":"https:\/\/spinsaharacasino.org\/de\/app\/#breadcrumb","itemListElement":[{"@type":"ListItem","position":1,"name":"Spinsahara","item":"https:\/\/spinsaharacasino.org\/de\/"},{"@type":"ListItem","position":2,"name":"App"}]},{"@type":"WebSite","@id":"https:\/\/spinsaharacasino.org\/de\/#website","url":"https:\/\/spinsaharacasino.org\/de\/","name":"Spinsahara","description":"","publisher":{"@id":"https:\/\/spinsaharacasino.org\/de\/#organization"},"potentialAction":[{"@type":"SearchAction","target":{"@type":"EntryPoint","urlTemplate":"https:\/\/spinsaharacasino.org\/de\/?s={search_term_string}"},"query-input":{"@type":"PropertyValueSpecification","valueRequired":true,"valueName":"search_term_string"}}],"inLanguage":"de"},{"@type":"Organization","@id":"https:\/\/spinsaharacasino.org\/de\/#organization","name":"Spinsahara","url":"https:\/\/spinsaharacasino.org\/de\/","logo":{"@type":"ImageObject","inLanguage":"de","@id":"https:\/\/spinsaharacasino.org\/de\/#\/schema\/logo\/image\/","url":"https:\/\/spinsaharacasino.org\/wp-content\/uploads\/2025\/11\/logo.svg","contentUrl":"https:\/\/spinsaharacasino.org\/wp-content\/uploads\/2025\/11\/logo.svg","width":160,"height":31,"caption":"Spinsahara"},"image":{"@id":"https:\/\/spinsaharacasino.org\/de\/#\/schema\/logo\/image\/"}}]}},"_links":{"self":[{"href":"https:\/\/spinsaharacasino.org\/de\/wp-json\/wp\/v2\/pages\/1432","targetHints":{"allow":["GET"]}}],"collection":[{"href":"https:\/\/spinsaharacasino.org\/de\/wp-json\/wp\/v2\/pages"}],"about":[{"href":"https:\/\/spinsaharacasino.org\/de\/wp-json\/wp\/v2\/types\/page"}],"author":[{"embeddable":true,"href":"https:\/\/spinsaharacasino.org\/de\/wp-json\/wp\/v2\/users\/1"}],"replies":[{"embeddable":true,"href":"https:\/\/spinsaharacasino.org\/de\/wp-json\/wp\/v2\/comments?post=1432"}],"version-history":[{"count":3,"href":"https:\/\/spinsaharacasino.org\/de\/wp-json\/wp\/v2\/pages\/1432\/revisions"}],"predecessor-version":[{"id":1634,"href":"https:\/\/spinsaharacasino.org\/de\/wp-json\/wp\/v2\/pages\/1432\/revisions\/1634"}],"wp:attachment":[{"href":"https:\/\/spinsaharacasino.org\/de\/wp-json\/wp\/v2\/media?parent=1432"}],"curies":[{"name":"wp","href":"https:\/\/api.w.org\/{rel}","templated":true}]}}